{"id":10526,"date":"2025-06-12T08:15:34","date_gmt":"2025-06-12T07:15:34","guid":{"rendered":"https:\/\/brillancy.hu\/?post_type=product&#038;p=10526"},"modified":"2026-03-27T17:09:43","modified_gmt":"2026-03-27T16:09:43","slug":"eva-szecesszios-gyuru","status":"publish","type":"product","link":"https:\/\/brillancy.hu\/en\/product\/eva-szecesszios-gyuru\/","title":{"rendered":"Eva art nouveau ring"},"content":{"rendered":"<p><strong>Eva art nouveau ring<\/strong><\/p>\n<p>Soft, undulating lines, art nouveau style world is characterized by this beautiful\u00a0<strong>14 karat gold ring<\/strong>t. The brilliant cut white diamonds with blue and orange sapphire also decorate. This color combination is just a little brighter turns the jewelry. The different sizes (2 mm, 2,2 mm and 2.5 mm in diameter) gemstones player, irregular layout enhance the fabulous view. We offer all the traditional appearance instead of something formabont\u00f3bbra desire.<\/p>\n<ul>\n<li><b>Material:<\/b>\u00a0gold<\/li>\n<li><b>Fineness<\/b>: 585 thousandth, 14 carat<\/li>\n<li><b>Gemstone<\/b>: brilliant cut diamonds and sapphire<\/li>\n<\/ul>\n<p>&nbsp;<\/p>\n<p><strong>Eternal life guarantee:<\/strong>\u00a0the jewelry structure of the material errors and gems<\/p>\n<p>Can be ordered in yellow, white or rose gold colors. The jewel to the gift box optional.<\/p>\n<p><strong>Like the Virginia art nouveau ring, but other colors did you imagine it?<\/strong>\u00a0It&#039;s not a problem. We like to give an offer to the expected ideas. Find us confidence on the phone +36 30 539 1179 number, or the info@brillancy.hu e-mail address.<\/p>","protected":false},"excerpt":{"rendered":"<p>Eva art nouveau ring \u2013 smooth, undulating lines, art nouveau style world is characterized by this beautiful\u00a0<strong>14 karat gold ring<\/strong>t. The brilliant cut white diamonds with blue and orange sapphire can decorate<\/p>","protected":false},"featured_media":10203,"comment_status":"open","ping_status":"closed","template":"","meta":[],"product_brand":[],"product_cat":[57,19],"product_tag":[],"class_list":{"0":"post-10526","1":"product","2":"type-product","3":"status-publish","4":"has-post-thumbnail","6":"product_cat-art-nouveau","7":"product_cat-design-ekszerek","9":"first","10":"instock","11":"shipping-taxable","12":"purchasable","13":"product-type-simple"},"yoast_head":"<!-- This site is optimized with the Yoast SEO Premium plugin v27.0 (Yoast SEO v27.4) - https:\/\/yoast.com\/product\/yoast-seo-premium-wordpress\/ -->\n<title>Eva szecesszi\u00f3s gy\u0171r\u0171 - Brillancy<\/title>\n<meta name=\"description\" content=\"Eva szecesszi\u00f3s gy\u0171r\u0171 - L\u00e1gy, hull\u00e1mz\u00f3 vonalvezet\u00e9s, szecesszi\u00f3s st\u00edlusvil\u00e1g jellemzi ezt a mesesz\u00e9p\u00a014 kar\u00e1tos arany gy\u0171r\u0171t. A brili\u00e1ns csiszol\u00e1s\u00fa\" \/>\n<meta name=\"robots\" content=\"index, follow, max-snippet:-1, max-image-preview:large, max-video-preview:-1\" \/>\n<link rel=\"canonical\" href=\"https:\/\/brillancy.hu\/en\/product\/eva-szecesszios-gyuru\/\" \/>\n<meta property=\"og:locale\" content=\"en_GB\" \/>\n<meta property=\"og:type\" content=\"article\" \/>\n<meta property=\"og:title\" content=\"Eva szecesszi\u00f3s gy\u0171r\u0171\" \/>\n<meta property=\"og:description\" content=\"Eva szecesszi\u00f3s gy\u0171r\u0171 - L\u00e1gy, hull\u00e1mz\u00f3 vonalvezet\u00e9s, szecesszi\u00f3s st\u00edlusvil\u00e1g jellemzi ezt a mesesz\u00e9p\u00a014 kar\u00e1tos arany gy\u0171r\u0171t. A brili\u00e1ns csiszol\u00e1s\u00fa\" \/>\n<meta property=\"og:url\" content=\"https:\/\/brillancy.hu\/en\/product\/eva-szecesszios-gyuru\/\" \/>\n<meta property=\"og:site_name\" content=\"Brillancy\" \/>\n<meta property=\"article:modified_time\" content=\"2026-03-27T16:09:43+00:00\" \/>\n<meta property=\"og:image\" content=\"https:\/\/brillancy.hu\/wp-content\/uploads\/2025\/05\/eva-1.png\" \/>\n\t<meta property=\"og:image:width\" content=\"1232\" \/>\n\t<meta property=\"og:image:height\" content=\"928\" \/>\n\t<meta property=\"og:image:type\" content=\"image\/png\" \/>\n<meta name=\"twitter:card\" content=\"summary_large_image\" \/>\n<meta name=\"twitter:label1\" content=\"Estimated reading time\" \/>\n\t<meta name=\"twitter:data1\" content=\"1 minute\" \/>\n<script type=\"application\/ld+json\" class=\"yoast-schema-graph\">{\"@context\":\"https:\\\/\\\/schema.org\",\"@graph\":[{\"@type\":\"WebPage\",\"@id\":\"https:\\\/\\\/brillancy.hu\\\/product\\\/eva-szecesszios-gyuru\\\/\",\"url\":\"https:\\\/\\\/brillancy.hu\\\/product\\\/eva-szecesszios-gyuru\\\/\",\"name\":\"Eva szecesszi\u00f3s gy\u0171r\u0171 - Brillancy\",\"isPartOf\":{\"@id\":\"https:\\\/\\\/brillancy.hu\\\/#website\"},\"primaryImageOfPage\":{\"@id\":\"https:\\\/\\\/brillancy.hu\\\/product\\\/eva-szecesszios-gyuru\\\/#primaryimage\"},\"image\":{\"@id\":\"https:\\\/\\\/brillancy.hu\\\/product\\\/eva-szecesszios-gyuru\\\/#primaryimage\"},\"thumbnailUrl\":\"https:\\\/\\\/brillancy.hu\\\/wp-content\\\/uploads\\\/2025\\\/05\\\/eva-1.png\",\"datePublished\":\"2025-06-12T07:15:34+00:00\",\"dateModified\":\"2026-03-27T16:09:43+00:00\",\"description\":\"Eva szecesszi\u00f3s gy\u0171r\u0171 - L\u00e1gy, hull\u00e1mz\u00f3 vonalvezet\u00e9s, szecesszi\u00f3s st\u00edlusvil\u00e1g jellemzi ezt a mesesz\u00e9p\u00a014 kar\u00e1tos arany gy\u0171r\u0171t. A brili\u00e1ns csiszol\u00e1s\u00fa\",\"breadcrumb\":{\"@id\":\"https:\\\/\\\/brillancy.hu\\\/product\\\/eva-szecesszios-gyuru\\\/#breadcrumb\"},\"inLanguage\":\"en-GB\",\"potentialAction\":[{\"@type\":\"ReadAction\",\"target\":[\"https:\\\/\\\/brillancy.hu\\\/product\\\/eva-szecesszios-gyuru\\\/\"]}]},{\"@type\":\"ImageObject\",\"inLanguage\":\"en-GB\",\"@id\":\"https:\\\/\\\/brillancy.hu\\\/product\\\/eva-szecesszios-gyuru\\\/#primaryimage\",\"url\":\"https:\\\/\\\/brillancy.hu\\\/wp-content\\\/uploads\\\/2025\\\/05\\\/eva-1.png\",\"contentUrl\":\"https:\\\/\\\/brillancy.hu\\\/wp-content\\\/uploads\\\/2025\\\/05\\\/eva-1.png\",\"width\":1232,\"height\":928,\"caption\":\"Eva szecesszi\u00f3s gy\u0171r\u0171\"},{\"@type\":\"BreadcrumbList\",\"@id\":\"https:\\\/\\\/brillancy.hu\\\/product\\\/eva-szecesszios-gyuru\\\/#breadcrumb\",\"itemListElement\":[{\"@type\":\"ListItem\",\"position\":1,\"name\":\"Home\",\"item\":\"https:\\\/\\\/brillancy.hu\\\/\"},{\"@type\":\"ListItem\",\"position\":2,\"name\":\"Term\u00e9kek\",\"item\":\"https:\\\/\\\/brillancy.hu\\\/termekek\\\/\"},{\"@type\":\"ListItem\",\"position\":3,\"name\":\"Eva szecesszi\u00f3s gy\u0171r\u0171\"}]},{\"@type\":\"WebSite\",\"@id\":\"https:\\\/\\\/brillancy.hu\\\/#website\",\"url\":\"https:\\\/\\\/brillancy.hu\\\/\",\"name\":\"Brillancy\",\"description\":\"\",\"potentialAction\":[{\"@type\":\"SearchAction\",\"target\":{\"@type\":\"EntryPoint\",\"urlTemplate\":\"https:\\\/\\\/brillancy.hu\\\/?s={search_term_string}\"},\"query-input\":{\"@type\":\"PropertyValueSpecification\",\"valueRequired\":true,\"valueName\":\"search_term_string\"}}],\"inLanguage\":\"en-GB\"}]}<\/script>\n<!-- \/ Yoast SEO Premium plugin. -->","yoast_head_json":{"title":"Eva szecesszi\u00f3s gy\u0171r\u0171 - Brillancy","description":"Eva szecesszi\u00f3s gy\u0171r\u0171 - L\u00e1gy, hull\u00e1mz\u00f3 vonalvezet\u00e9s, szecesszi\u00f3s st\u00edlusvil\u00e1g jellemzi ezt a mesesz\u00e9p\u00a014 kar\u00e1tos arany gy\u0171r\u0171t. A brili\u00e1ns csiszol\u00e1s\u00fa","robots":{"index":"index","follow":"follow","max-snippet":"max-snippet:-1","max-image-preview":"max-image-preview:large","max-video-preview":"max-video-preview:-1"},"canonical":"https:\/\/brillancy.hu\/en\/product\/eva-szecesszios-gyuru\/","og_locale":"en_GB","og_type":"article","og_title":"Eva szecesszi\u00f3s gy\u0171r\u0171","og_description":"Eva szecesszi\u00f3s gy\u0171r\u0171 - L\u00e1gy, hull\u00e1mz\u00f3 vonalvezet\u00e9s, szecesszi\u00f3s st\u00edlusvil\u00e1g jellemzi ezt a mesesz\u00e9p\u00a014 kar\u00e1tos arany gy\u0171r\u0171t. A brili\u00e1ns csiszol\u00e1s\u00fa","og_url":"https:\/\/brillancy.hu\/en\/product\/eva-szecesszios-gyuru\/","og_site_name":"Brillancy","article_modified_time":"2026-03-27T16:09:43+00:00","og_image":[{"width":1232,"height":928,"url":"https:\/\/brillancy.hu\/wp-content\/uploads\/2025\/05\/eva-1.png","type":"image\/png"}],"twitter_card":"summary_large_image","twitter_misc":{"Estimated reading time":"1 minute"},"schema":{"@context":"https:\/\/schema.org","@graph":[{"@type":"WebPage","@id":"https:\/\/brillancy.hu\/product\/eva-szecesszios-gyuru\/","url":"https:\/\/brillancy.hu\/product\/eva-szecesszios-gyuru\/","name":"Eva szecesszi\u00f3s gy\u0171r\u0171 - Brillancy","isPartOf":{"@id":"https:\/\/brillancy.hu\/#website"},"primaryImageOfPage":{"@id":"https:\/\/brillancy.hu\/product\/eva-szecesszios-gyuru\/#primaryimage"},"image":{"@id":"https:\/\/brillancy.hu\/product\/eva-szecesszios-gyuru\/#primaryimage"},"thumbnailUrl":"https:\/\/brillancy.hu\/wp-content\/uploads\/2025\/05\/eva-1.png","datePublished":"2025-06-12T07:15:34+00:00","dateModified":"2026-03-27T16:09:43+00:00","description":"Eva szecesszi\u00f3s gy\u0171r\u0171 - L\u00e1gy, hull\u00e1mz\u00f3 vonalvezet\u00e9s, szecesszi\u00f3s st\u00edlusvil\u00e1g jellemzi ezt a mesesz\u00e9p\u00a014 kar\u00e1tos arany gy\u0171r\u0171t. A brili\u00e1ns csiszol\u00e1s\u00fa","breadcrumb":{"@id":"https:\/\/brillancy.hu\/product\/eva-szecesszios-gyuru\/#breadcrumb"},"inLanguage":"en-GB","potentialAction":[{"@type":"ReadAction","target":["https:\/\/brillancy.hu\/product\/eva-szecesszios-gyuru\/"]}]},{"@type":"ImageObject","inLanguage":"en-GB","@id":"https:\/\/brillancy.hu\/product\/eva-szecesszios-gyuru\/#primaryimage","url":"https:\/\/brillancy.hu\/wp-content\/uploads\/2025\/05\/eva-1.png","contentUrl":"https:\/\/brillancy.hu\/wp-content\/uploads\/2025\/05\/eva-1.png","width":1232,"height":928,"caption":"Eva szecesszi\u00f3s gy\u0171r\u0171"},{"@type":"BreadcrumbList","@id":"https:\/\/brillancy.hu\/product\/eva-szecesszios-gyuru\/#breadcrumb","itemListElement":[{"@type":"ListItem","position":1,"name":"Home","item":"https:\/\/brillancy.hu\/"},{"@type":"ListItem","position":2,"name":"Term\u00e9kek","item":"https:\/\/brillancy.hu\/termekek\/"},{"@type":"ListItem","position":3,"name":"Eva szecesszi\u00f3s gy\u0171r\u0171"}]},{"@type":"WebSite","@id":"https:\/\/brillancy.hu\/#website","url":"https:\/\/brillancy.hu\/","name":"Brillancy","description":"","potentialAction":[{"@type":"SearchAction","target":{"@type":"EntryPoint","urlTemplate":"https:\/\/brillancy.hu\/?s={search_term_string}"},"query-input":{"@type":"PropertyValueSpecification","valueRequired":true,"valueName":"search_term_string"}}],"inLanguage":"en-GB"}]}},"_links":{"self":[{"href":"https:\/\/brillancy.hu\/en\/wp-json\/wp\/v2\/product\/10526","targetHints":{"allow":["GET"]}}],"collection":[{"href":"https:\/\/brillancy.hu\/en\/wp-json\/wp\/v2\/product"}],"about":[{"href":"https:\/\/brillancy.hu\/en\/wp-json\/wp\/v2\/types\/product"}],"replies":[{"embeddable":true,"href":"https:\/\/brillancy.hu\/en\/wp-json\/wp\/v2\/comments?post=10526"}],"wp:featuredmedia":[{"embeddable":true,"href":"https:\/\/brillancy.hu\/en\/wp-json\/wp\/v2\/media\/10203"}],"wp:attachment":[{"href":"https:\/\/brillancy.hu\/en\/wp-json\/wp\/v2\/media?parent=10526"}],"wp:term":[{"taxonomy":"product_brand","embeddable":true,"href":"https:\/\/brillancy.hu\/en\/wp-json\/wp\/v2\/product_brand?post=10526"},{"taxonomy":"product_cat","embeddable":true,"href":"https:\/\/brillancy.hu\/en\/wp-json\/wp\/v2\/product_cat?post=10526"},{"taxonomy":"product_tag","embeddable":true,"href":"https:\/\/brillancy.hu\/en\/wp-json\/wp\/v2\/product_tag?post=10526"}],"curies":[{"name":"wp","href":"https:\/\/api.w.org\/{rel}","templated":true}]}}