{"id":10525,"date":"2025-06-12T08:07:37","date_gmt":"2025-06-12T07:07:37","guid":{"rendered":"https:\/\/brillancy.hu\/?post_type=product&#038;p=10525"},"modified":"2026-02-25T14:23:48","modified_gmt":"2026-02-25T13:23:48","slug":"ariadne-arany-gyuru","status":"publish","type":"product","link":"https:\/\/brillancy.hu\/en\/product\/ariadne-arany-gyuru\/","title":{"rendered":"Ariadne arany gy\u0171r\u0171"},"content":{"rendered":"<p><strong>Ariadne aranygy\u0171r\u0171<\/strong><\/p>\n<p>A stunning tourmaline-adorned ring, one of our most beautiful models.<\/p>\n<p>Gy\u0171r\u0171inket egyedileg, szem\u00e9lyre szabva k\u00e9sz\u00edtj\u00fck. A dr\u00e1gak\u00f6veket az adott \u00e9kszerhez v\u00e1logatjuk, csiszoljuk, \u00edgy \u00e9rdemes megrendel\u00e9skor \u00e9rdekl\u0151dni, hogy mekkora, \u00e9s milyen form\u00e1j\u00fa, sz\u00edn\u0171 k\u00f6vet tudunk beletenni. Ezt a csod\u00e1s smaragd gy\u0171r\u0171t Limit\u00e1lt mennyis\u00e9gben tudjuk k\u00e9sz\u00edteni, mert ebb\u0151l a m\u00e9ret\u0171, form\u00e1j\u00fa, sz\u00edn\u0171 smaragdb\u00f3l nagyon kev\u00e9s \u00e1ll rendelkez\u00e9sre. Amennyiben van konkr\u00e9t elk\u00e9pzel\u00e9sed, vagy pont ilyet szeretn\u00e9l, elk\u00e9pzelhet\u0151 hogy kicsit t\u00f6bbet kell r\u00e1 v\u00e1rnod. Sz\u00edvesen adunk aj\u00e1nlatot m\u00e1s dr\u00e1gak\u00f6vekre is, vagy gyere be \u00fczlet\u00fcnkbe, \u00e9s n\u00e9zd meg dr\u00e1gak\u00f6veinket \u00e9l\u0151ben.<\/p>\n<p><strong>Allure romance style, soft lines, and the gems t\u00fcnd\u00f6k\u00f6l\u00e9s\u00e9nek to thank for that.<\/strong>\u00a0Those ladies are the perfect choice for who want to stand out and femininity to stress with this exceptional jewelry with wonder.<\/p>\n<ul>\n<li><strong>Material:<\/strong>\u00a0gold<\/li>\n<li><strong>Fineness<\/strong>: 585 thousandth, 14 carat<\/li>\n<li><strong>Gemstone<\/strong>: smaragd\/ turmalin \/<\/li>\n<\/ul>\n<p><strong>Eternal life guarantee:<\/strong>\u00a0the jewelry structure of the material errors and gems<\/p>\n<p><strong>Free renewal:<\/strong>\u00a0We take your diamond ring, free scratch-free sales of and purification of five times (once a year) the purchase within five years.<\/p>\n<p><strong>Free size adjustment:\u00a0<\/strong>If you haven&#039;t found the correct size, we will take the ring free size adjustments.<\/p>\n<p><strong>Gift box:\u00a0<\/strong>The ring is a gift in the box set, and several kinds of colors You can pick out!<\/p>\n<p><strong>Pay scrap gold<\/strong>\u00a0Damaged, old, or never used gold hiding at home in the cupboards? Bring it in to us and high count For the selected diamond ring price.<\/p>\n<p><strong>Tetszik az Ariadne gy\u0171r\u0171, de m\u00e1s sz\u00edn\u0171 dr\u00e1gak\u0151vel k\u00e9pzelted el? N\u00e1lunk ez nem gond. Sz\u00edvesen adunk aj\u00e1nlatot a meg\u00e1lmodott \u00f6tleteidre. Keress minket bizalommal telefonon a +36 30 539 1179 sz\u00e1mon, vagy az <\/strong><a href=\"mailto:info@brillancy.hu\"><strong>info@brillancy.hu<\/strong><\/a><strong>\u00a0e-mail address.<\/strong><\/p>","protected":false},"excerpt":{"rendered":"<p><strong>Ariadne emerald ring<\/strong><\/p>\n<p>Leny\u0171g\u00f6z\u0151 smaragddal d\u00edsz\u00edtett gy\u0171r\u0171, mely a legszebb modelljeink k\u00f6z\u00fcl val\u00f3. Vonzerej\u00e9t romantikus st\u00edlus\u00e1nak,k\u00f6sz\u00f6nheti.<\/p>","protected":false},"featured_media":11851,"comment_status":"open","ping_status":"closed","template":"","meta":[],"product_brand":[],"product_cat":[19,35,17,40,43,126],"product_tag":[],"class_list":{"0":"post-10525","1":"product","2":"type-product","3":"status-publish","4":"has-post-thumbnail","6":"product_cat-design-ekszerek","7":"product_cat-egykoves","8":"product_cat-eljegyzesi-gyuruk","9":"product_cat-smaragd","10":"product_cat-turmalin","11":"product_cat-vintage","13":"first","14":"instock","15":"shipping-taxable","16":"purchasable","17":"product-type-simple"},"yoast_head":"<!-- This site is optimized with the Yoast SEO Premium plugin v27.0 (Yoast SEO v27.0) - https:\/\/yoast.com\/product\/yoast-seo-premium-wordpress\/ -->\n<title>Ariadne arany gy\u0171r\u0171 - Brillancy<\/title>\n<meta name=\"description\" content=\"Ariadne arany gy\u0171r\u0171-Leny\u0171g\u00f6z\u0151 smaragddal d\u00edsz\u00edtett gy\u0171r\u0171, mely a legszebb modelljeink k\u00f6z\u00fcl val\u00f3. Vonzerej\u00e9t romantikus st\u00edlus\u00e1nak,k\u00f6sz\u00f6nheti.\" \/>\n<meta name=\"robots\" content=\"index, follow, max-snippet:-1, max-image-preview:large, max-video-preview:-1\" \/>\n<link rel=\"canonical\" href=\"https:\/\/brillancy.hu\/en\/product\/ariadne-arany-gyuru\/\" \/>\n<meta property=\"og:locale\" content=\"en_GB\" \/>\n<meta property=\"og:type\" content=\"article\" \/>\n<meta property=\"og:title\" content=\"Ariadne arany gy\u0171r\u0171\" \/>\n<meta property=\"og:description\" content=\"Ariadne arany gy\u0171r\u0171-Leny\u0171g\u00f6z\u0151 smaragddal d\u00edsz\u00edtett gy\u0171r\u0171, mely a legszebb modelljeink k\u00f6z\u00fcl val\u00f3. Vonzerej\u00e9t romantikus st\u00edlus\u00e1nak,k\u00f6sz\u00f6nheti.\" \/>\n<meta property=\"og:url\" content=\"https:\/\/brillancy.hu\/en\/product\/ariadne-arany-gyuru\/\" \/>\n<meta property=\"og:site_name\" content=\"Brillancy\" \/>\n<meta property=\"article:modified_time\" content=\"2026-02-25T13:23:48+00:00\" \/>\n<meta property=\"og:image\" content=\"https:\/\/brillancy.hu\/wp-content\/uploads\/2025\/06\/arieande.1-683x1024.png\" \/>\n\t<meta property=\"og:image:width\" content=\"683\" \/>\n\t<meta property=\"og:image:height\" content=\"1024\" \/>\n\t<meta property=\"og:image:type\" content=\"image\/png\" \/>\n<meta name=\"twitter:card\" content=\"summary_large_image\" \/>\n<meta name=\"twitter:label1\" content=\"Estimated reading time\" \/>\n\t<meta name=\"twitter:data1\" content=\"2 minutes\" \/>\n<script type=\"application\/ld+json\" class=\"yoast-schema-graph\">{\"@context\":\"https:\/\/schema.org\",\"@graph\":[{\"@type\":\"WebPage\",\"@id\":\"https:\/\/brillancy.hu\/product\/ariadne-arany-gyuru\/\",\"url\":\"https:\/\/brillancy.hu\/product\/ariadne-arany-gyuru\/\",\"name\":\"Ariadne arany gy\u0171r\u0171 - Brillancy\",\"isPartOf\":{\"@id\":\"https:\/\/brillancy.hu\/#website\"},\"primaryImageOfPage\":{\"@id\":\"https:\/\/brillancy.hu\/product\/ariadne-arany-gyuru\/#primaryimage\"},\"image\":{\"@id\":\"https:\/\/brillancy.hu\/product\/ariadne-arany-gyuru\/#primaryimage\"},\"thumbnailUrl\":\"https:\/\/brillancy.hu\/wp-content\/uploads\/2025\/06\/arieande.1.png\",\"datePublished\":\"2025-06-12T07:07:37+00:00\",\"dateModified\":\"2026-02-25T13:23:48+00:00\",\"description\":\"Ariadne arany gy\u0171r\u0171-Leny\u0171g\u00f6z\u0151 smaragddal d\u00edsz\u00edtett gy\u0171r\u0171, mely a legszebb modelljeink k\u00f6z\u00fcl val\u00f3. Vonzerej\u00e9t romantikus st\u00edlus\u00e1nak,k\u00f6sz\u00f6nheti.\",\"breadcrumb\":{\"@id\":\"https:\/\/brillancy.hu\/product\/ariadne-arany-gyuru\/#breadcrumb\"},\"inLanguage\":\"en-GB\",\"potentialAction\":[{\"@type\":\"ReadAction\",\"target\":[\"https:\/\/brillancy.hu\/product\/ariadne-arany-gyuru\/\"]}]},{\"@type\":\"ImageObject\",\"inLanguage\":\"en-GB\",\"@id\":\"https:\/\/brillancy.hu\/product\/ariadne-arany-gyuru\/#primaryimage\",\"url\":\"https:\/\/brillancy.hu\/wp-content\/uploads\/2025\/06\/arieande.1.png\",\"contentUrl\":\"https:\/\/brillancy.hu\/wp-content\/uploads\/2025\/06\/arieande.1.png\",\"width\":1024,\"height\":1536,\"caption\":\"Ariadne arany gy\u0171r\u0171\"},{\"@type\":\"BreadcrumbList\",\"@id\":\"https:\/\/brillancy.hu\/product\/ariadne-arany-gyuru\/#breadcrumb\",\"itemListElement\":[{\"@type\":\"ListItem\",\"position\":1,\"name\":\"Home\",\"item\":\"https:\/\/brillancy.hu\/\"},{\"@type\":\"ListItem\",\"position\":2,\"name\":\"Term\u00e9kek\",\"item\":\"https:\/\/brillancy.hu\/termekek\/\"},{\"@type\":\"ListItem\",\"position\":3,\"name\":\"Ariadne arany gy\u0171r\u0171\"}]},{\"@type\":\"WebSite\",\"@id\":\"https:\/\/brillancy.hu\/#website\",\"url\":\"https:\/\/brillancy.hu\/\",\"name\":\"Brillancy\",\"description\":\"\",\"potentialAction\":[{\"@type\":\"SearchAction\",\"target\":{\"@type\":\"EntryPoint\",\"urlTemplate\":\"https:\/\/brillancy.hu\/?s={search_term_string}\"},\"query-input\":{\"@type\":\"PropertyValueSpecification\",\"valueRequired\":true,\"valueName\":\"search_term_string\"}}],\"inLanguage\":\"en-GB\"}]}<\/script>\n<!-- \/ Yoast SEO Premium plugin. -->","yoast_head_json":{"title":"Ariadne arany gy\u0171r\u0171 - Brillancy","description":"Ariadne arany gy\u0171r\u0171-Leny\u0171g\u00f6z\u0151 smaragddal d\u00edsz\u00edtett gy\u0171r\u0171, mely a legszebb modelljeink k\u00f6z\u00fcl val\u00f3. Vonzerej\u00e9t romantikus st\u00edlus\u00e1nak,k\u00f6sz\u00f6nheti.","robots":{"index":"index","follow":"follow","max-snippet":"max-snippet:-1","max-image-preview":"max-image-preview:large","max-video-preview":"max-video-preview:-1"},"canonical":"https:\/\/brillancy.hu\/en\/product\/ariadne-arany-gyuru\/","og_locale":"en_GB","og_type":"article","og_title":"Ariadne arany gy\u0171r\u0171","og_description":"Ariadne arany gy\u0171r\u0171-Leny\u0171g\u00f6z\u0151 smaragddal d\u00edsz\u00edtett gy\u0171r\u0171, mely a legszebb modelljeink k\u00f6z\u00fcl val\u00f3. Vonzerej\u00e9t romantikus st\u00edlus\u00e1nak,k\u00f6sz\u00f6nheti.","og_url":"https:\/\/brillancy.hu\/en\/product\/ariadne-arany-gyuru\/","og_site_name":"Brillancy","article_modified_time":"2026-02-25T13:23:48+00:00","og_image":[{"width":683,"height":1024,"url":"https:\/\/brillancy.hu\/wp-content\/uploads\/2025\/06\/arieande.1-683x1024.png","type":"image\/png"}],"twitter_card":"summary_large_image","twitter_misc":{"Estimated reading time":"2 minutes"},"schema":{"@context":"https:\/\/schema.org","@graph":[{"@type":"WebPage","@id":"https:\/\/brillancy.hu\/product\/ariadne-arany-gyuru\/","url":"https:\/\/brillancy.hu\/product\/ariadne-arany-gyuru\/","name":"Ariadne arany gy\u0171r\u0171 - Brillancy","isPartOf":{"@id":"https:\/\/brillancy.hu\/#website"},"primaryImageOfPage":{"@id":"https:\/\/brillancy.hu\/product\/ariadne-arany-gyuru\/#primaryimage"},"image":{"@id":"https:\/\/brillancy.hu\/product\/ariadne-arany-gyuru\/#primaryimage"},"thumbnailUrl":"https:\/\/brillancy.hu\/wp-content\/uploads\/2025\/06\/arieande.1.png","datePublished":"2025-06-12T07:07:37+00:00","dateModified":"2026-02-25T13:23:48+00:00","description":"Ariadne arany gy\u0171r\u0171-Leny\u0171g\u00f6z\u0151 smaragddal d\u00edsz\u00edtett gy\u0171r\u0171, mely a legszebb modelljeink k\u00f6z\u00fcl val\u00f3. Vonzerej\u00e9t romantikus st\u00edlus\u00e1nak,k\u00f6sz\u00f6nheti.","breadcrumb":{"@id":"https:\/\/brillancy.hu\/product\/ariadne-arany-gyuru\/#breadcrumb"},"inLanguage":"en-GB","potentialAction":[{"@type":"ReadAction","target":["https:\/\/brillancy.hu\/product\/ariadne-arany-gyuru\/"]}]},{"@type":"ImageObject","inLanguage":"en-GB","@id":"https:\/\/brillancy.hu\/product\/ariadne-arany-gyuru\/#primaryimage","url":"https:\/\/brillancy.hu\/wp-content\/uploads\/2025\/06\/arieande.1.png","contentUrl":"https:\/\/brillancy.hu\/wp-content\/uploads\/2025\/06\/arieande.1.png","width":1024,"height":1536,"caption":"Ariadne arany gy\u0171r\u0171"},{"@type":"BreadcrumbList","@id":"https:\/\/brillancy.hu\/product\/ariadne-arany-gyuru\/#breadcrumb","itemListElement":[{"@type":"ListItem","position":1,"name":"Home","item":"https:\/\/brillancy.hu\/"},{"@type":"ListItem","position":2,"name":"Term\u00e9kek","item":"https:\/\/brillancy.hu\/termekek\/"},{"@type":"ListItem","position":3,"name":"Ariadne arany gy\u0171r\u0171"}]},{"@type":"WebSite","@id":"https:\/\/brillancy.hu\/#website","url":"https:\/\/brillancy.hu\/","name":"Brillancy","description":"","potentialAction":[{"@type":"SearchAction","target":{"@type":"EntryPoint","urlTemplate":"https:\/\/brillancy.hu\/?s={search_term_string}"},"query-input":{"@type":"PropertyValueSpecification","valueRequired":true,"valueName":"search_term_string"}}],"inLanguage":"en-GB"}]}},"_links":{"self":[{"href":"https:\/\/brillancy.hu\/en\/wp-json\/wp\/v2\/product\/10525","targetHints":{"allow":["GET"]}}],"collection":[{"href":"https:\/\/brillancy.hu\/en\/wp-json\/wp\/v2\/product"}],"about":[{"href":"https:\/\/brillancy.hu\/en\/wp-json\/wp\/v2\/types\/product"}],"replies":[{"embeddable":true,"href":"https:\/\/brillancy.hu\/en\/wp-json\/wp\/v2\/comments?post=10525"}],"wp:featuredmedia":[{"embeddable":true,"href":"https:\/\/brillancy.hu\/en\/wp-json\/wp\/v2\/media\/11851"}],"wp:attachment":[{"href":"https:\/\/brillancy.hu\/en\/wp-json\/wp\/v2\/media?parent=10525"}],"wp:term":[{"taxonomy":"product_brand","embeddable":true,"href":"https:\/\/brillancy.hu\/en\/wp-json\/wp\/v2\/product_brand?post=10525"},{"taxonomy":"product_cat","embeddable":true,"href":"https:\/\/brillancy.hu\/en\/wp-json\/wp\/v2\/product_cat?post=10525"},{"taxonomy":"product_tag","embeddable":true,"href":"https:\/\/brillancy.hu\/en\/wp-json\/wp\/v2\/product_tag?post=10525"}],"curies":[{"name":"wp","href":"https:\/\/api.w.org\/{rel}","templated":true}]}}