{"id":10501,"date":"2025-06-11T16:09:06","date_gmt":"2025-06-11T15:09:06","guid":{"rendered":"https:\/\/brillancy.hu\/?post_type=product&#038;p=10501"},"modified":"2025-10-17T10:56:11","modified_gmt":"2025-10-17T09:56:11","slug":"lorena-arany-eljegyzesi-gyuru","status":"publish","type":"product","link":"https:\/\/brillancy.hu\/en\/product\/lorena-arany-eljegyzesi-gyuru\/","title":{"rendered":"Lorena gold engagement ring"},"content":{"rendered":"<p><strong>Lorena gold engagement ring<\/strong><\/p>\n<p><strong>The designer&#039;s recommendation:<\/strong><\/p>\n<p>A charming and also elegant appearance\u00a0<strong>14 karat gold engagement ring\u00a0<\/strong>which has a thin, graceful lines of the finite like it&#039;s all connected. The splitting gy\u0171r\u0171s\u00edn the four-claw slot at united, in which eg<strong>y brilliant cut, 2.5 mm in diameter, 0,07 ct-os, sapphire <\/strong>shine. The gemstone&#039;s deep blue color, beauty and the form world&#039;s airy lightness of a popular model. We recommend it for those who are modest, yet special jewelry they want, and who are comfortable to wear is also important. The ring with the infinity symbol eternity, symbolizing silhouette can be observed, making it a perfect choice for your beloved lady&#039;s heart to conquer.<\/p>\n<ul>\n<li><strong>Material:<\/strong>\u00a0gold<\/li>\n<li><strong>Fineness<\/strong>: 585 thousandth, 14 carat<\/li>\n<li><strong>Gemstone<\/strong>: brilliant cut sapphire<\/li>\n<\/ul>\n<p>&nbsp;<\/p>\n<p><strong>Eternal life guarantee:<\/strong>\u00a0the jewelry structure of the material errors and gems<\/p>\n<p><strong>Free renewal:<\/strong>\u00a0We take your engagement ring free scratch-free sales of and purification of five times (once a year) the purchase within five years.<\/p>\n<p><strong>Free size adjustment:\u00a0<\/strong>If you haven&#039;t found the correct size, we will take the ring free size adjustments.<\/p>\n<p><strong>Gift box:\u00a0<\/strong>The ring is a gift in the box set, and several kinds of colors You can pick out!<\/p>\n<p><strong>Pay scrap gold<\/strong>\u00a0Damaged, old, or never used gold hiding at home in the cupboards? Bring it in to us and high count For the selected engagement ring price.<\/p>\n<p><strong>I like the Lorena gold engagement ring, but a different size<\/strong><strong>maybe a different color gems did you imagine it? It&#039;s not a problem. We like to give an offer to the expected ideas. Find us confidence on the phone +36 30 539 1179 number, or the\u00a0<\/strong><a href=\"mailto:info@brillancy.hu\"><strong>info@brillancy.hu<\/strong><\/a><strong>\u00a0e-mail address.<\/strong><\/p>","protected":false},"excerpt":{"rendered":"<p>14 karat gold engagement ring, brilliant cut blue sapphire decorated<\/p>","protected":false},"featured_media":10561,"comment_status":"open","ping_status":"closed","template":"","meta":[],"product_brand":[],"product_cat":[35,17,34,42],"product_tag":[],"class_list":{"0":"post-10501","1":"product","2":"type-product","3":"status-publish","4":"has-post-thumbnail","6":"product_cat-egykoves","7":"product_cat-eljegyzesi-gyuruk","8":"product_cat-kreativ","9":"product_cat-zafir","11":"first","12":"instock","13":"shipping-taxable","14":"purchasable","15":"product-type-simple"},"yoast_head":"<!-- This site is optimized with the Yoast SEO Premium plugin v27.0 (Yoast SEO v27.4) - https:\/\/yoast.com\/product\/yoast-seo-premium-wordpress\/ -->\n<title>Lorena arany eljegyz\u00e9si gy\u0171r\u0171 - Brillancy<\/title>\n<meta name=\"description\" content=\"Lorena arany eljegyz\u00e9si gy\u0171r\u0171 n\u00e9gykarmos foglalat\u00e1ba egy brili\u00e1ns csiszol\u00e1s\u00fa, 2,5 mm \u00e1tm\u00e9r\u0151j\u0171, 0,07 ct-os, zaf\u00edr t\u00fcnd\u00f6k\u00f6l.\" \/>\n<meta name=\"robots\" content=\"index, follow, max-snippet:-1, max-image-preview:large, max-video-preview:-1\" \/>\n<link rel=\"canonical\" href=\"https:\/\/brillancy.hu\/en\/product\/lorena-arany-eljegyzesi-gyuru\/\" \/>\n<meta property=\"og:locale\" content=\"en_GB\" \/>\n<meta property=\"og:type\" content=\"article\" \/>\n<meta property=\"og:title\" content=\"Lorena arany eljegyz\u00e9si gy\u0171r\u0171\" \/>\n<meta property=\"og:description\" content=\"Lorena arany eljegyz\u00e9si gy\u0171r\u0171 n\u00e9gykarmos foglalat\u00e1ba egy brili\u00e1ns csiszol\u00e1s\u00fa, 2,5 mm \u00e1tm\u00e9r\u0151j\u0171, 0,07 ct-os, zaf\u00edr t\u00fcnd\u00f6k\u00f6l.\" \/>\n<meta property=\"og:url\" content=\"https:\/\/brillancy.hu\/en\/product\/lorena-arany-eljegyzesi-gyuru\/\" \/>\n<meta property=\"og:site_name\" content=\"Brillancy\" \/>\n<meta property=\"article:modified_time\" content=\"2025-10-17T09:56:11+00:00\" \/>\n<meta property=\"og:image\" content=\"https:\/\/brillancy.hu\/wp-content\/uploads\/2025\/06\/20250613_1554_Realistic-Sapphire-Ring-Elegance_remix_01jxms1wvqfn1s8qn90rdzdh77.png\" \/>\n\t<meta property=\"og:image:width\" content=\"1024\" \/>\n\t<meta property=\"og:image:height\" content=\"1024\" \/>\n\t<meta property=\"og:image:type\" content=\"image\/png\" \/>\n<meta name=\"twitter:card\" content=\"summary_large_image\" \/>\n<meta name=\"twitter:label1\" content=\"Estimated reading time\" \/>\n\t<meta name=\"twitter:data1\" content=\"2 minutes\" \/>\n<script type=\"application\/ld+json\" class=\"yoast-schema-graph\">{\"@context\":\"https:\\\/\\\/schema.org\",\"@graph\":[{\"@type\":\"WebPage\",\"@id\":\"https:\\\/\\\/brillancy.hu\\\/product\\\/lorena-arany-eljegyzesi-gyuru\\\/\",\"url\":\"https:\\\/\\\/brillancy.hu\\\/product\\\/lorena-arany-eljegyzesi-gyuru\\\/\",\"name\":\"Lorena arany eljegyz\u00e9si gy\u0171r\u0171 - Brillancy\",\"isPartOf\":{\"@id\":\"https:\\\/\\\/brillancy.hu\\\/#website\"},\"primaryImageOfPage\":{\"@id\":\"https:\\\/\\\/brillancy.hu\\\/product\\\/lorena-arany-eljegyzesi-gyuru\\\/#primaryimage\"},\"image\":{\"@id\":\"https:\\\/\\\/brillancy.hu\\\/product\\\/lorena-arany-eljegyzesi-gyuru\\\/#primaryimage\"},\"thumbnailUrl\":\"https:\\\/\\\/brillancy.hu\\\/wp-content\\\/uploads\\\/2025\\\/06\\\/20250613_1554_Realistic-Sapphire-Ring-Elegance_remix_01jxms1wvqfn1s8qn90rdzdh77.png\",\"datePublished\":\"2025-06-11T15:09:06+00:00\",\"dateModified\":\"2025-10-17T09:56:11+00:00\",\"description\":\"Lorena arany eljegyz\u00e9si gy\u0171r\u0171 n\u00e9gykarmos foglalat\u00e1ba egy brili\u00e1ns csiszol\u00e1s\u00fa, 2,5 mm \u00e1tm\u00e9r\u0151j\u0171, 0,07 ct-os, zaf\u00edr t\u00fcnd\u00f6k\u00f6l.\",\"breadcrumb\":{\"@id\":\"https:\\\/\\\/brillancy.hu\\\/product\\\/lorena-arany-eljegyzesi-gyuru\\\/#breadcrumb\"},\"inLanguage\":\"en-GB\",\"potentialAction\":[{\"@type\":\"ReadAction\",\"target\":[\"https:\\\/\\\/brillancy.hu\\\/product\\\/lorena-arany-eljegyzesi-gyuru\\\/\"]}]},{\"@type\":\"ImageObject\",\"inLanguage\":\"en-GB\",\"@id\":\"https:\\\/\\\/brillancy.hu\\\/product\\\/lorena-arany-eljegyzesi-gyuru\\\/#primaryimage\",\"url\":\"https:\\\/\\\/brillancy.hu\\\/wp-content\\\/uploads\\\/2025\\\/06\\\/20250613_1554_Realistic-Sapphire-Ring-Elegance_remix_01jxms1wvqfn1s8qn90rdzdh77.png\",\"contentUrl\":\"https:\\\/\\\/brillancy.hu\\\/wp-content\\\/uploads\\\/2025\\\/06\\\/20250613_1554_Realistic-Sapphire-Ring-Elegance_remix_01jxms1wvqfn1s8qn90rdzdh77.png\",\"width\":1024,\"height\":1024,\"caption\":\"Lorena arany eljegyz\u00e9si gy\u0171r\u0171\"},{\"@type\":\"BreadcrumbList\",\"@id\":\"https:\\\/\\\/brillancy.hu\\\/product\\\/lorena-arany-eljegyzesi-gyuru\\\/#breadcrumb\",\"itemListElement\":[{\"@type\":\"ListItem\",\"position\":1,\"name\":\"Home\",\"item\":\"https:\\\/\\\/brillancy.hu\\\/\"},{\"@type\":\"ListItem\",\"position\":2,\"name\":\"Term\u00e9kek\",\"item\":\"https:\\\/\\\/brillancy.hu\\\/termekek\\\/\"},{\"@type\":\"ListItem\",\"position\":3,\"name\":\"Lorena arany eljegyz\u00e9si gy\u0171r\u0171\"}]},{\"@type\":\"WebSite\",\"@id\":\"https:\\\/\\\/brillancy.hu\\\/#website\",\"url\":\"https:\\\/\\\/brillancy.hu\\\/\",\"name\":\"Brillancy\",\"description\":\"\",\"potentialAction\":[{\"@type\":\"SearchAction\",\"target\":{\"@type\":\"EntryPoint\",\"urlTemplate\":\"https:\\\/\\\/brillancy.hu\\\/?s={search_term_string}\"},\"query-input\":{\"@type\":\"PropertyValueSpecification\",\"valueRequired\":true,\"valueName\":\"search_term_string\"}}],\"inLanguage\":\"en-GB\"}]}<\/script>\n<!-- \/ Yoast SEO Premium plugin. -->","yoast_head_json":{"title":"Lorena arany eljegyz\u00e9si gy\u0171r\u0171 - Brillancy","description":"Lorena arany eljegyz\u00e9si gy\u0171r\u0171 n\u00e9gykarmos foglalat\u00e1ba egy brili\u00e1ns csiszol\u00e1s\u00fa, 2,5 mm \u00e1tm\u00e9r\u0151j\u0171, 0,07 ct-os, zaf\u00edr t\u00fcnd\u00f6k\u00f6l.","robots":{"index":"index","follow":"follow","max-snippet":"max-snippet:-1","max-image-preview":"max-image-preview:large","max-video-preview":"max-video-preview:-1"},"canonical":"https:\/\/brillancy.hu\/en\/product\/lorena-arany-eljegyzesi-gyuru\/","og_locale":"en_GB","og_type":"article","og_title":"Lorena arany eljegyz\u00e9si gy\u0171r\u0171","og_description":"Lorena arany eljegyz\u00e9si gy\u0171r\u0171 n\u00e9gykarmos foglalat\u00e1ba egy brili\u00e1ns csiszol\u00e1s\u00fa, 2,5 mm \u00e1tm\u00e9r\u0151j\u0171, 0,07 ct-os, zaf\u00edr t\u00fcnd\u00f6k\u00f6l.","og_url":"https:\/\/brillancy.hu\/en\/product\/lorena-arany-eljegyzesi-gyuru\/","og_site_name":"Brillancy","article_modified_time":"2025-10-17T09:56:11+00:00","og_image":[{"width":1024,"height":1024,"url":"https:\/\/brillancy.hu\/wp-content\/uploads\/2025\/06\/20250613_1554_Realistic-Sapphire-Ring-Elegance_remix_01jxms1wvqfn1s8qn90rdzdh77.png","type":"image\/png"}],"twitter_card":"summary_large_image","twitter_misc":{"Estimated reading time":"2 minutes"},"schema":{"@context":"https:\/\/schema.org","@graph":[{"@type":"WebPage","@id":"https:\/\/brillancy.hu\/product\/lorena-arany-eljegyzesi-gyuru\/","url":"https:\/\/brillancy.hu\/product\/lorena-arany-eljegyzesi-gyuru\/","name":"Lorena arany eljegyz\u00e9si gy\u0171r\u0171 - Brillancy","isPartOf":{"@id":"https:\/\/brillancy.hu\/#website"},"primaryImageOfPage":{"@id":"https:\/\/brillancy.hu\/product\/lorena-arany-eljegyzesi-gyuru\/#primaryimage"},"image":{"@id":"https:\/\/brillancy.hu\/product\/lorena-arany-eljegyzesi-gyuru\/#primaryimage"},"thumbnailUrl":"https:\/\/brillancy.hu\/wp-content\/uploads\/2025\/06\/20250613_1554_Realistic-Sapphire-Ring-Elegance_remix_01jxms1wvqfn1s8qn90rdzdh77.png","datePublished":"2025-06-11T15:09:06+00:00","dateModified":"2025-10-17T09:56:11+00:00","description":"Lorena arany eljegyz\u00e9si gy\u0171r\u0171 n\u00e9gykarmos foglalat\u00e1ba egy brili\u00e1ns csiszol\u00e1s\u00fa, 2,5 mm \u00e1tm\u00e9r\u0151j\u0171, 0,07 ct-os, zaf\u00edr t\u00fcnd\u00f6k\u00f6l.","breadcrumb":{"@id":"https:\/\/brillancy.hu\/product\/lorena-arany-eljegyzesi-gyuru\/#breadcrumb"},"inLanguage":"en-GB","potentialAction":[{"@type":"ReadAction","target":["https:\/\/brillancy.hu\/product\/lorena-arany-eljegyzesi-gyuru\/"]}]},{"@type":"ImageObject","inLanguage":"en-GB","@id":"https:\/\/brillancy.hu\/product\/lorena-arany-eljegyzesi-gyuru\/#primaryimage","url":"https:\/\/brillancy.hu\/wp-content\/uploads\/2025\/06\/20250613_1554_Realistic-Sapphire-Ring-Elegance_remix_01jxms1wvqfn1s8qn90rdzdh77.png","contentUrl":"https:\/\/brillancy.hu\/wp-content\/uploads\/2025\/06\/20250613_1554_Realistic-Sapphire-Ring-Elegance_remix_01jxms1wvqfn1s8qn90rdzdh77.png","width":1024,"height":1024,"caption":"Lorena arany eljegyz\u00e9si gy\u0171r\u0171"},{"@type":"BreadcrumbList","@id":"https:\/\/brillancy.hu\/product\/lorena-arany-eljegyzesi-gyuru\/#breadcrumb","itemListElement":[{"@type":"ListItem","position":1,"name":"Home","item":"https:\/\/brillancy.hu\/"},{"@type":"ListItem","position":2,"name":"Term\u00e9kek","item":"https:\/\/brillancy.hu\/termekek\/"},{"@type":"ListItem","position":3,"name":"Lorena arany eljegyz\u00e9si gy\u0171r\u0171"}]},{"@type":"WebSite","@id":"https:\/\/brillancy.hu\/#website","url":"https:\/\/brillancy.hu\/","name":"Brillancy","description":"","potentialAction":[{"@type":"SearchAction","target":{"@type":"EntryPoint","urlTemplate":"https:\/\/brillancy.hu\/?s={search_term_string}"},"query-input":{"@type":"PropertyValueSpecification","valueRequired":true,"valueName":"search_term_string"}}],"inLanguage":"en-GB"}]}},"_links":{"self":[{"href":"https:\/\/brillancy.hu\/en\/wp-json\/wp\/v2\/product\/10501","targetHints":{"allow":["GET"]}}],"collection":[{"href":"https:\/\/brillancy.hu\/en\/wp-json\/wp\/v2\/product"}],"about":[{"href":"https:\/\/brillancy.hu\/en\/wp-json\/wp\/v2\/types\/product"}],"replies":[{"embeddable":true,"href":"https:\/\/brillancy.hu\/en\/wp-json\/wp\/v2\/comments?post=10501"}],"wp:featuredmedia":[{"embeddable":true,"href":"https:\/\/brillancy.hu\/en\/wp-json\/wp\/v2\/media\/10561"}],"wp:attachment":[{"href":"https:\/\/brillancy.hu\/en\/wp-json\/wp\/v2\/media?parent=10501"}],"wp:term":[{"taxonomy":"product_brand","embeddable":true,"href":"https:\/\/brillancy.hu\/en\/wp-json\/wp\/v2\/product_brand?post=10501"},{"taxonomy":"product_cat","embeddable":true,"href":"https:\/\/brillancy.hu\/en\/wp-json\/wp\/v2\/product_cat?post=10501"},{"taxonomy":"product_tag","embeddable":true,"href":"https:\/\/brillancy.hu\/en\/wp-json\/wp\/v2\/product_tag?post=10501"}],"curies":[{"name":"wp","href":"https:\/\/api.w.org\/{rel}","templated":true}]}}