{"id":10454,"date":"2025-06-03T16:34:45","date_gmt":"2025-06-03T15:34:45","guid":{"rendered":"https:\/\/brillancy.hu\/?post_type=product&#038;p=10454"},"modified":"2025-09-05T16:15:04","modified_gmt":"2025-09-05T15:15:04","slug":"yama-lotuszvirag-gyuru","status":"publish","type":"product","link":"https:\/\/brillancy.hu\/en\/product\/yama-lotuszvirag-gyuru\/","title":{"rendered":"Yama lotus flower ring"},"content":{"rendered":"<p>Yama lotus flower ring<\/p>\n<p>When jewels is planned, as symbols, and shapes we make, which are close to us. That&#039;s why I was born this wonderful lotus flower jewelry, too. We offer all the traditional appearance instead of something formabont\u00f3bbra desire. Originally smaragddal has been accomplished, but the tourmaline so interesting color world with that demand can be assigned tourmaline with. But if any other colors you think indicate, and individually polished, fit gem.<\/p>\n<ul>\n<li><strong>Material:<\/strong>\u00a0gold<\/li>\n<li><strong>Fineness<\/strong>: 585 thousandth, 14 carat<\/li>\n<li><strong>Gemstone<\/strong>: emerald \/ tourmaline<\/li>\n<li><strong>Eternal life guarantee:<\/strong>\u00a0the jewelry structure of the material errors and gems<\/li>\n<li><strong>Free renewal:<\/strong>\u00a0We take your diamond ring, free scratch-free sales of and purification of five times (once a year) the purchase within five years.<\/li>\n<li><strong>Free size adjustment:\u00a0<\/strong>If you haven&#039;t found the correct size, we will take the ring free size adjustments.<\/li>\n<\/ul>\n<p><strong>Gift box:\u00a0<\/strong>The ring is a gift in the box set, and several kinds of colors You can pick out!<\/p>\n<p><strong>Pay scrap gold<\/strong>\u00a0Damaged, old, or never used gold hiding at home in the cupboards? Bring it in to us and high count For the selected diamond ring price.<\/p>\n<p><strong>I like the diamond ring, but a different size diamonds, or colorful gems did you imagine it? It&#039;s not a problem. We like to give an offer to the expected ideas. Find us confidence on the phone +36 30 539 1179 number, or the\u00a0<\/strong><a href=\"mailto:info@brillancy.hu\"><strong>info@brillancy.hu<\/strong><\/a><strong>\u00a0e-mail address.<\/strong><\/p>","protected":false},"excerpt":{"rendered":"<p>Yama lotus flower ring<\/p>\n<p>When jewels is planned, as symbols, and shapes we make, which are close to us. That&#039;s why I was born this wonderful lotus flower jewelry, too.<\/p>","protected":false},"featured_media":10416,"comment_status":"open","ping_status":"closed","template":"","meta":[],"product_brand":[],"product_cat":[124,21],"product_tag":[],"class_list":{"0":"post-10454","1":"product","2":"type-product","3":"status-publish","4":"has-post-thumbnail","6":"product_cat-dragakoves-gyuruk","7":"product_cat-ekszerek","9":"first","10":"instock","11":"shipping-taxable","12":"product-type-simple"},"yoast_head":"<!-- This site is optimized with the Yoast SEO Premium plugin v27.0 (Yoast SEO v27.0) - https:\/\/yoast.com\/product\/yoast-seo-premium-wordpress\/ -->\n<title>Yama l\u00f3tuszvir\u00e1g gy\u0171r\u0171 - Brillancy<\/title>\n<meta name=\"description\" content=\"Yama l\u00f3tuszvir\u00e1g gy\u0171r\u0171 - Amikor \u00e9kszereket tervez\u00fcnk, olyan szimb\u00f3lumokat, \u00e9s form\u00e1kat alkotunk, melyek k\u00f6zel \u00e1llnak hozz\u00e1nk.\" \/>\n<meta name=\"robots\" content=\"index, follow, max-snippet:-1, max-image-preview:large, max-video-preview:-1\" \/>\n<link rel=\"canonical\" href=\"https:\/\/brillancy.hu\/en\/product\/yama-lotuszvirag-gyuru\/\" \/>\n<meta property=\"og:locale\" content=\"en_GB\" \/>\n<meta property=\"og:type\" content=\"article\" \/>\n<meta property=\"og:title\" content=\"Yama l\u00f3tuszvir\u00e1g gy\u0171r\u0171\" \/>\n<meta property=\"og:description\" content=\"Yama l\u00f3tuszvir\u00e1g gy\u0171r\u0171 - Amikor \u00e9kszereket tervez\u00fcnk, olyan szimb\u00f3lumokat, \u00e9s form\u00e1kat alkotunk, melyek k\u00f6zel \u00e1llnak hozz\u00e1nk.\" \/>\n<meta property=\"og:url\" content=\"https:\/\/brillancy.hu\/en\/product\/yama-lotuszvirag-gyuru\/\" \/>\n<meta property=\"og:site_name\" content=\"Brillancy\" \/>\n<meta property=\"article:modified_time\" content=\"2025-09-05T15:15:04+00:00\" \/>\n<meta property=\"og:image\" content=\"https:\/\/brillancy.hu\/wp-content\/uploads\/2025\/05\/yama.png\" \/>\n\t<meta property=\"og:image:width\" content=\"1024\" \/>\n\t<meta property=\"og:image:height\" content=\"1024\" \/>\n\t<meta property=\"og:image:type\" content=\"image\/png\" \/>\n<meta name=\"twitter:card\" content=\"summary_large_image\" \/>\n<meta name=\"twitter:label1\" content=\"Estimated reading time\" \/>\n\t<meta name=\"twitter:data1\" content=\"2 minutes\" \/>\n<script type=\"application\/ld+json\" class=\"yoast-schema-graph\">{\"@context\":\"https:\/\/schema.org\",\"@graph\":[{\"@type\":\"WebPage\",\"@id\":\"https:\/\/brillancy.hu\/product\/yama-lotuszvirag-gyuru\/\",\"url\":\"https:\/\/brillancy.hu\/product\/yama-lotuszvirag-gyuru\/\",\"name\":\"Yama l\u00f3tuszvir\u00e1g gy\u0171r\u0171 - Brillancy\",\"isPartOf\":{\"@id\":\"https:\/\/brillancy.hu\/#website\"},\"primaryImageOfPage\":{\"@id\":\"https:\/\/brillancy.hu\/product\/yama-lotuszvirag-gyuru\/#primaryimage\"},\"image\":{\"@id\":\"https:\/\/brillancy.hu\/product\/yama-lotuszvirag-gyuru\/#primaryimage\"},\"thumbnailUrl\":\"https:\/\/brillancy.hu\/wp-content\/uploads\/2025\/05\/yama.png\",\"datePublished\":\"2025-06-03T15:34:45+00:00\",\"dateModified\":\"2025-09-05T15:15:04+00:00\",\"description\":\"Yama l\u00f3tuszvir\u00e1g gy\u0171r\u0171 - Amikor \u00e9kszereket tervez\u00fcnk, olyan szimb\u00f3lumokat, \u00e9s form\u00e1kat alkotunk, melyek k\u00f6zel \u00e1llnak hozz\u00e1nk.\",\"breadcrumb\":{\"@id\":\"https:\/\/brillancy.hu\/product\/yama-lotuszvirag-gyuru\/#breadcrumb\"},\"inLanguage\":\"en-GB\",\"potentialAction\":[{\"@type\":\"ReadAction\",\"target\":[\"https:\/\/brillancy.hu\/product\/yama-lotuszvirag-gyuru\/\"]}]},{\"@type\":\"ImageObject\",\"inLanguage\":\"en-GB\",\"@id\":\"https:\/\/brillancy.hu\/product\/yama-lotuszvirag-gyuru\/#primaryimage\",\"url\":\"https:\/\/brillancy.hu\/wp-content\/uploads\/2025\/05\/yama.png\",\"contentUrl\":\"https:\/\/brillancy.hu\/wp-content\/uploads\/2025\/05\/yama.png\",\"width\":1024,\"height\":1024,\"caption\":\"Yama l\u00f3tuszvir\u00e1g gy\u0171r\u0171\"},{\"@type\":\"BreadcrumbList\",\"@id\":\"https:\/\/brillancy.hu\/product\/yama-lotuszvirag-gyuru\/#breadcrumb\",\"itemListElement\":[{\"@type\":\"ListItem\",\"position\":1,\"name\":\"Home\",\"item\":\"https:\/\/brillancy.hu\/\"},{\"@type\":\"ListItem\",\"position\":2,\"name\":\"Term\u00e9kek\",\"item\":\"https:\/\/brillancy.hu\/termekek\/\"},{\"@type\":\"ListItem\",\"position\":3,\"name\":\"Yama l\u00f3tuszvir\u00e1g gy\u0171r\u0171\"}]},{\"@type\":\"WebSite\",\"@id\":\"https:\/\/brillancy.hu\/#website\",\"url\":\"https:\/\/brillancy.hu\/\",\"name\":\"Brillancy\",\"description\":\"\",\"potentialAction\":[{\"@type\":\"SearchAction\",\"target\":{\"@type\":\"EntryPoint\",\"urlTemplate\":\"https:\/\/brillancy.hu\/?s={search_term_string}\"},\"query-input\":{\"@type\":\"PropertyValueSpecification\",\"valueRequired\":true,\"valueName\":\"search_term_string\"}}],\"inLanguage\":\"en-GB\"}]}<\/script>\n<!-- \/ Yoast SEO Premium plugin. -->","yoast_head_json":{"title":"Yama l\u00f3tuszvir\u00e1g gy\u0171r\u0171 - Brillancy","description":"Yama l\u00f3tuszvir\u00e1g gy\u0171r\u0171 - Amikor \u00e9kszereket tervez\u00fcnk, olyan szimb\u00f3lumokat, \u00e9s form\u00e1kat alkotunk, melyek k\u00f6zel \u00e1llnak hozz\u00e1nk.","robots":{"index":"index","follow":"follow","max-snippet":"max-snippet:-1","max-image-preview":"max-image-preview:large","max-video-preview":"max-video-preview:-1"},"canonical":"https:\/\/brillancy.hu\/en\/product\/yama-lotuszvirag-gyuru\/","og_locale":"en_GB","og_type":"article","og_title":"Yama l\u00f3tuszvir\u00e1g gy\u0171r\u0171","og_description":"Yama l\u00f3tuszvir\u00e1g gy\u0171r\u0171 - Amikor \u00e9kszereket tervez\u00fcnk, olyan szimb\u00f3lumokat, \u00e9s form\u00e1kat alkotunk, melyek k\u00f6zel \u00e1llnak hozz\u00e1nk.","og_url":"https:\/\/brillancy.hu\/en\/product\/yama-lotuszvirag-gyuru\/","og_site_name":"Brillancy","article_modified_time":"2025-09-05T15:15:04+00:00","og_image":[{"width":1024,"height":1024,"url":"https:\/\/brillancy.hu\/wp-content\/uploads\/2025\/05\/yama.png","type":"image\/png"}],"twitter_card":"summary_large_image","twitter_misc":{"Estimated reading time":"2 minutes"},"schema":{"@context":"https:\/\/schema.org","@graph":[{"@type":"WebPage","@id":"https:\/\/brillancy.hu\/product\/yama-lotuszvirag-gyuru\/","url":"https:\/\/brillancy.hu\/product\/yama-lotuszvirag-gyuru\/","name":"Yama l\u00f3tuszvir\u00e1g gy\u0171r\u0171 - Brillancy","isPartOf":{"@id":"https:\/\/brillancy.hu\/#website"},"primaryImageOfPage":{"@id":"https:\/\/brillancy.hu\/product\/yama-lotuszvirag-gyuru\/#primaryimage"},"image":{"@id":"https:\/\/brillancy.hu\/product\/yama-lotuszvirag-gyuru\/#primaryimage"},"thumbnailUrl":"https:\/\/brillancy.hu\/wp-content\/uploads\/2025\/05\/yama.png","datePublished":"2025-06-03T15:34:45+00:00","dateModified":"2025-09-05T15:15:04+00:00","description":"Yama l\u00f3tuszvir\u00e1g gy\u0171r\u0171 - Amikor \u00e9kszereket tervez\u00fcnk, olyan szimb\u00f3lumokat, \u00e9s form\u00e1kat alkotunk, melyek k\u00f6zel \u00e1llnak hozz\u00e1nk.","breadcrumb":{"@id":"https:\/\/brillancy.hu\/product\/yama-lotuszvirag-gyuru\/#breadcrumb"},"inLanguage":"en-GB","potentialAction":[{"@type":"ReadAction","target":["https:\/\/brillancy.hu\/product\/yama-lotuszvirag-gyuru\/"]}]},{"@type":"ImageObject","inLanguage":"en-GB","@id":"https:\/\/brillancy.hu\/product\/yama-lotuszvirag-gyuru\/#primaryimage","url":"https:\/\/brillancy.hu\/wp-content\/uploads\/2025\/05\/yama.png","contentUrl":"https:\/\/brillancy.hu\/wp-content\/uploads\/2025\/05\/yama.png","width":1024,"height":1024,"caption":"Yama l\u00f3tuszvir\u00e1g gy\u0171r\u0171"},{"@type":"BreadcrumbList","@id":"https:\/\/brillancy.hu\/product\/yama-lotuszvirag-gyuru\/#breadcrumb","itemListElement":[{"@type":"ListItem","position":1,"name":"Home","item":"https:\/\/brillancy.hu\/"},{"@type":"ListItem","position":2,"name":"Term\u00e9kek","item":"https:\/\/brillancy.hu\/termekek\/"},{"@type":"ListItem","position":3,"name":"Yama l\u00f3tuszvir\u00e1g gy\u0171r\u0171"}]},{"@type":"WebSite","@id":"https:\/\/brillancy.hu\/#website","url":"https:\/\/brillancy.hu\/","name":"Brillancy","description":"","potentialAction":[{"@type":"SearchAction","target":{"@type":"EntryPoint","urlTemplate":"https:\/\/brillancy.hu\/?s={search_term_string}"},"query-input":{"@type":"PropertyValueSpecification","valueRequired":true,"valueName":"search_term_string"}}],"inLanguage":"en-GB"}]}},"_links":{"self":[{"href":"https:\/\/brillancy.hu\/en\/wp-json\/wp\/v2\/product\/10454","targetHints":{"allow":["GET"]}}],"collection":[{"href":"https:\/\/brillancy.hu\/en\/wp-json\/wp\/v2\/product"}],"about":[{"href":"https:\/\/brillancy.hu\/en\/wp-json\/wp\/v2\/types\/product"}],"replies":[{"embeddable":true,"href":"https:\/\/brillancy.hu\/en\/wp-json\/wp\/v2\/comments?post=10454"}],"wp:featuredmedia":[{"embeddable":true,"href":"https:\/\/brillancy.hu\/en\/wp-json\/wp\/v2\/media\/10416"}],"wp:attachment":[{"href":"https:\/\/brillancy.hu\/en\/wp-json\/wp\/v2\/media?parent=10454"}],"wp:term":[{"taxonomy":"product_brand","embeddable":true,"href":"https:\/\/brillancy.hu\/en\/wp-json\/wp\/v2\/product_brand?post=10454"},{"taxonomy":"product_cat","embeddable":true,"href":"https:\/\/brillancy.hu\/en\/wp-json\/wp\/v2\/product_cat?post=10454"},{"taxonomy":"product_tag","embeddable":true,"href":"https:\/\/brillancy.hu\/en\/wp-json\/wp\/v2\/product_tag?post=10454"}],"curies":[{"name":"wp","href":"https:\/\/api.w.org\/{rel}","templated":true}]}}