{"id":10390,"date":"2025-05-28T13:38:51","date_gmt":"2025-05-28T12:38:51","guid":{"rendered":"https:\/\/brillancy.hu\/?post_type=product&#038;p=10390"},"modified":"2026-04-21T09:24:56","modified_gmt":"2026-04-21T08:24:56","slug":"firenze-3-premium-karikagyuru","status":"publish","type":"product","link":"https:\/\/brillancy.hu\/en\/product\/firenze-3-premium-karikagyuru\/","title":{"rendered":"Firenze-3 pr\u00e9mium karikagy\u0171r\u0171"},"content":{"rendered":"<p><strong>Firenze-3 pr\u00e9mium karikagy\u0171r\u0171<\/strong><\/p>\n<div class=\"elementor-element elementor-element-d420247 e-flex e-con-boxed e-con e-parent e-lazyloaded\" data-id=\"d420247\" data-element_type=\"container\" data-settings=\"{&quot;jet_parallax_layout_list&quot;:[]}\">\n<div class=\"e-con-inner\">\n<div class=\"elementor-element elementor-element-c88803c e-con-full e-flex e-con e-child\" data-id=\"c88803c\" data-element_type=\"container\" data-settings=\"{&quot;jet_parallax_layout_list&quot;:[]}\">\n<div class=\"elementor-element elementor-element-4391289 e-con-full e-flex e-con e-child\" data-id=\"4391289\" data-element_type=\"container\" data-settings=\"{&quot;background_background&quot;:&quot;classic&quot;,&quot;jet_parallax_layout_list&quot;:[]}\">\n<div class=\"elementor-element elementor-element-08bb978 elementor-widget elementor-widget-woocommerce-product-content\" data-id=\"08bb978\" data-element_type=\"widget\" data-widget_type=\"woocommerce-product-content.default\">\n<div class=\"elementor-widget-container\">\n<p><strong>14 karat gold wedding ring couple<\/strong>, mely term\u00e9szet inspir\u00e1lta l\u00e1gy vonalaival diszkr\u00e9t m\u00f3don gy\u00f6ny\u00f6rk\u00f6dtetik a szemet. A k\u00fcl\u00f6nb\u00f6z\u0151 sz\u00edn\u00e1rnyalatok k\u00f6z\u00fcl kedv\u00fcnkre v\u00e1logathatunk, aszerint, hogy, kinek mi \u00e1ll j\u00f3l. Gy\u00e9m\u00e1ntok ig\u00e9ny szerint k\u00e9rhet\u0151 bele, de el is lehet hagyni, ha valaki nem ragaszkodik a k\u00f6ves d\u00edsz\u00edt\u00e9shez.\u00a0 Az apr\u00f3 gy\u00e9m\u00e1ntok gondos k\u00e9zimunka eredm\u00e9ny\u00e9vel lettek befoglalva. A jegygy\u0171r\u0171 rendelhet\u0151 m\u00e1s sz\u00e9less\u00e9gben is, illetve kevesebb- vagy t\u00f6bb gy\u00e9m\u00e1nttal.<\/p>\n<p><strong>Ring width: <\/strong>5 mm<\/p>\n<p><strong>Ring material thickness:<\/strong> 1,4 mm<\/p>\n<p><strong>The indicated price is informative, estimated crowd counted 50 and 58 sizes. We like to give a bid on the You size you were born with. Find us with confidence!<\/strong><\/p>\n<p><strong>Yellow, white or ros\u00e9 in color order. A claim may be requested whether or not polished or different matt surfaces.<\/strong><\/p>\n<ul>\n<li><strong>Material:\u00a0<\/strong>gold<\/li>\n<li><strong>Fineness:\u00a0<\/strong>585 thousandth, 14 carat<\/li>\n<li><strong>Gemstone:\u00a0<\/strong>brilliant cut natural diamonds<\/li>\n<li><strong>Eternal life guarantee:\u00a0<\/strong>material errors and gems<\/li>\n<li><strong>Free renovations<\/strong>: Take the ring a couple of free scratch-free sales to five times the purchase within five years!<\/li>\n<\/ul>\n<div id=\":1ep\" class=\"Am aiL Al editable LW-avf tS-tW tS-tY\" tabindex=\"1\" role=\"textbox\" contenteditable=\"true\" spellcheck=\"false\" aria-label=\"\u00dczenet t\u00f6rzse\" aria-multiline=\"true\" aria-owns=\":1hv\" aria-controls=\":1hv\" aria-expanded=\"false\">\n<h3>Sz\u00e1m\u00edttasd be r\u00e9gi t\u00f6rtaranyadat!<\/h3>\n<p><strong>Fenntarthat\u00f3 arany \u2013 k\u00f6z\u00f6s \u00e9rt\u00e9k\u00fcnk<\/strong><\/p>\n<p>Sz\u00e1munkra az \u00e9kszer nemcsak sz\u00e9ps\u00e9g, hanem felel\u0151ss\u00e9g is.<br \/>\nEz\u00e9rt \u00f6r\u00f6mmel besz\u00e1m\u00edtjuk r\u00e9gi, megunt vagy s\u00e9r\u00fclt arany \u00e9kszereidet egy \u00faj darab elk\u00e9sz\u00edt\u00e9sekor.<\/p>\n<p><b>Ezzel egyszerre nyersz Te \u00e9s a k\u00f6rnyezet is<\/b>:<br \/>\n\u2013 cs\u00f6kken az \u00faj b\u00e1ny\u00e1szatb\u00f3l sz\u00e1rmaz\u00f3 arany ir\u00e1nti ig\u00e9ny,<br \/>\n\u2013<b> kisebb \u00f6kol\u00f3giai l\u00e1bnyom<\/b>mal k\u00e9sz\u00fcl el az \u00e9kszered,<br \/>\n\u2013 \u00e9s <b>kedvez\u0151bb \u00e1r<\/b>on juthatsz egy teljesen \u00faj, szem\u00e9lyre szabott darabhoz.<\/p>\n<p><b>\u00cdgy a r\u00e9gi eml\u00e9kek nem vesznek el \u2014 \u00e1talakulnak, \u00e9s egy \u00faj t\u00f6rt\u00e9net r\u00e9sz\u00e9v\u00e9 v\u00e1lnak.<\/b><\/p>\n<\/div>\n<p>&nbsp;<\/p>\n<p><strong>The rings gift box optional.<\/strong><\/p>\n<p><strong>Like the jewelry, but other widths or any other surface you want? It&#039;s not a problem. We like to give you an offer to the expected ideas. Find us with confidence!<\/strong><\/p>\n<\/div>\n<\/div>\n<\/div>\n<\/div>\n<\/div>\n<\/div>","protected":false},"excerpt":{"rendered":"<p><strong>Firenze-3 pr\u00e9mium karikagy\u0171r\u0171:<\/strong> Gold wedding ring couple, subtle accents of elegance, nature ispir\u00e1lta plant motifs<\/p>","protected":false},"featured_media":10386,"comment_status":"open","ping_status":"closed","template":"","meta":[],"product_brand":[],"product_cat":[54,18,121],"product_tag":[],"class_list":{"0":"post-10390","1":"product","2":"type-product","3":"status-publish","4":"has-post-thumbnail","6":"product_cat-firenze","7":"product_cat-karikagyuru","8":"product_cat-koves-karikagyuru","10":"first","11":"instock","12":"shipping-taxable","13":"purchasable","14":"product-type-simple"},"yoast_head":"<!-- This site is optimized with the Yoast SEO Premium plugin v27.0 (Yoast SEO v27.0) - https:\/\/yoast.com\/product\/yoast-seo-premium-wordpress\/ -->\n<title>Firenze-3 pr\u00e9mium karikagy\u0171r\u0171 - Brillancy<\/title>\n<meta name=\"description\" content=\"Firenze-3 pr\u00e9mium karikagy\u0171r\u0171: mely term\u00e9szet inspir\u00e1lta l\u00e1gy vonalaival diszkr\u00e9t m\u00f3don gy\u00f6ny\u00f6rk\u00f6dtetik a szemet. K\u00e9rhet\u0151 gy\u00e9m\u00e1nttal, vagy an\u00e9lk\u00fcl\" \/>\n<meta name=\"robots\" content=\"index, follow, max-snippet:-1, max-image-preview:large, max-video-preview:-1\" \/>\n<link rel=\"canonical\" href=\"https:\/\/brillancy.hu\/en\/product\/firenze-3-premium-karikagyuru\/\" \/>\n<meta property=\"og:locale\" content=\"en_GB\" \/>\n<meta property=\"og:type\" content=\"article\" \/>\n<meta property=\"og:title\" content=\"Firenze-3 pr\u00e9mium karikagy\u0171r\u0171\" \/>\n<meta property=\"og:description\" content=\"Firenze-3 pr\u00e9mium karikagy\u0171r\u0171: mely term\u00e9szet inspir\u00e1lta l\u00e1gy vonalaival diszkr\u00e9t m\u00f3don gy\u00f6ny\u00f6rk\u00f6dtetik a szemet. K\u00e9rhet\u0151 gy\u00e9m\u00e1nttal, vagy an\u00e9lk\u00fcl\" \/>\n<meta property=\"og:url\" content=\"https:\/\/brillancy.hu\/en\/product\/firenze-3-premium-karikagyuru\/\" \/>\n<meta property=\"og:site_name\" content=\"Brillancy\" \/>\n<meta property=\"article:modified_time\" content=\"2026-04-21T08:24:56+00:00\" \/>\n<meta property=\"og:image\" content=\"https:\/\/brillancy.hu\/wp-content\/uploads\/2025\/05\/firenze-3-premium-karikagyuru.png\" \/>\n\t<meta property=\"og:image:width\" content=\"1024\" \/>\n\t<meta property=\"og:image:height\" content=\"1024\" \/>\n\t<meta property=\"og:image:type\" content=\"image\/png\" \/>\n<meta name=\"twitter:card\" content=\"summary_large_image\" \/>\n<meta name=\"twitter:label1\" content=\"Estimated reading time\" \/>\n\t<meta name=\"twitter:data1\" content=\"2 minutes\" \/>\n<script type=\"application\/ld+json\" class=\"yoast-schema-graph\">{\"@context\":\"https:\/\/schema.org\",\"@graph\":[{\"@type\":\"WebPage\",\"@id\":\"https:\/\/brillancy.hu\/product\/firenze-3-premium-karikagyuru\/\",\"url\":\"https:\/\/brillancy.hu\/product\/firenze-3-premium-karikagyuru\/\",\"name\":\"Firenze-3 pr\u00e9mium karikagy\u0171r\u0171 - Brillancy\",\"isPartOf\":{\"@id\":\"https:\/\/brillancy.hu\/#website\"},\"primaryImageOfPage\":{\"@id\":\"https:\/\/brillancy.hu\/product\/firenze-3-premium-karikagyuru\/#primaryimage\"},\"image\":{\"@id\":\"https:\/\/brillancy.hu\/product\/firenze-3-premium-karikagyuru\/#primaryimage\"},\"thumbnailUrl\":\"https:\/\/brillancy.hu\/wp-content\/uploads\/2025\/05\/firenze-3-premium-karikagyuru.png\",\"datePublished\":\"2025-05-28T12:38:51+00:00\",\"dateModified\":\"2026-04-21T08:24:56+00:00\",\"description\":\"Firenze-3 pr\u00e9mium karikagy\u0171r\u0171: mely term\u00e9szet inspir\u00e1lta l\u00e1gy vonalaival diszkr\u00e9t m\u00f3don gy\u00f6ny\u00f6rk\u00f6dtetik a szemet. K\u00e9rhet\u0151 gy\u00e9m\u00e1nttal, vagy an\u00e9lk\u00fcl\",\"breadcrumb\":{\"@id\":\"https:\/\/brillancy.hu\/product\/firenze-3-premium-karikagyuru\/#breadcrumb\"},\"inLanguage\":\"en-GB\",\"potentialAction\":[{\"@type\":\"ReadAction\",\"target\":[\"https:\/\/brillancy.hu\/product\/firenze-3-premium-karikagyuru\/\"]}]},{\"@type\":\"ImageObject\",\"inLanguage\":\"en-GB\",\"@id\":\"https:\/\/brillancy.hu\/product\/firenze-3-premium-karikagyuru\/#primaryimage\",\"url\":\"https:\/\/brillancy.hu\/wp-content\/uploads\/2025\/05\/firenze-3-premium-karikagyuru.png\",\"contentUrl\":\"https:\/\/brillancy.hu\/wp-content\/uploads\/2025\/05\/firenze-3-premium-karikagyuru.png\",\"width\":1024,\"height\":1024,\"caption\":\"firenze-3 pr\u00e9mium karikagy\u0171r\u0171\"},{\"@type\":\"BreadcrumbList\",\"@id\":\"https:\/\/brillancy.hu\/product\/firenze-3-premium-karikagyuru\/#breadcrumb\",\"itemListElement\":[{\"@type\":\"ListItem\",\"position\":1,\"name\":\"Home\",\"item\":\"https:\/\/brillancy.hu\/\"},{\"@type\":\"ListItem\",\"position\":2,\"name\":\"Term\u00e9kek\",\"item\":\"https:\/\/brillancy.hu\/termekek\/\"},{\"@type\":\"ListItem\",\"position\":3,\"name\":\"Firenze-3 pr\u00e9mium karikagy\u0171r\u0171\"}]},{\"@type\":\"WebSite\",\"@id\":\"https:\/\/brillancy.hu\/#website\",\"url\":\"https:\/\/brillancy.hu\/\",\"name\":\"Brillancy\",\"description\":\"\",\"potentialAction\":[{\"@type\":\"SearchAction\",\"target\":{\"@type\":\"EntryPoint\",\"urlTemplate\":\"https:\/\/brillancy.hu\/?s={search_term_string}\"},\"query-input\":{\"@type\":\"PropertyValueSpecification\",\"valueRequired\":true,\"valueName\":\"search_term_string\"}}],\"inLanguage\":\"en-GB\"}]}<\/script>\n<!-- \/ Yoast SEO Premium plugin. -->","yoast_head_json":{"title":"Firenze-3 pr\u00e9mium karikagy\u0171r\u0171 - Brillancy","description":"Firenze-3 pr\u00e9mium karikagy\u0171r\u0171: mely term\u00e9szet inspir\u00e1lta l\u00e1gy vonalaival diszkr\u00e9t m\u00f3don gy\u00f6ny\u00f6rk\u00f6dtetik a szemet. K\u00e9rhet\u0151 gy\u00e9m\u00e1nttal, vagy an\u00e9lk\u00fcl","robots":{"index":"index","follow":"follow","max-snippet":"max-snippet:-1","max-image-preview":"max-image-preview:large","max-video-preview":"max-video-preview:-1"},"canonical":"https:\/\/brillancy.hu\/en\/product\/firenze-3-premium-karikagyuru\/","og_locale":"en_GB","og_type":"article","og_title":"Firenze-3 pr\u00e9mium karikagy\u0171r\u0171","og_description":"Firenze-3 pr\u00e9mium karikagy\u0171r\u0171: mely term\u00e9szet inspir\u00e1lta l\u00e1gy vonalaival diszkr\u00e9t m\u00f3don gy\u00f6ny\u00f6rk\u00f6dtetik a szemet. K\u00e9rhet\u0151 gy\u00e9m\u00e1nttal, vagy an\u00e9lk\u00fcl","og_url":"https:\/\/brillancy.hu\/en\/product\/firenze-3-premium-karikagyuru\/","og_site_name":"Brillancy","article_modified_time":"2026-04-21T08:24:56+00:00","og_image":[{"width":1024,"height":1024,"url":"https:\/\/brillancy.hu\/wp-content\/uploads\/2025\/05\/firenze-3-premium-karikagyuru.png","type":"image\/png"}],"twitter_card":"summary_large_image","twitter_misc":{"Estimated reading time":"2 minutes"},"schema":{"@context":"https:\/\/schema.org","@graph":[{"@type":"WebPage","@id":"https:\/\/brillancy.hu\/product\/firenze-3-premium-karikagyuru\/","url":"https:\/\/brillancy.hu\/product\/firenze-3-premium-karikagyuru\/","name":"Firenze-3 pr\u00e9mium karikagy\u0171r\u0171 - Brillancy","isPartOf":{"@id":"https:\/\/brillancy.hu\/#website"},"primaryImageOfPage":{"@id":"https:\/\/brillancy.hu\/product\/firenze-3-premium-karikagyuru\/#primaryimage"},"image":{"@id":"https:\/\/brillancy.hu\/product\/firenze-3-premium-karikagyuru\/#primaryimage"},"thumbnailUrl":"https:\/\/brillancy.hu\/wp-content\/uploads\/2025\/05\/firenze-3-premium-karikagyuru.png","datePublished":"2025-05-28T12:38:51+00:00","dateModified":"2026-04-21T08:24:56+00:00","description":"Firenze-3 pr\u00e9mium karikagy\u0171r\u0171: mely term\u00e9szet inspir\u00e1lta l\u00e1gy vonalaival diszkr\u00e9t m\u00f3don gy\u00f6ny\u00f6rk\u00f6dtetik a szemet. K\u00e9rhet\u0151 gy\u00e9m\u00e1nttal, vagy an\u00e9lk\u00fcl","breadcrumb":{"@id":"https:\/\/brillancy.hu\/product\/firenze-3-premium-karikagyuru\/#breadcrumb"},"inLanguage":"en-GB","potentialAction":[{"@type":"ReadAction","target":["https:\/\/brillancy.hu\/product\/firenze-3-premium-karikagyuru\/"]}]},{"@type":"ImageObject","inLanguage":"en-GB","@id":"https:\/\/brillancy.hu\/product\/firenze-3-premium-karikagyuru\/#primaryimage","url":"https:\/\/brillancy.hu\/wp-content\/uploads\/2025\/05\/firenze-3-premium-karikagyuru.png","contentUrl":"https:\/\/brillancy.hu\/wp-content\/uploads\/2025\/05\/firenze-3-premium-karikagyuru.png","width":1024,"height":1024,"caption":"firenze-3 pr\u00e9mium karikagy\u0171r\u0171"},{"@type":"BreadcrumbList","@id":"https:\/\/brillancy.hu\/product\/firenze-3-premium-karikagyuru\/#breadcrumb","itemListElement":[{"@type":"ListItem","position":1,"name":"Home","item":"https:\/\/brillancy.hu\/"},{"@type":"ListItem","position":2,"name":"Term\u00e9kek","item":"https:\/\/brillancy.hu\/termekek\/"},{"@type":"ListItem","position":3,"name":"Firenze-3 pr\u00e9mium karikagy\u0171r\u0171"}]},{"@type":"WebSite","@id":"https:\/\/brillancy.hu\/#website","url":"https:\/\/brillancy.hu\/","name":"Brillancy","description":"","potentialAction":[{"@type":"SearchAction","target":{"@type":"EntryPoint","urlTemplate":"https:\/\/brillancy.hu\/?s={search_term_string}"},"query-input":{"@type":"PropertyValueSpecification","valueRequired":true,"valueName":"search_term_string"}}],"inLanguage":"en-GB"}]}},"_links":{"self":[{"href":"https:\/\/brillancy.hu\/en\/wp-json\/wp\/v2\/product\/10390","targetHints":{"allow":["GET"]}}],"collection":[{"href":"https:\/\/brillancy.hu\/en\/wp-json\/wp\/v2\/product"}],"about":[{"href":"https:\/\/brillancy.hu\/en\/wp-json\/wp\/v2\/types\/product"}],"replies":[{"embeddable":true,"href":"https:\/\/brillancy.hu\/en\/wp-json\/wp\/v2\/comments?post=10390"}],"wp:featuredmedia":[{"embeddable":true,"href":"https:\/\/brillancy.hu\/en\/wp-json\/wp\/v2\/media\/10386"}],"wp:attachment":[{"href":"https:\/\/brillancy.hu\/en\/wp-json\/wp\/v2\/media?parent=10390"}],"wp:term":[{"taxonomy":"product_brand","embeddable":true,"href":"https:\/\/brillancy.hu\/en\/wp-json\/wp\/v2\/product_brand?post=10390"},{"taxonomy":"product_cat","embeddable":true,"href":"https:\/\/brillancy.hu\/en\/wp-json\/wp\/v2\/product_cat?post=10390"},{"taxonomy":"product_tag","embeddable":true,"href":"https:\/\/brillancy.hu\/en\/wp-json\/wp\/v2\/product_tag?post=10390"}],"curies":[{"name":"wp","href":"https:\/\/api.w.org\/{rel}","templated":true}]}}