{"id":10389,"date":"2025-05-28T13:26:53","date_gmt":"2025-05-28T12:26:53","guid":{"rendered":"https:\/\/brillancy.hu\/?post_type=product&#038;p=10389"},"modified":"2026-04-21T09:24:56","modified_gmt":"2026-04-21T08:24:56","slug":"firenze-2-premium-karikagyuru","status":"publish","type":"product","link":"https:\/\/brillancy.hu\/en\/product\/firenze-2-premium-karikagyuru\/","title":{"rendered":"Firenze-2 pr\u00e9mium karikagy\u0171r\u0171"},"content":{"rendered":"<p><strong>Firenze-2 pr\u00e9mium karikagy\u0171r\u0171<\/strong><\/p>\n<div class=\"elementor-element elementor-element-d420247 e-flex e-con-boxed e-con e-parent e-lazyloaded\" data-id=\"d420247\" data-element_type=\"container\" data-settings=\"{&quot;jet_parallax_layout_list&quot;:[]}\">\n<div class=\"e-con-inner\">\n<div class=\"elementor-element elementor-element-c88803c e-con-full e-flex e-con e-child\" data-id=\"c88803c\" data-element_type=\"container\" data-settings=\"{&quot;jet_parallax_layout_list&quot;:[]}\">\n<div class=\"elementor-element elementor-element-4391289 e-con-full e-flex e-con e-child\" data-id=\"4391289\" data-element_type=\"container\" data-settings=\"{&quot;background_background&quot;:&quot;classic&quot;,&quot;jet_parallax_layout_list&quot;:[]}\">\n<div class=\"elementor-element elementor-element-08bb978 elementor-widget elementor-widget-woocommerce-product-content\" data-id=\"08bb978\" data-element_type=\"widget\" data-widget_type=\"woocommerce-product-content.default\">\n<div class=\"elementor-widget-container\">\n<p><strong>14 carat white gold wedding ring couple<\/strong>which modern appearance, soft lines with discreet way of catching the eye. The different shades of we can procure, according to who what suits you. Diamonds on demand can be requested, but you may be left if someone does not stick to the stone decoration. The tiny diamonds are carefully hand job outcome were included. The ring can be ordered in other widths, and less - or more diamonds.<\/p>\n<ul>\n<li><b>Material:<\/b>\u00a0gold<\/li>\n<li><b>Fineness<\/b>: 585 thousandth, 14 carat<\/li>\n<li><b>Gemstone<\/b>: brilliant cut white and black diamonds<\/li>\n<\/ul>\n<p>&nbsp;<\/p>\n<p><strong>Yellow, white or ros\u00e9 in color order. May be requested whether or not polished or different matt surfaces.<\/strong><\/p>\n<p>The rings parameters of demand can be changed.<\/p>\n<ul>\n<li><strong>Women&#039;s hoop ring in diamonds: <\/strong>4 pcs 1.3 mm in diameter, white<\/li>\n<li><strong>Men&#039;s wedding ring in diamonds:\u00a0<\/strong>4 pcs 1.3 mm in diameter, black<\/li>\n<li><strong>Wedding ring couple width:\u00a0<\/strong>5 mm<\/li>\n<li><strong>Wedding ring couple material thickness:<\/strong>\u00a01,4 mm<\/li>\n<\/ul>\n<div id=\":1ep\" class=\"Am aiL Al editable LW-avf tS-tW tS-tY\" tabindex=\"1\" role=\"textbox\" contenteditable=\"true\" spellcheck=\"false\" aria-label=\"\u00dczenet t\u00f6rzse\" aria-multiline=\"true\" aria-owns=\":1hv\" aria-controls=\":1hv\" aria-expanded=\"false\">\n<h3>Sz\u00e1m\u00edttasd be r\u00e9gi t\u00f6rtaranyadat!<\/h3>\n<p><strong>Fenntarthat\u00f3 arany \u2013 k\u00f6z\u00f6s \u00e9rt\u00e9k\u00fcnk<\/strong><\/p>\n<p>Sz\u00e1munkra az \u00e9kszer nemcsak sz\u00e9ps\u00e9g, hanem felel\u0151ss\u00e9g is.<br \/>\nEz\u00e9rt \u00f6r\u00f6mmel besz\u00e1m\u00edtjuk r\u00e9gi, megunt vagy s\u00e9r\u00fclt arany \u00e9kszereidet egy \u00faj darab elk\u00e9sz\u00edt\u00e9sekor.<\/p>\n<p><b>Ezzel egyszerre nyersz Te \u00e9s a k\u00f6rnyezet is<\/b>:<br \/>\n\u2013 cs\u00f6kken az \u00faj b\u00e1ny\u00e1szatb\u00f3l sz\u00e1rmaz\u00f3 arany ir\u00e1nti ig\u00e9ny,<br \/>\n\u2013<b> kisebb \u00f6kol\u00f3giai l\u00e1bnyom<\/b>mal k\u00e9sz\u00fcl el az \u00e9kszered,<br \/>\n\u2013 \u00e9s <b>kedvez\u0151bb \u00e1r<\/b>on juthatsz egy teljesen \u00faj, szem\u00e9lyre szabott darabhoz.<\/p>\n<p><b>\u00cdgy a r\u00e9gi eml\u00e9kek nem vesznek el \u2014 \u00e1talakulnak, \u00e9s egy \u00faj t\u00f6rt\u00e9net r\u00e9sz\u00e9v\u00e9 v\u00e1lnak.<\/b><\/p>\n<\/div>\n<p>&nbsp;<\/p>\n<p><strong>Eternal life guarantee:<\/strong>\u00a0the jewelry structure of the material errors and gems<\/p>\n<p><strong>Free renewal:<\/strong>\u00a0We take the we have prepared hoop rings free scratch-free sales of and purification of five times (once a year) the purchase within five years.<\/p>\n<p><strong>The rings gift box optional.<\/strong><\/p>\n<p><strong>A felt\u00fcntetett \u00e1r t\u00e1j\u00e9koztat\u00f3 jelleg\u0171. Sz\u00edvesen adunk aj\u00e1nlatot a Ti m\u00e9reteitekre.<\/strong><\/p>\n<p><strong>If you have a different width, or other surfaces dream of the rings, what we are going to achieve!\u00a0<\/strong><strong>Find us confidence on the phone +36 30 539 1179 number, or the info@brillancy.hu e-mail address.<\/strong><\/p>\n<\/div>\n<\/div>\n<\/div>\n<\/div>\n<\/div>\n<\/div>","protected":false},"excerpt":{"rendered":"<p>Firenze-2 pr\u00e9mium karikagy\u0171r\u0171, mely a modern megjelen\u00e9s\u0171, l\u00e1gy vonalaival diszkr\u00e9t m\u00f3don gy\u00f6ny\u00f6rk\u00f6dtetik a szemet.<\/p>","protected":false},"featured_media":10972,"comment_status":"open","ping_status":"closed","template":"","meta":[],"product_brand":[],"product_cat":[54,18,121],"product_tag":[],"class_list":{"0":"post-10389","1":"product","2":"type-product","3":"status-publish","4":"has-post-thumbnail","6":"product_cat-firenze","7":"product_cat-karikagyuru","8":"product_cat-koves-karikagyuru","10":"first","11":"instock","12":"shipping-taxable","13":"purchasable","14":"product-type-simple"},"yoast_head":"<!-- This site is optimized with the Yoast SEO Premium plugin v27.0 (Yoast SEO v27.0) - https:\/\/yoast.com\/product\/yoast-seo-premium-wordpress\/ -->\n<title>Firenze-2 pr\u00e9mium karikagy\u0171r\u0171 - Brillancy<\/title>\n<meta name=\"description\" content=\"Firenze-2 pr\u00e9mium karikagy\u0171r\u0171 14 kar\u00e1tos aranyb\u00f3l, mely a modern megjelen\u00e9s\u0171, l\u00e1gy vonalaival diszkr\u00e9t m\u00f3don gy\u00f6ny\u00f6rk\u00f6dtetik a szemet.\" \/>\n<meta name=\"robots\" content=\"index, follow, max-snippet:-1, max-image-preview:large, max-video-preview:-1\" \/>\n<link rel=\"canonical\" href=\"https:\/\/brillancy.hu\/en\/product\/firenze-2-premium-karikagyuru\/\" \/>\n<meta property=\"og:locale\" content=\"en_GB\" \/>\n<meta property=\"og:type\" content=\"article\" \/>\n<meta property=\"og:title\" content=\"Firenze-2 pr\u00e9mium karikagy\u0171r\u0171\" \/>\n<meta property=\"og:description\" content=\"Firenze-2 pr\u00e9mium karikagy\u0171r\u0171 14 kar\u00e1tos aranyb\u00f3l, mely a modern megjelen\u00e9s\u0171, l\u00e1gy vonalaival diszkr\u00e9t m\u00f3don gy\u00f6ny\u00f6rk\u00f6dtetik a szemet.\" \/>\n<meta property=\"og:url\" content=\"https:\/\/brillancy.hu\/en\/product\/firenze-2-premium-karikagyuru\/\" \/>\n<meta property=\"og:site_name\" content=\"Brillancy\" \/>\n<meta property=\"article:modified_time\" content=\"2026-04-21T08:24:56+00:00\" \/>\n<meta property=\"og:image\" content=\"https:\/\/brillancy.hu\/wp-content\/uploads\/2025\/06\/firenze-2-premium-karikagyuru-sarga.jpg\" \/>\n\t<meta property=\"og:image:width\" content=\"1024\" \/>\n\t<meta property=\"og:image:height\" content=\"1024\" \/>\n\t<meta property=\"og:image:type\" content=\"image\/jpeg\" \/>\n<meta name=\"twitter:card\" content=\"summary_large_image\" \/>\n<meta name=\"twitter:label1\" content=\"Estimated reading time\" \/>\n\t<meta name=\"twitter:data1\" content=\"2 minutes\" \/>\n<script type=\"application\/ld+json\" class=\"yoast-schema-graph\">{\"@context\":\"https:\/\/schema.org\",\"@graph\":[{\"@type\":\"WebPage\",\"@id\":\"https:\/\/brillancy.hu\/product\/firenze-2-premium-karikagyuru\/\",\"url\":\"https:\/\/brillancy.hu\/product\/firenze-2-premium-karikagyuru\/\",\"name\":\"Firenze-2 pr\u00e9mium karikagy\u0171r\u0171 - Brillancy\",\"isPartOf\":{\"@id\":\"https:\/\/brillancy.hu\/#website\"},\"primaryImageOfPage\":{\"@id\":\"https:\/\/brillancy.hu\/product\/firenze-2-premium-karikagyuru\/#primaryimage\"},\"image\":{\"@id\":\"https:\/\/brillancy.hu\/product\/firenze-2-premium-karikagyuru\/#primaryimage\"},\"thumbnailUrl\":\"https:\/\/brillancy.hu\/wp-content\/uploads\/2025\/06\/firenze-2-premium-karikagyuru-sarga.jpg\",\"datePublished\":\"2025-05-28T12:26:53+00:00\",\"dateModified\":\"2026-04-21T08:24:56+00:00\",\"description\":\"Firenze-2 pr\u00e9mium karikagy\u0171r\u0171 14 kar\u00e1tos aranyb\u00f3l, mely a modern megjelen\u00e9s\u0171, l\u00e1gy vonalaival diszkr\u00e9t m\u00f3don gy\u00f6ny\u00f6rk\u00f6dtetik a szemet.\",\"breadcrumb\":{\"@id\":\"https:\/\/brillancy.hu\/product\/firenze-2-premium-karikagyuru\/#breadcrumb\"},\"inLanguage\":\"en-GB\",\"potentialAction\":[{\"@type\":\"ReadAction\",\"target\":[\"https:\/\/brillancy.hu\/product\/firenze-2-premium-karikagyuru\/\"]}]},{\"@type\":\"ImageObject\",\"inLanguage\":\"en-GB\",\"@id\":\"https:\/\/brillancy.hu\/product\/firenze-2-premium-karikagyuru\/#primaryimage\",\"url\":\"https:\/\/brillancy.hu\/wp-content\/uploads\/2025\/06\/firenze-2-premium-karikagyuru-sarga.jpg\",\"contentUrl\":\"https:\/\/brillancy.hu\/wp-content\/uploads\/2025\/06\/firenze-2-premium-karikagyuru-sarga.jpg\",\"width\":1024,\"height\":1024,\"caption\":\"Firenze-2 pr\u00e9mium karikagy\u0171r\u0171 p\u00e1r\"},{\"@type\":\"BreadcrumbList\",\"@id\":\"https:\/\/brillancy.hu\/product\/firenze-2-premium-karikagyuru\/#breadcrumb\",\"itemListElement\":[{\"@type\":\"ListItem\",\"position\":1,\"name\":\"Home\",\"item\":\"https:\/\/brillancy.hu\/\"},{\"@type\":\"ListItem\",\"position\":2,\"name\":\"Term\u00e9kek\",\"item\":\"https:\/\/brillancy.hu\/termekek\/\"},{\"@type\":\"ListItem\",\"position\":3,\"name\":\"Firenze-2 pr\u00e9mium karikagy\u0171r\u0171\"}]},{\"@type\":\"WebSite\",\"@id\":\"https:\/\/brillancy.hu\/#website\",\"url\":\"https:\/\/brillancy.hu\/\",\"name\":\"Brillancy\",\"description\":\"\",\"potentialAction\":[{\"@type\":\"SearchAction\",\"target\":{\"@type\":\"EntryPoint\",\"urlTemplate\":\"https:\/\/brillancy.hu\/?s={search_term_string}\"},\"query-input\":{\"@type\":\"PropertyValueSpecification\",\"valueRequired\":true,\"valueName\":\"search_term_string\"}}],\"inLanguage\":\"en-GB\"}]}<\/script>\n<!-- \/ Yoast SEO Premium plugin. -->","yoast_head_json":{"title":"Firenze-2 pr\u00e9mium karikagy\u0171r\u0171 - Brillancy","description":"Firenze-2 pr\u00e9mium karikagy\u0171r\u0171 14 kar\u00e1tos aranyb\u00f3l, mely a modern megjelen\u00e9s\u0171, l\u00e1gy vonalaival diszkr\u00e9t m\u00f3don gy\u00f6ny\u00f6rk\u00f6dtetik a szemet.","robots":{"index":"index","follow":"follow","max-snippet":"max-snippet:-1","max-image-preview":"max-image-preview:large","max-video-preview":"max-video-preview:-1"},"canonical":"https:\/\/brillancy.hu\/en\/product\/firenze-2-premium-karikagyuru\/","og_locale":"en_GB","og_type":"article","og_title":"Firenze-2 pr\u00e9mium karikagy\u0171r\u0171","og_description":"Firenze-2 pr\u00e9mium karikagy\u0171r\u0171 14 kar\u00e1tos aranyb\u00f3l, mely a modern megjelen\u00e9s\u0171, l\u00e1gy vonalaival diszkr\u00e9t m\u00f3don gy\u00f6ny\u00f6rk\u00f6dtetik a szemet.","og_url":"https:\/\/brillancy.hu\/en\/product\/firenze-2-premium-karikagyuru\/","og_site_name":"Brillancy","article_modified_time":"2026-04-21T08:24:56+00:00","og_image":[{"width":1024,"height":1024,"url":"https:\/\/brillancy.hu\/wp-content\/uploads\/2025\/06\/firenze-2-premium-karikagyuru-sarga.jpg","type":"image\/jpeg"}],"twitter_card":"summary_large_image","twitter_misc":{"Estimated reading time":"2 minutes"},"schema":{"@context":"https:\/\/schema.org","@graph":[{"@type":"WebPage","@id":"https:\/\/brillancy.hu\/product\/firenze-2-premium-karikagyuru\/","url":"https:\/\/brillancy.hu\/product\/firenze-2-premium-karikagyuru\/","name":"Firenze-2 pr\u00e9mium karikagy\u0171r\u0171 - Brillancy","isPartOf":{"@id":"https:\/\/brillancy.hu\/#website"},"primaryImageOfPage":{"@id":"https:\/\/brillancy.hu\/product\/firenze-2-premium-karikagyuru\/#primaryimage"},"image":{"@id":"https:\/\/brillancy.hu\/product\/firenze-2-premium-karikagyuru\/#primaryimage"},"thumbnailUrl":"https:\/\/brillancy.hu\/wp-content\/uploads\/2025\/06\/firenze-2-premium-karikagyuru-sarga.jpg","datePublished":"2025-05-28T12:26:53+00:00","dateModified":"2026-04-21T08:24:56+00:00","description":"Firenze-2 pr\u00e9mium karikagy\u0171r\u0171 14 kar\u00e1tos aranyb\u00f3l, mely a modern megjelen\u00e9s\u0171, l\u00e1gy vonalaival diszkr\u00e9t m\u00f3don gy\u00f6ny\u00f6rk\u00f6dtetik a szemet.","breadcrumb":{"@id":"https:\/\/brillancy.hu\/product\/firenze-2-premium-karikagyuru\/#breadcrumb"},"inLanguage":"en-GB","potentialAction":[{"@type":"ReadAction","target":["https:\/\/brillancy.hu\/product\/firenze-2-premium-karikagyuru\/"]}]},{"@type":"ImageObject","inLanguage":"en-GB","@id":"https:\/\/brillancy.hu\/product\/firenze-2-premium-karikagyuru\/#primaryimage","url":"https:\/\/brillancy.hu\/wp-content\/uploads\/2025\/06\/firenze-2-premium-karikagyuru-sarga.jpg","contentUrl":"https:\/\/brillancy.hu\/wp-content\/uploads\/2025\/06\/firenze-2-premium-karikagyuru-sarga.jpg","width":1024,"height":1024,"caption":"Firenze-2 pr\u00e9mium karikagy\u0171r\u0171 p\u00e1r"},{"@type":"BreadcrumbList","@id":"https:\/\/brillancy.hu\/product\/firenze-2-premium-karikagyuru\/#breadcrumb","itemListElement":[{"@type":"ListItem","position":1,"name":"Home","item":"https:\/\/brillancy.hu\/"},{"@type":"ListItem","position":2,"name":"Term\u00e9kek","item":"https:\/\/brillancy.hu\/termekek\/"},{"@type":"ListItem","position":3,"name":"Firenze-2 pr\u00e9mium karikagy\u0171r\u0171"}]},{"@type":"WebSite","@id":"https:\/\/brillancy.hu\/#website","url":"https:\/\/brillancy.hu\/","name":"Brillancy","description":"","potentialAction":[{"@type":"SearchAction","target":{"@type":"EntryPoint","urlTemplate":"https:\/\/brillancy.hu\/?s={search_term_string}"},"query-input":{"@type":"PropertyValueSpecification","valueRequired":true,"valueName":"search_term_string"}}],"inLanguage":"en-GB"}]}},"_links":{"self":[{"href":"https:\/\/brillancy.hu\/en\/wp-json\/wp\/v2\/product\/10389","targetHints":{"allow":["GET"]}}],"collection":[{"href":"https:\/\/brillancy.hu\/en\/wp-json\/wp\/v2\/product"}],"about":[{"href":"https:\/\/brillancy.hu\/en\/wp-json\/wp\/v2\/types\/product"}],"replies":[{"embeddable":true,"href":"https:\/\/brillancy.hu\/en\/wp-json\/wp\/v2\/comments?post=10389"}],"wp:featuredmedia":[{"embeddable":true,"href":"https:\/\/brillancy.hu\/en\/wp-json\/wp\/v2\/media\/10972"}],"wp:attachment":[{"href":"https:\/\/brillancy.hu\/en\/wp-json\/wp\/v2\/media?parent=10389"}],"wp:term":[{"taxonomy":"product_brand","embeddable":true,"href":"https:\/\/brillancy.hu\/en\/wp-json\/wp\/v2\/product_brand?post=10389"},{"taxonomy":"product_cat","embeddable":true,"href":"https:\/\/brillancy.hu\/en\/wp-json\/wp\/v2\/product_cat?post=10389"},{"taxonomy":"product_tag","embeddable":true,"href":"https:\/\/brillancy.hu\/en\/wp-json\/wp\/v2\/product_tag?post=10389"}],"curies":[{"name":"wp","href":"https:\/\/api.w.org\/{rel}","templated":true}]}}