{"id":10340,"date":"2025-05-23T19:02:41","date_gmt":"2025-05-23T18:02:41","guid":{"rendered":"https:\/\/brillancy.hu\/?post_type=product&#038;p=10340"},"modified":"2025-10-17T10:56:11","modified_gmt":"2025-10-17T09:56:11","slug":"perelli-arany-gyuru","status":"publish","type":"product","link":"https:\/\/brillancy.hu\/en\/product\/perelli-arany-gyuru\/","title":{"rendered":"Sue gold ring"},"content":{"rendered":"<p><strong>Sue gold ring<\/strong><\/p>\n<p><strong>The designer&#039;s recommendation:<\/strong><\/p>\n<p>The round and curved shapes define this captivating, <strong>14 karat gold ring<\/strong>t. Really unique and showy piece of the creative design is a striking example of. In the middle of the circle motif in closely next to each other lined up on the shiny, <strong>brilliant cut diamonds. <\/strong>The<strong> a total of 11 pieces, 1 mm in diameter, white diamond<\/strong> presence becomes even like to make this amazing jewellery poem.<\/p>\n<ul>\n<li><b>Material:<\/b>\u00a0gold<\/li>\n<li><b>Fineness<\/b>: 585 thousandth, 14 carat<\/li>\n<li><b>Gemstone<\/b>: brilliant cut diamond<\/li>\n<\/ul>\n<p>&nbsp;<\/p>\n<p><strong>Eternal life guarantee:<\/strong>\u00a0the jewelry structure of the material errors and gems<\/p>\n<p>The average production time is 10-15 working days. If you have any important date for which you want the product, please contact with us by phone +36 30 539 1179 number, or the info@brillancy.hu e-mail address.<\/p>\n<p><strong>Can be ordered in yellow, white or rose gold colors. The jewel to the gift box optional.<\/strong><\/p>\n<p><strong>I like the Sue golden ring, but different color diamonds did you imagine it?<\/strong>\u00a0It&#039;s not a problem. We like to give an offer to the expected ideas. Find us confidence on the phone +36 30 539 1179 number, or the info@brillancy.hu e-mail address.<\/p>\n<p><strong>Pay scrap gold<\/strong>\u00a0Damaged, old, or never used gold hiding at home in the cupboards? Bring it in to us and it will be transferred to you the chosen jewellery price.<\/p>","protected":false},"excerpt":{"rendered":"<p>Sue gold ring<\/p>\n<p>Hand made,14 karat gold ring, with brilliant cut diamonds decorated<\/p>","protected":false},"featured_media":10342,"comment_status":"open","ping_status":"closed","template":"","meta":[],"product_brand":[],"product_cat":[19,126],"product_tag":[],"class_list":{"0":"post-10340","1":"product","2":"type-product","3":"status-publish","4":"has-post-thumbnail","6":"product_cat-design-ekszerek","7":"product_cat-vintage","9":"first","10":"instock","11":"shipping-taxable","12":"purchasable","13":"product-type-simple"},"yoast_head":"<!-- This site is optimized with the Yoast SEO Premium plugin v27.0 (Yoast SEO v27.0) - https:\/\/yoast.com\/product\/yoast-seo-premium-wordpress\/ -->\n<title>Perelli arany gy\u0171r\u0171 - Brillancy<\/title>\n<meta name=\"description\" content=\"A Perelli arany gy\u0171r\u0171 formavil\u00e1g\u00e1t a kerek \u00e9s az \u00edvelt form\u00e1k hat\u00e1rozz\u00e1k meg. 14 kar\u00e1tos aranyb\u00f3l k\u00e9sz\u00fcl gy\u0171r\u0171, brili\u00e1ns csiszol\u00e1s\u00fa gy\u00e9m\u00e1ntokkal.\" \/>\n<meta name=\"robots\" content=\"index, follow, max-snippet:-1, max-image-preview:large, max-video-preview:-1\" \/>\n<link rel=\"canonical\" href=\"https:\/\/brillancy.hu\/en\/product\/perelli-arany-gyuru\/\" \/>\n<meta property=\"og:locale\" content=\"en_GB\" \/>\n<meta property=\"og:type\" content=\"article\" \/>\n<meta property=\"og:title\" content=\"Perelli arany gy\u0171r\u0171\" \/>\n<meta property=\"og:description\" content=\"A Perelli arany gy\u0171r\u0171 formavil\u00e1g\u00e1t a kerek \u00e9s az \u00edvelt form\u00e1k hat\u00e1rozz\u00e1k meg. 14 kar\u00e1tos aranyb\u00f3l k\u00e9sz\u00fcl gy\u0171r\u0171, brili\u00e1ns csiszol\u00e1s\u00fa gy\u00e9m\u00e1ntokkal.\" \/>\n<meta property=\"og:url\" content=\"https:\/\/brillancy.hu\/en\/product\/perelli-arany-gyuru\/\" \/>\n<meta property=\"og:site_name\" content=\"Brillancy\" \/>\n<meta property=\"article:modified_time\" content=\"2025-10-17T09:56:11+00:00\" \/>\n<meta property=\"og:image\" content=\"https:\/\/brillancy.hu\/wp-content\/uploads\/2025\/05\/perelli-egyedi-arany-gyuru.png\" \/>\n\t<meta property=\"og:image:width\" content=\"1232\" \/>\n\t<meta property=\"og:image:height\" content=\"928\" \/>\n\t<meta property=\"og:image:type\" content=\"image\/png\" \/>\n<meta name=\"twitter:card\" content=\"summary_large_image\" \/>\n<meta name=\"twitter:label1\" content=\"Estimated reading time\" \/>\n\t<meta name=\"twitter:data1\" content=\"2 minutes\" \/>\n<script type=\"application\/ld+json\" class=\"yoast-schema-graph\">{\"@context\":\"https:\/\/schema.org\",\"@graph\":[{\"@type\":\"WebPage\",\"@id\":\"https:\/\/brillancy.hu\/product\/perelli-arany-gyuru\/\",\"url\":\"https:\/\/brillancy.hu\/product\/perelli-arany-gyuru\/\",\"name\":\"Perelli arany gy\u0171r\u0171 - Brillancy\",\"isPartOf\":{\"@id\":\"https:\/\/brillancy.hu\/#website\"},\"primaryImageOfPage\":{\"@id\":\"https:\/\/brillancy.hu\/product\/perelli-arany-gyuru\/#primaryimage\"},\"image\":{\"@id\":\"https:\/\/brillancy.hu\/product\/perelli-arany-gyuru\/#primaryimage\"},\"thumbnailUrl\":\"https:\/\/brillancy.hu\/wp-content\/uploads\/2025\/05\/perelli-egyedi-arany-gyuru.png\",\"datePublished\":\"2025-05-23T18:02:41+00:00\",\"dateModified\":\"2025-10-17T09:56:11+00:00\",\"description\":\"A Perelli arany gy\u0171r\u0171 formavil\u00e1g\u00e1t a kerek \u00e9s az \u00edvelt form\u00e1k hat\u00e1rozz\u00e1k meg. 14 kar\u00e1tos aranyb\u00f3l k\u00e9sz\u00fcl gy\u0171r\u0171, brili\u00e1ns csiszol\u00e1s\u00fa gy\u00e9m\u00e1ntokkal.\",\"breadcrumb\":{\"@id\":\"https:\/\/brillancy.hu\/product\/perelli-arany-gyuru\/#breadcrumb\"},\"inLanguage\":\"en-GB\",\"potentialAction\":[{\"@type\":\"ReadAction\",\"target\":[\"https:\/\/brillancy.hu\/product\/perelli-arany-gyuru\/\"]}]},{\"@type\":\"ImageObject\",\"inLanguage\":\"en-GB\",\"@id\":\"https:\/\/brillancy.hu\/product\/perelli-arany-gyuru\/#primaryimage\",\"url\":\"https:\/\/brillancy.hu\/wp-content\/uploads\/2025\/05\/perelli-egyedi-arany-gyuru.png\",\"contentUrl\":\"https:\/\/brillancy.hu\/wp-content\/uploads\/2025\/05\/perelli-egyedi-arany-gyuru.png\",\"width\":1232,\"height\":928,\"caption\":\"Perelli arany gy\u0171r\u0171\"},{\"@type\":\"BreadcrumbList\",\"@id\":\"https:\/\/brillancy.hu\/product\/perelli-arany-gyuru\/#breadcrumb\",\"itemListElement\":[{\"@type\":\"ListItem\",\"position\":1,\"name\":\"Home\",\"item\":\"https:\/\/brillancy.hu\/\"},{\"@type\":\"ListItem\",\"position\":2,\"name\":\"Term\u00e9kek\",\"item\":\"https:\/\/brillancy.hu\/termekek\/\"},{\"@type\":\"ListItem\",\"position\":3,\"name\":\"Perelli arany gy\u0171r\u0171\"}]},{\"@type\":\"WebSite\",\"@id\":\"https:\/\/brillancy.hu\/#website\",\"url\":\"https:\/\/brillancy.hu\/\",\"name\":\"Brillancy\",\"description\":\"\",\"potentialAction\":[{\"@type\":\"SearchAction\",\"target\":{\"@type\":\"EntryPoint\",\"urlTemplate\":\"https:\/\/brillancy.hu\/?s={search_term_string}\"},\"query-input\":{\"@type\":\"PropertyValueSpecification\",\"valueRequired\":true,\"valueName\":\"search_term_string\"}}],\"inLanguage\":\"en-GB\"}]}<\/script>\n<!-- \/ Yoast SEO Premium plugin. -->","yoast_head_json":{"title":"Perelli arany gy\u0171r\u0171 - Brillancy","description":"A Perelli arany gy\u0171r\u0171 formavil\u00e1g\u00e1t a kerek \u00e9s az \u00edvelt form\u00e1k hat\u00e1rozz\u00e1k meg. 14 kar\u00e1tos aranyb\u00f3l k\u00e9sz\u00fcl gy\u0171r\u0171, brili\u00e1ns csiszol\u00e1s\u00fa gy\u00e9m\u00e1ntokkal.","robots":{"index":"index","follow":"follow","max-snippet":"max-snippet:-1","max-image-preview":"max-image-preview:large","max-video-preview":"max-video-preview:-1"},"canonical":"https:\/\/brillancy.hu\/en\/product\/perelli-arany-gyuru\/","og_locale":"en_GB","og_type":"article","og_title":"Perelli arany gy\u0171r\u0171","og_description":"A Perelli arany gy\u0171r\u0171 formavil\u00e1g\u00e1t a kerek \u00e9s az \u00edvelt form\u00e1k hat\u00e1rozz\u00e1k meg. 14 kar\u00e1tos aranyb\u00f3l k\u00e9sz\u00fcl gy\u0171r\u0171, brili\u00e1ns csiszol\u00e1s\u00fa gy\u00e9m\u00e1ntokkal.","og_url":"https:\/\/brillancy.hu\/en\/product\/perelli-arany-gyuru\/","og_site_name":"Brillancy","article_modified_time":"2025-10-17T09:56:11+00:00","og_image":[{"width":1232,"height":928,"url":"https:\/\/brillancy.hu\/wp-content\/uploads\/2025\/05\/perelli-egyedi-arany-gyuru.png","type":"image\/png"}],"twitter_card":"summary_large_image","twitter_misc":{"Estimated reading time":"2 minutes"},"schema":{"@context":"https:\/\/schema.org","@graph":[{"@type":"WebPage","@id":"https:\/\/brillancy.hu\/product\/perelli-arany-gyuru\/","url":"https:\/\/brillancy.hu\/product\/perelli-arany-gyuru\/","name":"Perelli arany gy\u0171r\u0171 - Brillancy","isPartOf":{"@id":"https:\/\/brillancy.hu\/#website"},"primaryImageOfPage":{"@id":"https:\/\/brillancy.hu\/product\/perelli-arany-gyuru\/#primaryimage"},"image":{"@id":"https:\/\/brillancy.hu\/product\/perelli-arany-gyuru\/#primaryimage"},"thumbnailUrl":"https:\/\/brillancy.hu\/wp-content\/uploads\/2025\/05\/perelli-egyedi-arany-gyuru.png","datePublished":"2025-05-23T18:02:41+00:00","dateModified":"2025-10-17T09:56:11+00:00","description":"A Perelli arany gy\u0171r\u0171 formavil\u00e1g\u00e1t a kerek \u00e9s az \u00edvelt form\u00e1k hat\u00e1rozz\u00e1k meg. 14 kar\u00e1tos aranyb\u00f3l k\u00e9sz\u00fcl gy\u0171r\u0171, brili\u00e1ns csiszol\u00e1s\u00fa gy\u00e9m\u00e1ntokkal.","breadcrumb":{"@id":"https:\/\/brillancy.hu\/product\/perelli-arany-gyuru\/#breadcrumb"},"inLanguage":"en-GB","potentialAction":[{"@type":"ReadAction","target":["https:\/\/brillancy.hu\/product\/perelli-arany-gyuru\/"]}]},{"@type":"ImageObject","inLanguage":"en-GB","@id":"https:\/\/brillancy.hu\/product\/perelli-arany-gyuru\/#primaryimage","url":"https:\/\/brillancy.hu\/wp-content\/uploads\/2025\/05\/perelli-egyedi-arany-gyuru.png","contentUrl":"https:\/\/brillancy.hu\/wp-content\/uploads\/2025\/05\/perelli-egyedi-arany-gyuru.png","width":1232,"height":928,"caption":"Perelli arany gy\u0171r\u0171"},{"@type":"BreadcrumbList","@id":"https:\/\/brillancy.hu\/product\/perelli-arany-gyuru\/#breadcrumb","itemListElement":[{"@type":"ListItem","position":1,"name":"Home","item":"https:\/\/brillancy.hu\/"},{"@type":"ListItem","position":2,"name":"Term\u00e9kek","item":"https:\/\/brillancy.hu\/termekek\/"},{"@type":"ListItem","position":3,"name":"Perelli arany gy\u0171r\u0171"}]},{"@type":"WebSite","@id":"https:\/\/brillancy.hu\/#website","url":"https:\/\/brillancy.hu\/","name":"Brillancy","description":"","potentialAction":[{"@type":"SearchAction","target":{"@type":"EntryPoint","urlTemplate":"https:\/\/brillancy.hu\/?s={search_term_string}"},"query-input":{"@type":"PropertyValueSpecification","valueRequired":true,"valueName":"search_term_string"}}],"inLanguage":"en-GB"}]}},"_links":{"self":[{"href":"https:\/\/brillancy.hu\/en\/wp-json\/wp\/v2\/product\/10340","targetHints":{"allow":["GET"]}}],"collection":[{"href":"https:\/\/brillancy.hu\/en\/wp-json\/wp\/v2\/product"}],"about":[{"href":"https:\/\/brillancy.hu\/en\/wp-json\/wp\/v2\/types\/product"}],"replies":[{"embeddable":true,"href":"https:\/\/brillancy.hu\/en\/wp-json\/wp\/v2\/comments?post=10340"}],"wp:featuredmedia":[{"embeddable":true,"href":"https:\/\/brillancy.hu\/en\/wp-json\/wp\/v2\/media\/10342"}],"wp:attachment":[{"href":"https:\/\/brillancy.hu\/en\/wp-json\/wp\/v2\/media?parent=10340"}],"wp:term":[{"taxonomy":"product_brand","embeddable":true,"href":"https:\/\/brillancy.hu\/en\/wp-json\/wp\/v2\/product_brand?post=10340"},{"taxonomy":"product_cat","embeddable":true,"href":"https:\/\/brillancy.hu\/en\/wp-json\/wp\/v2\/product_cat?post=10340"},{"taxonomy":"product_tag","embeddable":true,"href":"https:\/\/brillancy.hu\/en\/wp-json\/wp\/v2\/product_tag?post=10340"}],"curies":[{"name":"wp","href":"https:\/\/api.w.org\/{rel}","templated":true}]}}