{"id":10330,"date":"2025-05-22T18:43:39","date_gmt":"2025-05-22T17:43:39","guid":{"rendered":"https:\/\/brillancy.hu\/?post_type=product&#038;p=10330"},"modified":"2025-10-17T10:56:11","modified_gmt":"2025-10-17T09:56:11","slug":"altiani-arany-gyuru","status":"publish","type":"product","link":"https:\/\/brillancy.hu\/en\/product\/altiani-arany-gyuru\/","title":{"rendered":"Alti to gold ring"},"content":{"rendered":"<p><strong>Alti to gold ring<\/strong><\/p>\n<p><strong>The designer&#039;s recommendation:<\/strong><\/p>\n<p>This <strong>14 karat gold ring<\/strong> the main characteristic of the snail line twisting motif. Here is located the <strong>11 pieces of 1 mm in diameter, brilliant cut diamonds, <\/strong>that shine in their rather emphasize that the beautiful design world. The wide ring is really attractive piece, especially look good on long fingers.<\/p>\n<ul>\n<li><b>Material:<\/b>\u00a0gold<\/li>\n<li><b>Fineness<\/b>: 585 thousandth, 14 carat<\/li>\n<li><b>Gemstone<\/b>: brilliant cut diamond<\/li>\n<\/ul>\n<p>&nbsp;<\/p>\n<p><strong>Eternal life guarantee:<\/strong>\u00a0the jewelry structure of the material errors and gems<\/p>\n<p>The average production time is 10-15 working days. If you have any important date for which you want the product, please contact with us by phone +36 30 539 1179 number, or the info@brillancy.hu e-mail address.<\/p>\n<p><strong>Can be ordered in yellow, white or rose gold colors. The jewel to the gift box optional.<\/strong><\/p>\n<p><strong>I like the alti to a golden ring, but different color diamonds did you imagine it?<\/strong>\u00a0It&#039;s not a problem. We like to give an offer to the expected ideas. Find us confidence on the phone +36 30 539 1179 number, or the info@brillancy.hu e-mail address.<\/p>\n<p><strong>Pay scrap gold<\/strong>\u00a0Damaged, old, or never used gold hiding at home in the cupboards? Bring it in to us and it will be transferred to you the chosen jewellery price.<\/p>","protected":false},"excerpt":{"rendered":"<p>Handmade, unique diamond ring, 14 karat gold<\/p>","protected":false},"featured_media":10331,"comment_status":"open","ping_status":"closed","template":"","meta":[],"product_brand":[],"product_cat":[19,126],"product_tag":[],"class_list":{"0":"post-10330","1":"product","2":"type-product","3":"status-publish","4":"has-post-thumbnail","6":"product_cat-design-ekszerek","7":"product_cat-vintage","9":"first","10":"instock","11":"shipping-taxable","12":"purchasable","13":"product-type-simple"},"yoast_head":"<!-- This site is optimized with the Yoast SEO Premium plugin v27.0 (Yoast SEO v27.0) - https:\/\/yoast.com\/product\/yoast-seo-premium-wordpress\/ -->\n<title>Altiani arany gy\u0171r\u0171 - Brillancy<\/title>\n<meta name=\"description\" content=\"Altiani arany gy\u0171r\u0171 a f\u0151 jellegzetess\u00e9ge a csigavonalban kanyarg\u00f3 mot\u00edvum. Itt helyezkedik el a 11 darab, 1 mm \u00e1tm\u00e9r\u0151j\u0171, brili\u00e1ns csiszol\u00e1s\u00fa gy\u00e9m\u00e1nt.\" \/>\n<meta name=\"robots\" content=\"index, follow, max-snippet:-1, max-image-preview:large, max-video-preview:-1\" \/>\n<link rel=\"canonical\" href=\"https:\/\/brillancy.hu\/en\/product\/altiani-arany-gyuru\/\" \/>\n<meta property=\"og:locale\" content=\"en_GB\" \/>\n<meta property=\"og:type\" content=\"article\" \/>\n<meta property=\"og:title\" content=\"Altiani arany gy\u0171r\u0171\" \/>\n<meta property=\"og:description\" content=\"Altiani arany gy\u0171r\u0171 a f\u0151 jellegzetess\u00e9ge a csigavonalban kanyarg\u00f3 mot\u00edvum. Itt helyezkedik el a 11 darab, 1 mm \u00e1tm\u00e9r\u0151j\u0171, brili\u00e1ns csiszol\u00e1s\u00fa gy\u00e9m\u00e1nt.\" \/>\n<meta property=\"og:url\" content=\"https:\/\/brillancy.hu\/en\/product\/altiani-arany-gyuru\/\" \/>\n<meta property=\"og:site_name\" content=\"Brillancy\" \/>\n<meta property=\"article:modified_time\" content=\"2025-10-17T09:56:11+00:00\" \/>\n<meta property=\"og:image\" content=\"https:\/\/brillancy.hu\/wp-content\/uploads\/2025\/05\/altiani-gyemant-gyuru.png\" \/>\n\t<meta property=\"og:image:width\" content=\"1232\" \/>\n\t<meta property=\"og:image:height\" content=\"928\" \/>\n\t<meta property=\"og:image:type\" content=\"image\/png\" \/>\n<meta name=\"twitter:card\" content=\"summary_large_image\" \/>\n<meta name=\"twitter:label1\" content=\"Estimated reading time\" \/>\n\t<meta name=\"twitter:data1\" content=\"3 minutes\" \/>\n<script type=\"application\/ld+json\" class=\"yoast-schema-graph\">{\"@context\":\"https:\/\/schema.org\",\"@graph\":[{\"@type\":\"WebPage\",\"@id\":\"https:\/\/brillancy.hu\/product\/altiani-arany-gyuru\/\",\"url\":\"https:\/\/brillancy.hu\/product\/altiani-arany-gyuru\/\",\"name\":\"Altiani arany gy\u0171r\u0171 - Brillancy\",\"isPartOf\":{\"@id\":\"https:\/\/brillancy.hu\/#website\"},\"primaryImageOfPage\":{\"@id\":\"https:\/\/brillancy.hu\/product\/altiani-arany-gyuru\/#primaryimage\"},\"image\":{\"@id\":\"https:\/\/brillancy.hu\/product\/altiani-arany-gyuru\/#primaryimage\"},\"thumbnailUrl\":\"https:\/\/brillancy.hu\/wp-content\/uploads\/2025\/05\/altiani-gyemant-gyuru.png\",\"datePublished\":\"2025-05-22T17:43:39+00:00\",\"dateModified\":\"2025-10-17T09:56:11+00:00\",\"description\":\"Altiani arany gy\u0171r\u0171 a f\u0151 jellegzetess\u00e9ge a csigavonalban kanyarg\u00f3 mot\u00edvum. Itt helyezkedik el a 11 darab, 1 mm \u00e1tm\u00e9r\u0151j\u0171, brili\u00e1ns csiszol\u00e1s\u00fa gy\u00e9m\u00e1nt.\",\"breadcrumb\":{\"@id\":\"https:\/\/brillancy.hu\/product\/altiani-arany-gyuru\/#breadcrumb\"},\"inLanguage\":\"en-GB\",\"potentialAction\":[{\"@type\":\"ReadAction\",\"target\":[\"https:\/\/brillancy.hu\/product\/altiani-arany-gyuru\/\"]}]},{\"@type\":\"ImageObject\",\"inLanguage\":\"en-GB\",\"@id\":\"https:\/\/brillancy.hu\/product\/altiani-arany-gyuru\/#primaryimage\",\"url\":\"https:\/\/brillancy.hu\/wp-content\/uploads\/2025\/05\/altiani-gyemant-gyuru.png\",\"contentUrl\":\"https:\/\/brillancy.hu\/wp-content\/uploads\/2025\/05\/altiani-gyemant-gyuru.png\",\"width\":1232,\"height\":928,\"caption\":\"Altianai-arany-gyuru-sarga\"},{\"@type\":\"BreadcrumbList\",\"@id\":\"https:\/\/brillancy.hu\/product\/altiani-arany-gyuru\/#breadcrumb\",\"itemListElement\":[{\"@type\":\"ListItem\",\"position\":1,\"name\":\"Home\",\"item\":\"https:\/\/brillancy.hu\/\"},{\"@type\":\"ListItem\",\"position\":2,\"name\":\"Term\u00e9kek\",\"item\":\"https:\/\/brillancy.hu\/termekek\/\"},{\"@type\":\"ListItem\",\"position\":3,\"name\":\"Altiani arany gy\u0171r\u0171\"}]},{\"@type\":\"WebSite\",\"@id\":\"https:\/\/brillancy.hu\/#website\",\"url\":\"https:\/\/brillancy.hu\/\",\"name\":\"Brillancy\",\"description\":\"\",\"potentialAction\":[{\"@type\":\"SearchAction\",\"target\":{\"@type\":\"EntryPoint\",\"urlTemplate\":\"https:\/\/brillancy.hu\/?s={search_term_string}\"},\"query-input\":{\"@type\":\"PropertyValueSpecification\",\"valueRequired\":true,\"valueName\":\"search_term_string\"}}],\"inLanguage\":\"en-GB\"}]}<\/script>\n<!-- \/ Yoast SEO Premium plugin. -->","yoast_head_json":{"title":"Altiani arany gy\u0171r\u0171 - Brillancy","description":"Altiani arany gy\u0171r\u0171 a f\u0151 jellegzetess\u00e9ge a csigavonalban kanyarg\u00f3 mot\u00edvum. Itt helyezkedik el a 11 darab, 1 mm \u00e1tm\u00e9r\u0151j\u0171, brili\u00e1ns csiszol\u00e1s\u00fa gy\u00e9m\u00e1nt.","robots":{"index":"index","follow":"follow","max-snippet":"max-snippet:-1","max-image-preview":"max-image-preview:large","max-video-preview":"max-video-preview:-1"},"canonical":"https:\/\/brillancy.hu\/en\/product\/altiani-arany-gyuru\/","og_locale":"en_GB","og_type":"article","og_title":"Altiani arany gy\u0171r\u0171","og_description":"Altiani arany gy\u0171r\u0171 a f\u0151 jellegzetess\u00e9ge a csigavonalban kanyarg\u00f3 mot\u00edvum. Itt helyezkedik el a 11 darab, 1 mm \u00e1tm\u00e9r\u0151j\u0171, brili\u00e1ns csiszol\u00e1s\u00fa gy\u00e9m\u00e1nt.","og_url":"https:\/\/brillancy.hu\/en\/product\/altiani-arany-gyuru\/","og_site_name":"Brillancy","article_modified_time":"2025-10-17T09:56:11+00:00","og_image":[{"width":1232,"height":928,"url":"https:\/\/brillancy.hu\/wp-content\/uploads\/2025\/05\/altiani-gyemant-gyuru.png","type":"image\/png"}],"twitter_card":"summary_large_image","twitter_misc":{"Estimated reading time":"3 minutes"},"schema":{"@context":"https:\/\/schema.org","@graph":[{"@type":"WebPage","@id":"https:\/\/brillancy.hu\/product\/altiani-arany-gyuru\/","url":"https:\/\/brillancy.hu\/product\/altiani-arany-gyuru\/","name":"Altiani arany gy\u0171r\u0171 - Brillancy","isPartOf":{"@id":"https:\/\/brillancy.hu\/#website"},"primaryImageOfPage":{"@id":"https:\/\/brillancy.hu\/product\/altiani-arany-gyuru\/#primaryimage"},"image":{"@id":"https:\/\/brillancy.hu\/product\/altiani-arany-gyuru\/#primaryimage"},"thumbnailUrl":"https:\/\/brillancy.hu\/wp-content\/uploads\/2025\/05\/altiani-gyemant-gyuru.png","datePublished":"2025-05-22T17:43:39+00:00","dateModified":"2025-10-17T09:56:11+00:00","description":"Altiani arany gy\u0171r\u0171 a f\u0151 jellegzetess\u00e9ge a csigavonalban kanyarg\u00f3 mot\u00edvum. Itt helyezkedik el a 11 darab, 1 mm \u00e1tm\u00e9r\u0151j\u0171, brili\u00e1ns csiszol\u00e1s\u00fa gy\u00e9m\u00e1nt.","breadcrumb":{"@id":"https:\/\/brillancy.hu\/product\/altiani-arany-gyuru\/#breadcrumb"},"inLanguage":"en-GB","potentialAction":[{"@type":"ReadAction","target":["https:\/\/brillancy.hu\/product\/altiani-arany-gyuru\/"]}]},{"@type":"ImageObject","inLanguage":"en-GB","@id":"https:\/\/brillancy.hu\/product\/altiani-arany-gyuru\/#primaryimage","url":"https:\/\/brillancy.hu\/wp-content\/uploads\/2025\/05\/altiani-gyemant-gyuru.png","contentUrl":"https:\/\/brillancy.hu\/wp-content\/uploads\/2025\/05\/altiani-gyemant-gyuru.png","width":1232,"height":928,"caption":"Altianai-arany-gyuru-sarga"},{"@type":"BreadcrumbList","@id":"https:\/\/brillancy.hu\/product\/altiani-arany-gyuru\/#breadcrumb","itemListElement":[{"@type":"ListItem","position":1,"name":"Home","item":"https:\/\/brillancy.hu\/"},{"@type":"ListItem","position":2,"name":"Term\u00e9kek","item":"https:\/\/brillancy.hu\/termekek\/"},{"@type":"ListItem","position":3,"name":"Altiani arany gy\u0171r\u0171"}]},{"@type":"WebSite","@id":"https:\/\/brillancy.hu\/#website","url":"https:\/\/brillancy.hu\/","name":"Brillancy","description":"","potentialAction":[{"@type":"SearchAction","target":{"@type":"EntryPoint","urlTemplate":"https:\/\/brillancy.hu\/?s={search_term_string}"},"query-input":{"@type":"PropertyValueSpecification","valueRequired":true,"valueName":"search_term_string"}}],"inLanguage":"en-GB"}]}},"_links":{"self":[{"href":"https:\/\/brillancy.hu\/en\/wp-json\/wp\/v2\/product\/10330","targetHints":{"allow":["GET"]}}],"collection":[{"href":"https:\/\/brillancy.hu\/en\/wp-json\/wp\/v2\/product"}],"about":[{"href":"https:\/\/brillancy.hu\/en\/wp-json\/wp\/v2\/types\/product"}],"replies":[{"embeddable":true,"href":"https:\/\/brillancy.hu\/en\/wp-json\/wp\/v2\/comments?post=10330"}],"wp:featuredmedia":[{"embeddable":true,"href":"https:\/\/brillancy.hu\/en\/wp-json\/wp\/v2\/media\/10331"}],"wp:attachment":[{"href":"https:\/\/brillancy.hu\/en\/wp-json\/wp\/v2\/media?parent=10330"}],"wp:term":[{"taxonomy":"product_brand","embeddable":true,"href":"https:\/\/brillancy.hu\/en\/wp-json\/wp\/v2\/product_brand?post=10330"},{"taxonomy":"product_cat","embeddable":true,"href":"https:\/\/brillancy.hu\/en\/wp-json\/wp\/v2\/product_cat?post=10330"},{"taxonomy":"product_tag","embeddable":true,"href":"https:\/\/brillancy.hu\/en\/wp-json\/wp\/v2\/product_tag?post=10330"}],"curies":[{"name":"wp","href":"https:\/\/api.w.org\/{rel}","templated":true}]}}