{"id":10292,"date":"2025-05-20T15:40:15","date_gmt":"2025-05-20T14:40:15","guid":{"rendered":"https:\/\/brillancy.hu\/?post_type=product&#038;p=10292"},"modified":"2026-01-28T17:08:24","modified_gmt":"2026-01-28T16:08:24","slug":"raffaello-turmalin-gyuru","status":"publish","type":"product","link":"https:\/\/brillancy.hu\/en\/product\/raffaello-turmalin-gyuru\/","title":{"rendered":"Raphael tourmaline ring"},"content":{"rendered":"<p>Raphael tourmaline ring<\/p>\n<div class=\"elementor-element elementor-element-d420247 e-flex e-con-boxed e-con e-parent e-lazyloaded\" data-id=\"d420247\" data-element_type=\"container\" data-settings=\"{&quot;jet_parallax_layout_list&quot;:[]}\">\n<div class=\"e-con-inner\">\n<div class=\"elementor-element elementor-element-c88803c e-con-full e-flex e-con e-child\" data-id=\"c88803c\" data-element_type=\"container\" data-settings=\"{&quot;jet_parallax_layout_list&quot;:[]}\">\n<div class=\"elementor-element elementor-element-4391289 e-con-full e-flex e-con e-child\" data-id=\"4391289\" data-element_type=\"container\" data-settings=\"{&quot;background_background&quot;:&quot;classic&quot;,&quot;jet_parallax_layout_list&quot;:[]}\">\n<div class=\"elementor-element elementor-element-08bb978 elementor-widget elementor-widget-woocommerce-product-content\" data-id=\"08bb978\" data-element_type=\"widget\" data-widget_type=\"woocommerce-product-content.default\">\n<div class=\"elementor-widget-container\">\n<p>Clean with the lines for those who love the really unique jewelry. Subtle elegance of the art deco style quotes. As each gem is individually polished, so inquire about deadlines.<\/p>\n<ul>\n<li><strong>Material:<\/strong>\u00a0gold<\/li>\n<li><strong>Fineness<\/strong>: 585 thousandth, 14 carat<\/li>\n<li><strong>Gemstone<\/strong>: brilliant cut natural diamond, and emerald cut tourmaline<\/li>\n<li><strong>Eternal life guarantee:<\/strong>\u00a0the jewelry structure of the material errors and gems<\/li>\n<li><strong>Free renewal:<\/strong>\u00a0We take your diamond ring, free scratch-free sales of and purification of five times (once a year) the purchase within five years.<\/li>\n<li><strong>Free size adjustment:\u00a0<\/strong>If you haven&#039;t found the correct size, we will take the ring free size adjustments.<\/li>\n<li><strong>Gift box:\u00a0<\/strong>The ring is a gift in the box set, and several kinds of colors You can pick out!<\/li>\n<\/ul>\n<p><strong>Can be ordered in white, yellow or rose gold colors.<\/strong><\/p>\n<p><strong>I like the tourmaline diamond ring, but a different size diamonds, or colorful gems did you imagine it?<\/strong>\u00a0It&#039;s not a problem. We like to give you an offer to the expected ideas. Find us confidence on the phone +36 30 539 1179 number, or the\u00a0<a href=\"mailto:info@brillancy.hu\">info@brillancy.hu<\/a>\u00a0e-mail address.<\/p>\n<p><strong>Pay scrap gold<\/strong> Damaged, old, or never used gold hiding at home in the cupboards? Bring it in to us and it will be transferred to you the chosen jewellery price.<\/p>\n<\/div>\n<\/div>\n<\/div>\n<\/div>\n<\/div>\n<\/div>","protected":false},"excerpt":{"rendered":"<p>Raphael tourmaline ring<\/p>\n<div class=\"elementor-element elementor-element-d420247 e-flex e-con-boxed e-con e-parent e-lazyloaded\" data-id=\"d420247\" data-element_type=\"container\" data-settings=\"{&quot;jet_parallax_layout_list&quot;:[]}\">\n<div class=\"e-con-inner\">\n<div class=\"elementor-element elementor-element-c88803c e-con-full e-flex e-con e-child\" data-id=\"c88803c\" data-element_type=\"container\" data-settings=\"{&quot;jet_parallax_layout_list&quot;:[]}\">\n<div class=\"elementor-element elementor-element-4391289 e-con-full e-flex e-con e-child\" data-id=\"4391289\" data-element_type=\"container\" data-settings=\"{&quot;background_background&quot;:&quot;classic&quot;,&quot;jet_parallax_layout_list&quot;:[]}\">\n<div class=\"elementor-element elementor-element-08bb978 elementor-widget elementor-widget-woocommerce-product-content\" data-id=\"08bb978\" data-element_type=\"widget\" data-widget_type=\"woocommerce-product-content.default\">\n<div class=\"elementor-widget-container\">\n<p>Clean with the lines for those who love the it&#039;s not every day jewelry. Subtle elegance of the art deco style quotes<\/p>\n<\/div>\n<\/div>\n<\/div>\n<\/div>\n<\/div>\n<\/div>","protected":false},"featured_media":10287,"comment_status":"open","ping_status":"closed","template":"","meta":[],"product_brand":[],"product_cat":[19,17,127,43],"product_tag":[],"class_list":{"0":"post-10292","1":"product","2":"type-product","3":"status-publish","4":"has-post-thumbnail","6":"product_cat-design-ekszerek","7":"product_cat-eljegyzesi-gyuruk","8":"product_cat-neo-deco","9":"product_cat-turmalin","11":"first","12":"instock","13":"shipping-taxable","14":"purchasable","15":"product-type-simple"},"yoast_head":"<!-- This site is optimized with the Yoast SEO Premium plugin v27.0 (Yoast SEO v27.4) - https:\/\/yoast.com\/product\/yoast-seo-premium-wordpress\/ -->\n<title>Raffaello turmalin gy\u0171r\u0171 - Brillancy<\/title>\n<meta name=\"description\" content=\"Raffaello turmalin gy\u0171r\u0171Letisztult vonalaival azoknak aj\u00e1nljuk, akik szeretik a nem mindennapi \u00e9kszereket. Finom eleganci\u00e1j\u00e1val az art deco st\u00edlust id\u00e9zi\" \/>\n<meta name=\"robots\" content=\"index, follow, max-snippet:-1, max-image-preview:large, max-video-preview:-1\" \/>\n<link rel=\"canonical\" href=\"https:\/\/brillancy.hu\/en\/product\/raffaello-turmalin-gyuru\/\" \/>\n<meta property=\"og:locale\" content=\"en_GB\" \/>\n<meta property=\"og:type\" content=\"article\" \/>\n<meta property=\"og:title\" content=\"Raffaello turmalin gy\u0171r\u0171\" \/>\n<meta property=\"og:description\" content=\"Raffaello turmalin gy\u0171r\u0171Letisztult vonalaival azoknak aj\u00e1nljuk, akik szeretik a nem mindennapi \u00e9kszereket. Finom eleganci\u00e1j\u00e1val az art deco st\u00edlust id\u00e9zi\" \/>\n<meta property=\"og:url\" content=\"https:\/\/brillancy.hu\/en\/product\/raffaello-turmalin-gyuru\/\" \/>\n<meta property=\"og:site_name\" content=\"Brillancy\" \/>\n<meta property=\"article:modified_time\" content=\"2026-01-28T16:08:24+00:00\" \/>\n<meta property=\"og:image\" content=\"https:\/\/brillancy.hu\/wp-content\/uploads\/2025\/05\/raffaello.png\" \/>\n\t<meta property=\"og:image:width\" content=\"1232\" \/>\n\t<meta property=\"og:image:height\" content=\"928\" \/>\n\t<meta property=\"og:image:type\" content=\"image\/png\" \/>\n<meta name=\"twitter:card\" content=\"summary_large_image\" \/>\n<meta name=\"twitter:label1\" content=\"Estimated reading time\" \/>\n\t<meta name=\"twitter:data1\" content=\"2 minutes\" \/>\n<script type=\"application\/ld+json\" class=\"yoast-schema-graph\">{\"@context\":\"https:\\\/\\\/schema.org\",\"@graph\":[{\"@type\":\"WebPage\",\"@id\":\"https:\\\/\\\/brillancy.hu\\\/product\\\/raffaello-turmalin-gyuru\\\/\",\"url\":\"https:\\\/\\\/brillancy.hu\\\/product\\\/raffaello-turmalin-gyuru\\\/\",\"name\":\"Raffaello turmalin gy\u0171r\u0171 - Brillancy\",\"isPartOf\":{\"@id\":\"https:\\\/\\\/brillancy.hu\\\/#website\"},\"primaryImageOfPage\":{\"@id\":\"https:\\\/\\\/brillancy.hu\\\/product\\\/raffaello-turmalin-gyuru\\\/#primaryimage\"},\"image\":{\"@id\":\"https:\\\/\\\/brillancy.hu\\\/product\\\/raffaello-turmalin-gyuru\\\/#primaryimage\"},\"thumbnailUrl\":\"https:\\\/\\\/brillancy.hu\\\/wp-content\\\/uploads\\\/2025\\\/05\\\/raffaello.png\",\"datePublished\":\"2025-05-20T14:40:15+00:00\",\"dateModified\":\"2026-01-28T16:08:24+00:00\",\"description\":\"Raffaello turmalin gy\u0171r\u0171Letisztult vonalaival azoknak aj\u00e1nljuk, akik szeretik a nem mindennapi \u00e9kszereket. Finom eleganci\u00e1j\u00e1val az art deco st\u00edlust id\u00e9zi\",\"breadcrumb\":{\"@id\":\"https:\\\/\\\/brillancy.hu\\\/product\\\/raffaello-turmalin-gyuru\\\/#breadcrumb\"},\"inLanguage\":\"en-GB\",\"potentialAction\":[{\"@type\":\"ReadAction\",\"target\":[\"https:\\\/\\\/brillancy.hu\\\/product\\\/raffaello-turmalin-gyuru\\\/\"]}]},{\"@type\":\"ImageObject\",\"inLanguage\":\"en-GB\",\"@id\":\"https:\\\/\\\/brillancy.hu\\\/product\\\/raffaello-turmalin-gyuru\\\/#primaryimage\",\"url\":\"https:\\\/\\\/brillancy.hu\\\/wp-content\\\/uploads\\\/2025\\\/05\\\/raffaello.png\",\"contentUrl\":\"https:\\\/\\\/brillancy.hu\\\/wp-content\\\/uploads\\\/2025\\\/05\\\/raffaello.png\",\"width\":1232,\"height\":928,\"caption\":\"Raffaello turmalin gy\u0171r\u0171\"},{\"@type\":\"BreadcrumbList\",\"@id\":\"https:\\\/\\\/brillancy.hu\\\/product\\\/raffaello-turmalin-gyuru\\\/#breadcrumb\",\"itemListElement\":[{\"@type\":\"ListItem\",\"position\":1,\"name\":\"Home\",\"item\":\"https:\\\/\\\/brillancy.hu\\\/\"},{\"@type\":\"ListItem\",\"position\":2,\"name\":\"Term\u00e9kek\",\"item\":\"https:\\\/\\\/brillancy.hu\\\/termekek\\\/\"},{\"@type\":\"ListItem\",\"position\":3,\"name\":\"Raffaello turmalin gy\u0171r\u0171\"}]},{\"@type\":\"WebSite\",\"@id\":\"https:\\\/\\\/brillancy.hu\\\/#website\",\"url\":\"https:\\\/\\\/brillancy.hu\\\/\",\"name\":\"Brillancy\",\"description\":\"\",\"potentialAction\":[{\"@type\":\"SearchAction\",\"target\":{\"@type\":\"EntryPoint\",\"urlTemplate\":\"https:\\\/\\\/brillancy.hu\\\/?s={search_term_string}\"},\"query-input\":{\"@type\":\"PropertyValueSpecification\",\"valueRequired\":true,\"valueName\":\"search_term_string\"}}],\"inLanguage\":\"en-GB\"}]}<\/script>\n<!-- \/ Yoast SEO Premium plugin. -->","yoast_head_json":{"title":"Raffaello turmalin gy\u0171r\u0171 - Brillancy","description":"Raffaello turmalin gy\u0171r\u0171Letisztult vonalaival azoknak aj\u00e1nljuk, akik szeretik a nem mindennapi \u00e9kszereket. Finom eleganci\u00e1j\u00e1val az art deco st\u00edlust id\u00e9zi","robots":{"index":"index","follow":"follow","max-snippet":"max-snippet:-1","max-image-preview":"max-image-preview:large","max-video-preview":"max-video-preview:-1"},"canonical":"https:\/\/brillancy.hu\/en\/product\/raffaello-turmalin-gyuru\/","og_locale":"en_GB","og_type":"article","og_title":"Raffaello turmalin gy\u0171r\u0171","og_description":"Raffaello turmalin gy\u0171r\u0171Letisztult vonalaival azoknak aj\u00e1nljuk, akik szeretik a nem mindennapi \u00e9kszereket. Finom eleganci\u00e1j\u00e1val az art deco st\u00edlust id\u00e9zi","og_url":"https:\/\/brillancy.hu\/en\/product\/raffaello-turmalin-gyuru\/","og_site_name":"Brillancy","article_modified_time":"2026-01-28T16:08:24+00:00","og_image":[{"width":1232,"height":928,"url":"https:\/\/brillancy.hu\/wp-content\/uploads\/2025\/05\/raffaello.png","type":"image\/png"}],"twitter_card":"summary_large_image","twitter_misc":{"Estimated reading time":"2 minutes"},"schema":{"@context":"https:\/\/schema.org","@graph":[{"@type":"WebPage","@id":"https:\/\/brillancy.hu\/product\/raffaello-turmalin-gyuru\/","url":"https:\/\/brillancy.hu\/product\/raffaello-turmalin-gyuru\/","name":"Raffaello turmalin gy\u0171r\u0171 - Brillancy","isPartOf":{"@id":"https:\/\/brillancy.hu\/#website"},"primaryImageOfPage":{"@id":"https:\/\/brillancy.hu\/product\/raffaello-turmalin-gyuru\/#primaryimage"},"image":{"@id":"https:\/\/brillancy.hu\/product\/raffaello-turmalin-gyuru\/#primaryimage"},"thumbnailUrl":"https:\/\/brillancy.hu\/wp-content\/uploads\/2025\/05\/raffaello.png","datePublished":"2025-05-20T14:40:15+00:00","dateModified":"2026-01-28T16:08:24+00:00","description":"Raffaello turmalin gy\u0171r\u0171Letisztult vonalaival azoknak aj\u00e1nljuk, akik szeretik a nem mindennapi \u00e9kszereket. Finom eleganci\u00e1j\u00e1val az art deco st\u00edlust id\u00e9zi","breadcrumb":{"@id":"https:\/\/brillancy.hu\/product\/raffaello-turmalin-gyuru\/#breadcrumb"},"inLanguage":"en-GB","potentialAction":[{"@type":"ReadAction","target":["https:\/\/brillancy.hu\/product\/raffaello-turmalin-gyuru\/"]}]},{"@type":"ImageObject","inLanguage":"en-GB","@id":"https:\/\/brillancy.hu\/product\/raffaello-turmalin-gyuru\/#primaryimage","url":"https:\/\/brillancy.hu\/wp-content\/uploads\/2025\/05\/raffaello.png","contentUrl":"https:\/\/brillancy.hu\/wp-content\/uploads\/2025\/05\/raffaello.png","width":1232,"height":928,"caption":"Raffaello turmalin gy\u0171r\u0171"},{"@type":"BreadcrumbList","@id":"https:\/\/brillancy.hu\/product\/raffaello-turmalin-gyuru\/#breadcrumb","itemListElement":[{"@type":"ListItem","position":1,"name":"Home","item":"https:\/\/brillancy.hu\/"},{"@type":"ListItem","position":2,"name":"Term\u00e9kek","item":"https:\/\/brillancy.hu\/termekek\/"},{"@type":"ListItem","position":3,"name":"Raffaello turmalin gy\u0171r\u0171"}]},{"@type":"WebSite","@id":"https:\/\/brillancy.hu\/#website","url":"https:\/\/brillancy.hu\/","name":"Brillancy","description":"","potentialAction":[{"@type":"SearchAction","target":{"@type":"EntryPoint","urlTemplate":"https:\/\/brillancy.hu\/?s={search_term_string}"},"query-input":{"@type":"PropertyValueSpecification","valueRequired":true,"valueName":"search_term_string"}}],"inLanguage":"en-GB"}]}},"_links":{"self":[{"href":"https:\/\/brillancy.hu\/en\/wp-json\/wp\/v2\/product\/10292","targetHints":{"allow":["GET"]}}],"collection":[{"href":"https:\/\/brillancy.hu\/en\/wp-json\/wp\/v2\/product"}],"about":[{"href":"https:\/\/brillancy.hu\/en\/wp-json\/wp\/v2\/types\/product"}],"replies":[{"embeddable":true,"href":"https:\/\/brillancy.hu\/en\/wp-json\/wp\/v2\/comments?post=10292"}],"wp:featuredmedia":[{"embeddable":true,"href":"https:\/\/brillancy.hu\/en\/wp-json\/wp\/v2\/media\/10287"}],"wp:attachment":[{"href":"https:\/\/brillancy.hu\/en\/wp-json\/wp\/v2\/media?parent=10292"}],"wp:term":[{"taxonomy":"product_brand","embeddable":true,"href":"https:\/\/brillancy.hu\/en\/wp-json\/wp\/v2\/product_brand?post=10292"},{"taxonomy":"product_cat","embeddable":true,"href":"https:\/\/brillancy.hu\/en\/wp-json\/wp\/v2\/product_cat?post=10292"},{"taxonomy":"product_tag","embeddable":true,"href":"https:\/\/brillancy.hu\/en\/wp-json\/wp\/v2\/product_tag?post=10292"}],"curies":[{"name":"wp","href":"https:\/\/api.w.org\/{rel}","templated":true}]}}