{"id":10244,"date":"2025-05-19T19:04:09","date_gmt":"2025-05-19T18:04:09","guid":{"rendered":"https:\/\/brillancy.hu\/?post_type=product&#038;p=10244"},"modified":"2025-10-17T10:56:12","modified_gmt":"2025-10-17T09:56:12","slug":"giardinetto-gyemant-medal","status":"publish","type":"product","link":"https:\/\/brillancy.hu\/en\/product\/giardinetto-gyemant-medal\/","title":{"rendered":"Giardinetto diamond pendant"},"content":{"rendered":"<p><b>Giardinetto diamond pendant<\/b><\/p>\n<div>\n<div><\/div>\n<div><strong>The designer&#039;s recommendation:<\/strong><\/div>\n<\/div>\n<p>The art nouveau art characteristic element of the plant ornamentation. These are the diamond pendant that the style a beautiful effect.<\/p>\n<p>The 14-karat gold jewelry the most vibrant decorations of a fabulous, 3 mm in diameter, with a blue color, brilliant cut diamonds. The squiggly, curved part, and the precise well-developed leaves and small, white diamonds are located. The greatest of 2 mm, the smallest is 1 mm in diameter, The break parts airy in k\u00f6nnyedd\u00e9 enchanted locket. The nature inspired forms lovers we dedicate this ravishing beautiful jewelry poem.<\/p>\n<ul>\n<li><b>Material:<\/b>\u00a0gold<\/li>\n<li><b>Fineness<\/b>: 585 thousandth, 14 carat<\/li>\n<li><b>Gemstone<\/b>: brilliant cut diamond<\/li>\n<\/ul>\n<p>&nbsp;<\/p>\n<p><strong>Eternal life guarantee:<\/strong>\u00a0the jewelry structure of the material errors and gems<\/p>\n<p>The average production time is 4-6 weeks. If you have any important date for which you want the product, please contact with us by phone +36 30 539 1179 number, or the info@brillancy.hu e-mail address.<\/p>\n<p><strong>Can be ordered in yellow, white or rose gold colors. The jewel to the gift box optional.<\/strong><\/p>\n<p><strong>I like the Giardinetto diamond pendant, but a different color gems did you imagine it?<\/strong>\u00a0It&#039;s not a problem. We like to give an offer to the expected ideas. Find us confidence on the phone +36 30 539 1179 number, or the info@brillancy.hu e-mail address.<\/p>\n<p><strong>Pay scrap gold<\/strong>\u00a0Damaged, old, or never used gold hiding at home in the cupboards? Bring it in to us and it will be transferred to you the chosen jewellery price.<\/p>","protected":false},"excerpt":{"rendered":"<p>An art nouveau 14 karat gold diamond pendant blue and white diamonds<\/p>","protected":false},"featured_media":10243,"comment_status":"open","ping_status":"closed","template":"","meta":[],"product_brand":[],"product_cat":[57,19],"product_tag":[],"class_list":{"0":"post-10244","1":"product","2":"type-product","3":"status-publish","4":"has-post-thumbnail","6":"product_cat-art-nouveau","7":"product_cat-design-ekszerek","9":"first","10":"instock","11":"shipping-taxable","12":"purchasable","13":"product-type-simple"},"yoast_head":"<!-- This site is optimized with the Yoast SEO Premium plugin v27.0 (Yoast SEO v27.4) - https:\/\/yoast.com\/product\/yoast-seo-premium-wordpress\/ -->\n<title>Giardinetto gy\u00e9m\u00e1nt med\u00e1l - Brillancy<\/title>\n<meta name=\"description\" content=\"A 14 kar\u00e1tos arany Giardinetto gy\u00e9m\u00e1nt med\u00e1l d\u00edsze egy k\u00e9k sz\u00edn\u0171, brili\u00e1ns csiszol\u00e1s\u00fa gy\u00e9m\u00e1nt,, illetve a leveleken pedig feh\u00e9r gy\u00e9m\u00e1ntok helyezkednek el.\" \/>\n<meta name=\"robots\" content=\"index, follow, max-snippet:-1, max-image-preview:large, max-video-preview:-1\" \/>\n<link rel=\"canonical\" href=\"https:\/\/brillancy.hu\/en\/product\/giardinetto-gyemant-medal\/\" \/>\n<meta property=\"og:locale\" content=\"en_GB\" \/>\n<meta property=\"og:type\" content=\"article\" \/>\n<meta property=\"og:title\" content=\"Giardinetto gy\u00e9m\u00e1nt med\u00e1l\" \/>\n<meta property=\"og:description\" content=\"A 14 kar\u00e1tos arany Giardinetto gy\u00e9m\u00e1nt med\u00e1l d\u00edsze egy k\u00e9k sz\u00edn\u0171, brili\u00e1ns csiszol\u00e1s\u00fa gy\u00e9m\u00e1nt,, illetve a leveleken pedig feh\u00e9r gy\u00e9m\u00e1ntok helyezkednek el.\" \/>\n<meta property=\"og:url\" content=\"https:\/\/brillancy.hu\/en\/product\/giardinetto-gyemant-medal\/\" \/>\n<meta property=\"og:site_name\" content=\"Brillancy\" \/>\n<meta property=\"article:modified_time\" content=\"2025-10-17T09:56:12+00:00\" \/>\n<meta property=\"og:image\" content=\"https:\/\/brillancy.hu\/wp-content\/uploads\/2025\/05\/Giardinetto-gyemant-medal.jpg\" \/>\n\t<meta property=\"og:image:width\" content=\"640\" \/>\n\t<meta property=\"og:image:height\" content=\"480\" \/>\n\t<meta property=\"og:image:type\" content=\"image\/jpeg\" \/>\n<meta name=\"twitter:card\" content=\"summary_large_image\" \/>\n<meta name=\"twitter:label1\" content=\"Estimated reading time\" \/>\n\t<meta name=\"twitter:data1\" content=\"2 minutes\" \/>\n<script type=\"application\/ld+json\" class=\"yoast-schema-graph\">{\"@context\":\"https:\\\/\\\/schema.org\",\"@graph\":[{\"@type\":\"WebPage\",\"@id\":\"https:\\\/\\\/brillancy.hu\\\/product\\\/giardinetto-gyemant-medal\\\/\",\"url\":\"https:\\\/\\\/brillancy.hu\\\/product\\\/giardinetto-gyemant-medal\\\/\",\"name\":\"Giardinetto gy\u00e9m\u00e1nt med\u00e1l - Brillancy\",\"isPartOf\":{\"@id\":\"https:\\\/\\\/brillancy.hu\\\/#website\"},\"primaryImageOfPage\":{\"@id\":\"https:\\\/\\\/brillancy.hu\\\/product\\\/giardinetto-gyemant-medal\\\/#primaryimage\"},\"image\":{\"@id\":\"https:\\\/\\\/brillancy.hu\\\/product\\\/giardinetto-gyemant-medal\\\/#primaryimage\"},\"thumbnailUrl\":\"https:\\\/\\\/brillancy.hu\\\/wp-content\\\/uploads\\\/2025\\\/05\\\/Giardinetto-gyemant-medal.jpg\",\"datePublished\":\"2025-05-19T18:04:09+00:00\",\"dateModified\":\"2025-10-17T09:56:12+00:00\",\"description\":\"A 14 kar\u00e1tos arany Giardinetto gy\u00e9m\u00e1nt med\u00e1l d\u00edsze egy k\u00e9k sz\u00edn\u0171, brili\u00e1ns csiszol\u00e1s\u00fa gy\u00e9m\u00e1nt,, illetve a leveleken pedig feh\u00e9r gy\u00e9m\u00e1ntok helyezkednek el.\",\"breadcrumb\":{\"@id\":\"https:\\\/\\\/brillancy.hu\\\/product\\\/giardinetto-gyemant-medal\\\/#breadcrumb\"},\"inLanguage\":\"en-GB\",\"potentialAction\":[{\"@type\":\"ReadAction\",\"target\":[\"https:\\\/\\\/brillancy.hu\\\/product\\\/giardinetto-gyemant-medal\\\/\"]}]},{\"@type\":\"ImageObject\",\"inLanguage\":\"en-GB\",\"@id\":\"https:\\\/\\\/brillancy.hu\\\/product\\\/giardinetto-gyemant-medal\\\/#primaryimage\",\"url\":\"https:\\\/\\\/brillancy.hu\\\/wp-content\\\/uploads\\\/2025\\\/05\\\/Giardinetto-gyemant-medal.jpg\",\"contentUrl\":\"https:\\\/\\\/brillancy.hu\\\/wp-content\\\/uploads\\\/2025\\\/05\\\/Giardinetto-gyemant-medal.jpg\",\"width\":640,\"height\":480,\"caption\":\"14 kar\u00e1tos aranyb\u00f3l k\u00e9sz\u00fclt gy\u00e9m\u00e1nt med\u00e1l k\u00e9k \u00e9s feh\u00e9r gy\u00e9m\u00e1ntokkal, szecesszi\u00f3s st\u00edlusban\"},{\"@type\":\"BreadcrumbList\",\"@id\":\"https:\\\/\\\/brillancy.hu\\\/product\\\/giardinetto-gyemant-medal\\\/#breadcrumb\",\"itemListElement\":[{\"@type\":\"ListItem\",\"position\":1,\"name\":\"Home\",\"item\":\"https:\\\/\\\/brillancy.hu\\\/\"},{\"@type\":\"ListItem\",\"position\":2,\"name\":\"Term\u00e9kek\",\"item\":\"https:\\\/\\\/brillancy.hu\\\/termekek\\\/\"},{\"@type\":\"ListItem\",\"position\":3,\"name\":\"Giardinetto gy\u00e9m\u00e1nt med\u00e1l\"}]},{\"@type\":\"WebSite\",\"@id\":\"https:\\\/\\\/brillancy.hu\\\/#website\",\"url\":\"https:\\\/\\\/brillancy.hu\\\/\",\"name\":\"Brillancy\",\"description\":\"\",\"potentialAction\":[{\"@type\":\"SearchAction\",\"target\":{\"@type\":\"EntryPoint\",\"urlTemplate\":\"https:\\\/\\\/brillancy.hu\\\/?s={search_term_string}\"},\"query-input\":{\"@type\":\"PropertyValueSpecification\",\"valueRequired\":true,\"valueName\":\"search_term_string\"}}],\"inLanguage\":\"en-GB\"}]}<\/script>\n<!-- \/ Yoast SEO Premium plugin. -->","yoast_head_json":{"title":"Giardinetto gy\u00e9m\u00e1nt med\u00e1l - Brillancy","description":"A 14 kar\u00e1tos arany Giardinetto gy\u00e9m\u00e1nt med\u00e1l d\u00edsze egy k\u00e9k sz\u00edn\u0171, brili\u00e1ns csiszol\u00e1s\u00fa gy\u00e9m\u00e1nt,, illetve a leveleken pedig feh\u00e9r gy\u00e9m\u00e1ntok helyezkednek el.","robots":{"index":"index","follow":"follow","max-snippet":"max-snippet:-1","max-image-preview":"max-image-preview:large","max-video-preview":"max-video-preview:-1"},"canonical":"https:\/\/brillancy.hu\/en\/product\/giardinetto-gyemant-medal\/","og_locale":"en_GB","og_type":"article","og_title":"Giardinetto gy\u00e9m\u00e1nt med\u00e1l","og_description":"A 14 kar\u00e1tos arany Giardinetto gy\u00e9m\u00e1nt med\u00e1l d\u00edsze egy k\u00e9k sz\u00edn\u0171, brili\u00e1ns csiszol\u00e1s\u00fa gy\u00e9m\u00e1nt,, illetve a leveleken pedig feh\u00e9r gy\u00e9m\u00e1ntok helyezkednek el.","og_url":"https:\/\/brillancy.hu\/en\/product\/giardinetto-gyemant-medal\/","og_site_name":"Brillancy","article_modified_time":"2025-10-17T09:56:12+00:00","og_image":[{"width":640,"height":480,"url":"https:\/\/brillancy.hu\/wp-content\/uploads\/2025\/05\/Giardinetto-gyemant-medal.jpg","type":"image\/jpeg"}],"twitter_card":"summary_large_image","twitter_misc":{"Estimated reading time":"2 minutes"},"schema":{"@context":"https:\/\/schema.org","@graph":[{"@type":"WebPage","@id":"https:\/\/brillancy.hu\/product\/giardinetto-gyemant-medal\/","url":"https:\/\/brillancy.hu\/product\/giardinetto-gyemant-medal\/","name":"Giardinetto gy\u00e9m\u00e1nt med\u00e1l - Brillancy","isPartOf":{"@id":"https:\/\/brillancy.hu\/#website"},"primaryImageOfPage":{"@id":"https:\/\/brillancy.hu\/product\/giardinetto-gyemant-medal\/#primaryimage"},"image":{"@id":"https:\/\/brillancy.hu\/product\/giardinetto-gyemant-medal\/#primaryimage"},"thumbnailUrl":"https:\/\/brillancy.hu\/wp-content\/uploads\/2025\/05\/Giardinetto-gyemant-medal.jpg","datePublished":"2025-05-19T18:04:09+00:00","dateModified":"2025-10-17T09:56:12+00:00","description":"A 14 kar\u00e1tos arany Giardinetto gy\u00e9m\u00e1nt med\u00e1l d\u00edsze egy k\u00e9k sz\u00edn\u0171, brili\u00e1ns csiszol\u00e1s\u00fa gy\u00e9m\u00e1nt,, illetve a leveleken pedig feh\u00e9r gy\u00e9m\u00e1ntok helyezkednek el.","breadcrumb":{"@id":"https:\/\/brillancy.hu\/product\/giardinetto-gyemant-medal\/#breadcrumb"},"inLanguage":"en-GB","potentialAction":[{"@type":"ReadAction","target":["https:\/\/brillancy.hu\/product\/giardinetto-gyemant-medal\/"]}]},{"@type":"ImageObject","inLanguage":"en-GB","@id":"https:\/\/brillancy.hu\/product\/giardinetto-gyemant-medal\/#primaryimage","url":"https:\/\/brillancy.hu\/wp-content\/uploads\/2025\/05\/Giardinetto-gyemant-medal.jpg","contentUrl":"https:\/\/brillancy.hu\/wp-content\/uploads\/2025\/05\/Giardinetto-gyemant-medal.jpg","width":640,"height":480,"caption":"14 kar\u00e1tos aranyb\u00f3l k\u00e9sz\u00fclt gy\u00e9m\u00e1nt med\u00e1l k\u00e9k \u00e9s feh\u00e9r gy\u00e9m\u00e1ntokkal, szecesszi\u00f3s st\u00edlusban"},{"@type":"BreadcrumbList","@id":"https:\/\/brillancy.hu\/product\/giardinetto-gyemant-medal\/#breadcrumb","itemListElement":[{"@type":"ListItem","position":1,"name":"Home","item":"https:\/\/brillancy.hu\/"},{"@type":"ListItem","position":2,"name":"Term\u00e9kek","item":"https:\/\/brillancy.hu\/termekek\/"},{"@type":"ListItem","position":3,"name":"Giardinetto gy\u00e9m\u00e1nt med\u00e1l"}]},{"@type":"WebSite","@id":"https:\/\/brillancy.hu\/#website","url":"https:\/\/brillancy.hu\/","name":"Brillancy","description":"","potentialAction":[{"@type":"SearchAction","target":{"@type":"EntryPoint","urlTemplate":"https:\/\/brillancy.hu\/?s={search_term_string}"},"query-input":{"@type":"PropertyValueSpecification","valueRequired":true,"valueName":"search_term_string"}}],"inLanguage":"en-GB"}]}},"_links":{"self":[{"href":"https:\/\/brillancy.hu\/en\/wp-json\/wp\/v2\/product\/10244","targetHints":{"allow":["GET"]}}],"collection":[{"href":"https:\/\/brillancy.hu\/en\/wp-json\/wp\/v2\/product"}],"about":[{"href":"https:\/\/brillancy.hu\/en\/wp-json\/wp\/v2\/types\/product"}],"replies":[{"embeddable":true,"href":"https:\/\/brillancy.hu\/en\/wp-json\/wp\/v2\/comments?post=10244"}],"wp:featuredmedia":[{"embeddable":true,"href":"https:\/\/brillancy.hu\/en\/wp-json\/wp\/v2\/media\/10243"}],"wp:attachment":[{"href":"https:\/\/brillancy.hu\/en\/wp-json\/wp\/v2\/media?parent=10244"}],"wp:term":[{"taxonomy":"product_brand","embeddable":true,"href":"https:\/\/brillancy.hu\/en\/wp-json\/wp\/v2\/product_brand?post=10244"},{"taxonomy":"product_cat","embeddable":true,"href":"https:\/\/brillancy.hu\/en\/wp-json\/wp\/v2\/product_cat?post=10244"},{"taxonomy":"product_tag","embeddable":true,"href":"https:\/\/brillancy.hu\/en\/wp-json\/wp\/v2\/product_tag?post=10244"}],"curies":[{"name":"wp","href":"https:\/\/api.w.org\/{rel}","templated":true}]}}