{"id":10215,"date":"2025-05-19T10:01:15","date_gmt":"2025-05-19T09:01:15","guid":{"rendered":"https:\/\/brillancy.hu\/?post_type=product&#038;p=10215"},"modified":"2025-10-17T10:56:12","modified_gmt":"2025-10-17T09:56:12","slug":"virginia-szecesszios-gyuru","status":"publish","type":"product","link":"https:\/\/brillancy.hu\/en\/product\/virginia-szecesszios-gyuru\/","title":{"rendered":"Virginia art nouveau ring"},"content":{"rendered":"<p><strong>Virginia art nouveau ring<\/strong><\/p>\n<p>Soft, undulating lines, art nouveau style world is characterized by this beautiful <strong>14 karat gold ring<\/strong>t. A brili\u00e1ns csiszol\u00e1s\u00fa feh\u00e9r gy\u00e9m\u00e1ntok mellett k\u00e9k \u00e9s narancssz\u00edn\u0171 zaf\u00edrok is d\u00edsz\u00edtik. Ez a sz\u00ednkombin\u00e1ci\u00f3 vid\u00e1mabb\u00e1 var\u00e1zsolja az \u00e9kszert. A k\u00fcl\u00f6nb\u00f6z\u0151 m\u00e9ret\u0171 (2 mm, 2,2 mm \u00e9s 2,5 mm \u00e1tm\u00e9r\u0151j\u0171) dr\u00e1gak\u00f6vek j\u00e1t\u00e9kos, szab\u00e1lytalan elrendez\u00e9se fokozza a mes\u00e9s l\u00e1tv\u00e1nyt. Aj\u00e1nljuk mindazoknak a hagyom\u00e1nyos megjelen\u00e9s helyett valami formabont\u00f3bbra v\u00e1gynak.<\/p>\n<ul>\n<li><b>Material:<\/b>\u00a0gold<\/li>\n<li><b>Fineness<\/b>: 585 thousandth, 14 carat<\/li>\n<li><b>Gemstone<\/b>: brilliant cut diamonds and sapphire<\/li>\n<\/ul>\n<p>&nbsp;<\/p>\n<p><strong>Eternal life guarantee:\u00a0<\/strong>material errors and gems<\/p>\n<p><strong>Free renewal:\u00a0<\/strong>We undertake the engagement jeweled ring free scratch-free sales of five times and one time the jewel complete renovation of the purchase, within five years!<\/p>\n<p><strong>The ring gift box is optional, and required free size adjust.<\/strong><\/p>\n<p><strong>Pay scrap gold\u00a0<\/strong>Damaged, old, or never used gold hiding at home in the cupboards? Bring it in to us and discounts are factored in for the selected engagement with jeweled gy\u0171r\u0171\u00e1r\u00e1ba.<\/p>\n<p><strong>Tetszik a Virginia szecesszi\u00f3s gy\u0171r\u0171, de m\u00e1s sz\u00edn\u0171 dr\u00e1gak\u00f6vekkel k\u00e9pzelted el? N\u00e1lunk ez nem gond. Sz\u00edvesen adunk neked aj\u00e1nlatot a meg\u00e1lmodott \u00f6tleteidre. Keress minket bizalommal telefonon a +36 30539 1179 sz\u00e1mon, vagy az <\/strong><a href=\"mailto:info@brillancy.hu\"><strong>info@brillancy.hu<\/strong><\/a><strong>\u00a0e-mail address.<\/strong><\/p>","protected":false},"excerpt":{"rendered":"<p>Virginia art nouveau ring: Soft lines, art nouveau style world features the beautiful diamond ring in which the diamonds with blue sapphire and..<\/p>","protected":false},"featured_media":10190,"comment_status":"open","ping_status":"closed","template":"","meta":[],"product_brand":[],"product_cat":[57,19,17,31,37,42],"product_tag":[],"class_list":{"0":"post-10215","1":"product","2":"type-product","3":"status-publish","4":"has-post-thumbnail","6":"product_cat-art-nouveau","7":"product_cat-design-ekszerek","8":"product_cat-eljegyzesi-gyuruk","9":"product_cat-termeszet-inspiralta","10":"product_cat-tobb-koves","11":"product_cat-zafir","13":"first","14":"instock","15":"shipping-taxable","16":"purchasable","17":"product-type-simple"},"yoast_head":"<!-- This site is optimized with the Yoast SEO Premium plugin v27.0 (Yoast SEO v27.4) - https:\/\/yoast.com\/product\/yoast-seo-premium-wordpress\/ -->\n<title>Virginia szecesszi\u00f3s gy\u0171r\u0171 - Brillancy<\/title>\n<meta name=\"description\" content=\"Virginia szecesszi\u00f3s gy\u0171r\u0171: L\u00e1gy vonalvezet\u00e9s, szecesszi\u00f3s st\u00edlusvil\u00e1g jellemzik ezt a mesesz\u00e9p gy\u00e9m\u00e1nt gy\u0171r\u0171t, melyben a gy\u00e9m\u00e1ntok mellett k\u00e9k zaf\u00edr \u00e9s..\" \/>\n<meta name=\"robots\" content=\"index, follow, max-snippet:-1, max-image-preview:large, max-video-preview:-1\" \/>\n<link rel=\"canonical\" href=\"https:\/\/brillancy.hu\/en\/product\/virginia-szecesszios-gyuru\/\" \/>\n<meta property=\"og:locale\" content=\"en_GB\" \/>\n<meta property=\"og:type\" content=\"article\" \/>\n<meta property=\"og:title\" content=\"Virginia szecesszi\u00f3s gy\u0171r\u0171\" \/>\n<meta property=\"og:description\" content=\"Virginia szecesszi\u00f3s gy\u0171r\u0171: L\u00e1gy vonalvezet\u00e9s, szecesszi\u00f3s st\u00edlusvil\u00e1g jellemzik ezt a mesesz\u00e9p gy\u00e9m\u00e1nt gy\u0171r\u0171t, melyben a gy\u00e9m\u00e1ntok mellett k\u00e9k zaf\u00edr \u00e9s..\" \/>\n<meta property=\"og:url\" content=\"https:\/\/brillancy.hu\/en\/product\/virginia-szecesszios-gyuru\/\" \/>\n<meta property=\"og:site_name\" content=\"Brillancy\" \/>\n<meta property=\"article:modified_time\" content=\"2025-10-17T09:56:12+00:00\" \/>\n<meta property=\"og:image\" content=\"https:\/\/brillancy.hu\/wp-content\/uploads\/2025\/05\/amy-1.png\" \/>\n\t<meta property=\"og:image:width\" content=\"1232\" \/>\n\t<meta property=\"og:image:height\" content=\"928\" \/>\n\t<meta property=\"og:image:type\" content=\"image\/png\" \/>\n<meta name=\"twitter:card\" content=\"summary_large_image\" \/>\n<meta name=\"twitter:label1\" content=\"Estimated reading time\" \/>\n\t<meta name=\"twitter:data1\" content=\"2 minutes\" \/>\n<script type=\"application\/ld+json\" class=\"yoast-schema-graph\">{\"@context\":\"https:\\\/\\\/schema.org\",\"@graph\":[{\"@type\":\"WebPage\",\"@id\":\"https:\\\/\\\/brillancy.hu\\\/product\\\/virginia-szecesszios-gyuru\\\/\",\"url\":\"https:\\\/\\\/brillancy.hu\\\/product\\\/virginia-szecesszios-gyuru\\\/\",\"name\":\"Virginia szecesszi\u00f3s gy\u0171r\u0171 - Brillancy\",\"isPartOf\":{\"@id\":\"https:\\\/\\\/brillancy.hu\\\/#website\"},\"primaryImageOfPage\":{\"@id\":\"https:\\\/\\\/brillancy.hu\\\/product\\\/virginia-szecesszios-gyuru\\\/#primaryimage\"},\"image\":{\"@id\":\"https:\\\/\\\/brillancy.hu\\\/product\\\/virginia-szecesszios-gyuru\\\/#primaryimage\"},\"thumbnailUrl\":\"https:\\\/\\\/brillancy.hu\\\/wp-content\\\/uploads\\\/2025\\\/05\\\/amy-1.png\",\"datePublished\":\"2025-05-19T09:01:15+00:00\",\"dateModified\":\"2025-10-17T09:56:12+00:00\",\"description\":\"Virginia szecesszi\u00f3s gy\u0171r\u0171: L\u00e1gy vonalvezet\u00e9s, szecesszi\u00f3s st\u00edlusvil\u00e1g jellemzik ezt a mesesz\u00e9p gy\u00e9m\u00e1nt gy\u0171r\u0171t, melyben a gy\u00e9m\u00e1ntok mellett k\u00e9k zaf\u00edr \u00e9s..\",\"breadcrumb\":{\"@id\":\"https:\\\/\\\/brillancy.hu\\\/product\\\/virginia-szecesszios-gyuru\\\/#breadcrumb\"},\"inLanguage\":\"en-GB\",\"potentialAction\":[{\"@type\":\"ReadAction\",\"target\":[\"https:\\\/\\\/brillancy.hu\\\/product\\\/virginia-szecesszios-gyuru\\\/\"]}]},{\"@type\":\"ImageObject\",\"inLanguage\":\"en-GB\",\"@id\":\"https:\\\/\\\/brillancy.hu\\\/product\\\/virginia-szecesszios-gyuru\\\/#primaryimage\",\"url\":\"https:\\\/\\\/brillancy.hu\\\/wp-content\\\/uploads\\\/2025\\\/05\\\/amy-1.png\",\"contentUrl\":\"https:\\\/\\\/brillancy.hu\\\/wp-content\\\/uploads\\\/2025\\\/05\\\/amy-1.png\",\"width\":1232,\"height\":928,\"caption\":\"Virginia szecesszi\u00f3s gy\u0171r\u0171\"},{\"@type\":\"BreadcrumbList\",\"@id\":\"https:\\\/\\\/brillancy.hu\\\/product\\\/virginia-szecesszios-gyuru\\\/#breadcrumb\",\"itemListElement\":[{\"@type\":\"ListItem\",\"position\":1,\"name\":\"Home\",\"item\":\"https:\\\/\\\/brillancy.hu\\\/\"},{\"@type\":\"ListItem\",\"position\":2,\"name\":\"Term\u00e9kek\",\"item\":\"https:\\\/\\\/brillancy.hu\\\/termekek\\\/\"},{\"@type\":\"ListItem\",\"position\":3,\"name\":\"Virginia szecesszi\u00f3s gy\u0171r\u0171\"}]},{\"@type\":\"WebSite\",\"@id\":\"https:\\\/\\\/brillancy.hu\\\/#website\",\"url\":\"https:\\\/\\\/brillancy.hu\\\/\",\"name\":\"Brillancy\",\"description\":\"\",\"potentialAction\":[{\"@type\":\"SearchAction\",\"target\":{\"@type\":\"EntryPoint\",\"urlTemplate\":\"https:\\\/\\\/brillancy.hu\\\/?s={search_term_string}\"},\"query-input\":{\"@type\":\"PropertyValueSpecification\",\"valueRequired\":true,\"valueName\":\"search_term_string\"}}],\"inLanguage\":\"en-GB\"}]}<\/script>\n<!-- \/ Yoast SEO Premium plugin. -->","yoast_head_json":{"title":"Virginia szecesszi\u00f3s gy\u0171r\u0171 - Brillancy","description":"Virginia art nouveau ring: Soft lines, art nouveau style world features the beautiful diamond ring in which the diamonds with blue sapphire and..","robots":{"index":"index","follow":"follow","max-snippet":"max-snippet:-1","max-image-preview":"max-image-preview:large","max-video-preview":"max-video-preview:-1"},"canonical":"https:\/\/brillancy.hu\/en\/product\/virginia-szecesszios-gyuru\/","og_locale":"en_GB","og_type":"article","og_title":"Virginia szecesszi\u00f3s gy\u0171r\u0171","og_description":"Virginia szecesszi\u00f3s gy\u0171r\u0171: L\u00e1gy vonalvezet\u00e9s, szecesszi\u00f3s st\u00edlusvil\u00e1g jellemzik ezt a mesesz\u00e9p gy\u00e9m\u00e1nt gy\u0171r\u0171t, melyben a gy\u00e9m\u00e1ntok mellett k\u00e9k zaf\u00edr \u00e9s..","og_url":"https:\/\/brillancy.hu\/en\/product\/virginia-szecesszios-gyuru\/","og_site_name":"Brillancy","article_modified_time":"2025-10-17T09:56:12+00:00","og_image":[{"width":1232,"height":928,"url":"https:\/\/brillancy.hu\/wp-content\/uploads\/2025\/05\/amy-1.png","type":"image\/png"}],"twitter_card":"summary_large_image","twitter_misc":{"Estimated reading time":"2 minutes"},"schema":{"@context":"https:\/\/schema.org","@graph":[{"@type":"WebPage","@id":"https:\/\/brillancy.hu\/product\/virginia-szecesszios-gyuru\/","url":"https:\/\/brillancy.hu\/product\/virginia-szecesszios-gyuru\/","name":"Virginia szecesszi\u00f3s gy\u0171r\u0171 - Brillancy","isPartOf":{"@id":"https:\/\/brillancy.hu\/#website"},"primaryImageOfPage":{"@id":"https:\/\/brillancy.hu\/product\/virginia-szecesszios-gyuru\/#primaryimage"},"image":{"@id":"https:\/\/brillancy.hu\/product\/virginia-szecesszios-gyuru\/#primaryimage"},"thumbnailUrl":"https:\/\/brillancy.hu\/wp-content\/uploads\/2025\/05\/amy-1.png","datePublished":"2025-05-19T09:01:15+00:00","dateModified":"2025-10-17T09:56:12+00:00","description":"Virginia art nouveau ring: Soft lines, art nouveau style world features the beautiful diamond ring in which the diamonds with blue sapphire and..","breadcrumb":{"@id":"https:\/\/brillancy.hu\/product\/virginia-szecesszios-gyuru\/#breadcrumb"},"inLanguage":"en-GB","potentialAction":[{"@type":"ReadAction","target":["https:\/\/brillancy.hu\/product\/virginia-szecesszios-gyuru\/"]}]},{"@type":"ImageObject","inLanguage":"en-GB","@id":"https:\/\/brillancy.hu\/product\/virginia-szecesszios-gyuru\/#primaryimage","url":"https:\/\/brillancy.hu\/wp-content\/uploads\/2025\/05\/amy-1.png","contentUrl":"https:\/\/brillancy.hu\/wp-content\/uploads\/2025\/05\/amy-1.png","width":1232,"height":928,"caption":"Virginia szecesszi\u00f3s gy\u0171r\u0171"},{"@type":"BreadcrumbList","@id":"https:\/\/brillancy.hu\/product\/virginia-szecesszios-gyuru\/#breadcrumb","itemListElement":[{"@type":"ListItem","position":1,"name":"Home","item":"https:\/\/brillancy.hu\/"},{"@type":"ListItem","position":2,"name":"Term\u00e9kek","item":"https:\/\/brillancy.hu\/termekek\/"},{"@type":"ListItem","position":3,"name":"Virginia szecesszi\u00f3s gy\u0171r\u0171"}]},{"@type":"WebSite","@id":"https:\/\/brillancy.hu\/#website","url":"https:\/\/brillancy.hu\/","name":"Brillancy","description":"","potentialAction":[{"@type":"SearchAction","target":{"@type":"EntryPoint","urlTemplate":"https:\/\/brillancy.hu\/?s={search_term_string}"},"query-input":{"@type":"PropertyValueSpecification","valueRequired":true,"valueName":"search_term_string"}}],"inLanguage":"en-GB"}]}},"_links":{"self":[{"href":"https:\/\/brillancy.hu\/en\/wp-json\/wp\/v2\/product\/10215","targetHints":{"allow":["GET"]}}],"collection":[{"href":"https:\/\/brillancy.hu\/en\/wp-json\/wp\/v2\/product"}],"about":[{"href":"https:\/\/brillancy.hu\/en\/wp-json\/wp\/v2\/types\/product"}],"replies":[{"embeddable":true,"href":"https:\/\/brillancy.hu\/en\/wp-json\/wp\/v2\/comments?post=10215"}],"wp:featuredmedia":[{"embeddable":true,"href":"https:\/\/brillancy.hu\/en\/wp-json\/wp\/v2\/media\/10190"}],"wp:attachment":[{"href":"https:\/\/brillancy.hu\/en\/wp-json\/wp\/v2\/media?parent=10215"}],"wp:term":[{"taxonomy":"product_brand","embeddable":true,"href":"https:\/\/brillancy.hu\/en\/wp-json\/wp\/v2\/product_brand?post=10215"},{"taxonomy":"product_cat","embeddable":true,"href":"https:\/\/brillancy.hu\/en\/wp-json\/wp\/v2\/product_cat?post=10215"},{"taxonomy":"product_tag","embeddable":true,"href":"https:\/\/brillancy.hu\/en\/wp-json\/wp\/v2\/product_tag?post=10215"}],"curies":[{"name":"wp","href":"https:\/\/api.w.org\/{rel}","templated":true}]}}