{"id":10171,"date":"2025-05-12T18:35:08","date_gmt":"2025-05-12T17:35:08","guid":{"rendered":"https:\/\/brillancy.hu\/?post_type=product&#038;p=10171"},"modified":"2026-03-27T16:49:43","modified_gmt":"2026-03-27T15:49:43","slug":"idylle-dragakoves-medal","status":"publish","type":"product","link":"https:\/\/brillancy.hu\/en\/product\/idylle-dragakoves-medal\/","title":{"rendered":"Idyll of jeweled pendant"},"content":{"rendered":"<p><b>Idyll of jeweled pendant<\/b><\/p>\n<div>\n<div><\/div>\n<div><strong>The designer&#039;s recommendation:<\/strong><\/div>\n<\/div>\n<p>This is a jewelry by the Art Nouveau tickets carries you and today, more modern form.<\/p>\n<p>K\u00f6z\u00e9pen egy gy\u00f6ny\u00f6r\u0171 \u00e1rnyalat\u00fa, <strong>k\u00e9k sz\u00edn\u0171 top\u00e1z<\/strong> foglalta el m\u00e9lt\u00f3 hely\u00e9t. Sz\u00f6gletes csiszol\u00e1sa formailag kontrasztban \u00e1ll a <strong>14-karat gold<\/strong> hull\u00e1mz\u00f3 vonalvezet\u00e9s\u00e9vel. Ez a j\u00e1t\u00e9koss\u00e1g teszi izgalmass\u00e1 a megjelen\u00e9s\u00e9t. A fels\u0151 r\u00e9szen sok apr\u00f3, <strong>brilliant cut diamond<\/strong>ot helyezt\u00fcnk, melyek ragyog\u00e1sukkal m\u00e9g szebb\u00e9 var\u00e1zsolj\u00e1k a med\u00e1lt \u00e9s kiemelik a k\u00e9k top\u00e1z sz\u00e9ps\u00e9g\u00e9t.<\/p>\n<ul>\n<li><b>Material:<\/b>\u00a0gold<\/li>\n<li><b>Fineness<\/b>: 585 thousandth, 14 carat<\/li>\n<li><b>Gemstone<\/b>: emerald cut topaz and brilliant cut diamonds<\/li>\n<\/ul>\n<p>&nbsp;<\/p>\n<p><strong>Eternal life guarantee:<\/strong>\u00a0the jewelry structure of the material errors and gems<\/p>\n<p>The average production time is 4-6 weeks. If you have any important date for which you want the product, please contact with us by phone +36 30 539 1179 number, or the info@brillancy.hu e-mail address.<\/p>\n<p>Can be ordered in yellow, white or rose gold colors. The jewel to the gift box optional.<\/p>\n<p><strong>I like the idyll of jeweled pendant, but a different color gems did you imagine it?<\/strong>\u00a0It&#039;s not a problem. We like to give an offer to the expected ideas. Find us confidence on the phone +36 30 539 1179 number, or the info@brillancy.hu e-mail address.<\/p>\n<p><strong>Pay scrap gold<\/strong>\u00a0Damaged, old, or never used gold hiding at home in the cupboards? Bring it in to us and it will be transferred to you the chosen jewellery price.<\/p>","protected":false},"excerpt":{"rendered":"<p>An art nouveau 14 karat gold jeweled pendant topaz with and diamonds<\/p>","protected":false},"featured_media":10170,"comment_status":"open","ping_status":"closed","template":"","meta":[],"product_brand":[],"product_cat":[57,19,21,67],"product_tag":[],"class_list":{"0":"post-10171","1":"product","2":"type-product","3":"status-publish","4":"has-post-thumbnail","6":"product_cat-art-nouveau","7":"product_cat-design-ekszerek","8":"product_cat-ekszerek","9":"product_cat-medalok","11":"first","12":"instock","13":"shipping-taxable","14":"purchasable","15":"product-type-simple"},"yoast_head":"<!-- This site is optimized with the Yoast SEO Premium plugin v27.0 (Yoast SEO v27.0) - https:\/\/yoast.com\/product\/yoast-seo-premium-wordpress\/ -->\n<title>Idylle dr\u00e1gak\u00f6ves med\u00e1l - Brillancy<\/title>\n<meta name=\"description\" content=\"Az Idylle dr\u00e1gak\u00f6ves med\u00e1l fels\u0151 r\u00e9sz\u00e9re sok apr\u00f3, brili\u00e1ns csiszol\u00e1s\u00fa gy\u00e9m\u00e1ntot helyezt\u00fcnk, melyek ragyog\u00e1sukkal kiemelik a k\u00e9k top\u00e1z sz\u00e9ps\u00e9g\u00e9t.\" \/>\n<meta name=\"robots\" content=\"index, follow, max-snippet:-1, max-image-preview:large, max-video-preview:-1\" \/>\n<link rel=\"canonical\" href=\"https:\/\/brillancy.hu\/en\/product\/idylle-dragakoves-medal\/\" \/>\n<meta property=\"og:locale\" content=\"en_GB\" \/>\n<meta property=\"og:type\" content=\"article\" \/>\n<meta property=\"og:title\" content=\"Idylle dr\u00e1gak\u00f6ves med\u00e1l\" \/>\n<meta property=\"og:description\" content=\"Az Idylle dr\u00e1gak\u00f6ves med\u00e1l fels\u0151 r\u00e9sz\u00e9re sok apr\u00f3, brili\u00e1ns csiszol\u00e1s\u00fa gy\u00e9m\u00e1ntot helyezt\u00fcnk, melyek ragyog\u00e1sukkal kiemelik a k\u00e9k top\u00e1z sz\u00e9ps\u00e9g\u00e9t.\" \/>\n<meta property=\"og:url\" content=\"https:\/\/brillancy.hu\/en\/product\/idylle-dragakoves-medal\/\" \/>\n<meta property=\"og:site_name\" content=\"Brillancy\" \/>\n<meta property=\"article:modified_time\" content=\"2026-03-27T15:49:43+00:00\" \/>\n<meta property=\"og:image\" content=\"https:\/\/brillancy.hu\/wp-content\/uploads\/2025\/05\/Idylle-dragakoves-medal.jpg\" \/>\n\t<meta property=\"og:image:width\" content=\"640\" \/>\n\t<meta property=\"og:image:height\" content=\"480\" \/>\n\t<meta property=\"og:image:type\" content=\"image\/jpeg\" \/>\n<meta name=\"twitter:card\" content=\"summary_large_image\" \/>\n<meta name=\"twitter:label1\" content=\"Estimated reading time\" \/>\n\t<meta name=\"twitter:data1\" content=\"2 minutes\" \/>\n<script type=\"application\/ld+json\" class=\"yoast-schema-graph\">{\"@context\":\"https:\/\/schema.org\",\"@graph\":[{\"@type\":\"WebPage\",\"@id\":\"https:\/\/brillancy.hu\/product\/idylle-dragakoves-medal\/\",\"url\":\"https:\/\/brillancy.hu\/product\/idylle-dragakoves-medal\/\",\"name\":\"Idylle dr\u00e1gak\u00f6ves med\u00e1l - Brillancy\",\"isPartOf\":{\"@id\":\"https:\/\/brillancy.hu\/#website\"},\"primaryImageOfPage\":{\"@id\":\"https:\/\/brillancy.hu\/product\/idylle-dragakoves-medal\/#primaryimage\"},\"image\":{\"@id\":\"https:\/\/brillancy.hu\/product\/idylle-dragakoves-medal\/#primaryimage\"},\"thumbnailUrl\":\"https:\/\/brillancy.hu\/wp-content\/uploads\/2025\/05\/Idylle-dragakoves-medal.jpg\",\"datePublished\":\"2025-05-12T17:35:08+00:00\",\"dateModified\":\"2026-03-27T15:49:43+00:00\",\"description\":\"Az Idylle dr\u00e1gak\u00f6ves med\u00e1l fels\u0151 r\u00e9sz\u00e9re sok apr\u00f3, brili\u00e1ns csiszol\u00e1s\u00fa gy\u00e9m\u00e1ntot helyezt\u00fcnk, melyek ragyog\u00e1sukkal kiemelik a k\u00e9k top\u00e1z sz\u00e9ps\u00e9g\u00e9t.\",\"breadcrumb\":{\"@id\":\"https:\/\/brillancy.hu\/product\/idylle-dragakoves-medal\/#breadcrumb\"},\"inLanguage\":\"en-GB\",\"potentialAction\":[{\"@type\":\"ReadAction\",\"target\":[\"https:\/\/brillancy.hu\/product\/idylle-dragakoves-medal\/\"]}]},{\"@type\":\"ImageObject\",\"inLanguage\":\"en-GB\",\"@id\":\"https:\/\/brillancy.hu\/product\/idylle-dragakoves-medal\/#primaryimage\",\"url\":\"https:\/\/brillancy.hu\/wp-content\/uploads\/2025\/05\/Idylle-dragakoves-medal.jpg\",\"contentUrl\":\"https:\/\/brillancy.hu\/wp-content\/uploads\/2025\/05\/Idylle-dragakoves-medal.jpg\",\"width\":640,\"height\":480,\"caption\":\"14 kar\u00e1tos aranyb\u00f3l k\u00e9sz\u00fclt dr\u00e1gak\u00f6ves med\u00e1l top\u00e1zzal \u00e9s gy\u00e9m\u00e1ntokkal\"},{\"@type\":\"BreadcrumbList\",\"@id\":\"https:\/\/brillancy.hu\/product\/idylle-dragakoves-medal\/#breadcrumb\",\"itemListElement\":[{\"@type\":\"ListItem\",\"position\":1,\"name\":\"Home\",\"item\":\"https:\/\/brillancy.hu\/\"},{\"@type\":\"ListItem\",\"position\":2,\"name\":\"Term\u00e9kek\",\"item\":\"https:\/\/brillancy.hu\/termekek\/\"},{\"@type\":\"ListItem\",\"position\":3,\"name\":\"Idylle dr\u00e1gak\u00f6ves med\u00e1l\"}]},{\"@type\":\"WebSite\",\"@id\":\"https:\/\/brillancy.hu\/#website\",\"url\":\"https:\/\/brillancy.hu\/\",\"name\":\"Brillancy\",\"description\":\"\",\"potentialAction\":[{\"@type\":\"SearchAction\",\"target\":{\"@type\":\"EntryPoint\",\"urlTemplate\":\"https:\/\/brillancy.hu\/?s={search_term_string}\"},\"query-input\":{\"@type\":\"PropertyValueSpecification\",\"valueRequired\":true,\"valueName\":\"search_term_string\"}}],\"inLanguage\":\"en-GB\"}]}<\/script>\n<!-- \/ Yoast SEO Premium plugin. -->","yoast_head_json":{"title":"Idylle dr\u00e1gak\u00f6ves med\u00e1l - Brillancy","description":"Az Idylle dr\u00e1gak\u00f6ves med\u00e1l fels\u0151 r\u00e9sz\u00e9re sok apr\u00f3, brili\u00e1ns csiszol\u00e1s\u00fa gy\u00e9m\u00e1ntot helyezt\u00fcnk, melyek ragyog\u00e1sukkal kiemelik a k\u00e9k top\u00e1z sz\u00e9ps\u00e9g\u00e9t.","robots":{"index":"index","follow":"follow","max-snippet":"max-snippet:-1","max-image-preview":"max-image-preview:large","max-video-preview":"max-video-preview:-1"},"canonical":"https:\/\/brillancy.hu\/en\/product\/idylle-dragakoves-medal\/","og_locale":"en_GB","og_type":"article","og_title":"Idylle dr\u00e1gak\u00f6ves med\u00e1l","og_description":"Az Idylle dr\u00e1gak\u00f6ves med\u00e1l fels\u0151 r\u00e9sz\u00e9re sok apr\u00f3, brili\u00e1ns csiszol\u00e1s\u00fa gy\u00e9m\u00e1ntot helyezt\u00fcnk, melyek ragyog\u00e1sukkal kiemelik a k\u00e9k top\u00e1z sz\u00e9ps\u00e9g\u00e9t.","og_url":"https:\/\/brillancy.hu\/en\/product\/idylle-dragakoves-medal\/","og_site_name":"Brillancy","article_modified_time":"2026-03-27T15:49:43+00:00","og_image":[{"width":640,"height":480,"url":"https:\/\/brillancy.hu\/wp-content\/uploads\/2025\/05\/Idylle-dragakoves-medal.jpg","type":"image\/jpeg"}],"twitter_card":"summary_large_image","twitter_misc":{"Estimated reading time":"2 minutes"},"schema":{"@context":"https:\/\/schema.org","@graph":[{"@type":"WebPage","@id":"https:\/\/brillancy.hu\/product\/idylle-dragakoves-medal\/","url":"https:\/\/brillancy.hu\/product\/idylle-dragakoves-medal\/","name":"Idylle dr\u00e1gak\u00f6ves med\u00e1l - Brillancy","isPartOf":{"@id":"https:\/\/brillancy.hu\/#website"},"primaryImageOfPage":{"@id":"https:\/\/brillancy.hu\/product\/idylle-dragakoves-medal\/#primaryimage"},"image":{"@id":"https:\/\/brillancy.hu\/product\/idylle-dragakoves-medal\/#primaryimage"},"thumbnailUrl":"https:\/\/brillancy.hu\/wp-content\/uploads\/2025\/05\/Idylle-dragakoves-medal.jpg","datePublished":"2025-05-12T17:35:08+00:00","dateModified":"2026-03-27T15:49:43+00:00","description":"Az Idylle dr\u00e1gak\u00f6ves med\u00e1l fels\u0151 r\u00e9sz\u00e9re sok apr\u00f3, brili\u00e1ns csiszol\u00e1s\u00fa gy\u00e9m\u00e1ntot helyezt\u00fcnk, melyek ragyog\u00e1sukkal kiemelik a k\u00e9k top\u00e1z sz\u00e9ps\u00e9g\u00e9t.","breadcrumb":{"@id":"https:\/\/brillancy.hu\/product\/idylle-dragakoves-medal\/#breadcrumb"},"inLanguage":"en-GB","potentialAction":[{"@type":"ReadAction","target":["https:\/\/brillancy.hu\/product\/idylle-dragakoves-medal\/"]}]},{"@type":"ImageObject","inLanguage":"en-GB","@id":"https:\/\/brillancy.hu\/product\/idylle-dragakoves-medal\/#primaryimage","url":"https:\/\/brillancy.hu\/wp-content\/uploads\/2025\/05\/Idylle-dragakoves-medal.jpg","contentUrl":"https:\/\/brillancy.hu\/wp-content\/uploads\/2025\/05\/Idylle-dragakoves-medal.jpg","width":640,"height":480,"caption":"14 kar\u00e1tos aranyb\u00f3l k\u00e9sz\u00fclt dr\u00e1gak\u00f6ves med\u00e1l top\u00e1zzal \u00e9s gy\u00e9m\u00e1ntokkal"},{"@type":"BreadcrumbList","@id":"https:\/\/brillancy.hu\/product\/idylle-dragakoves-medal\/#breadcrumb","itemListElement":[{"@type":"ListItem","position":1,"name":"Home","item":"https:\/\/brillancy.hu\/"},{"@type":"ListItem","position":2,"name":"Term\u00e9kek","item":"https:\/\/brillancy.hu\/termekek\/"},{"@type":"ListItem","position":3,"name":"Idylle dr\u00e1gak\u00f6ves med\u00e1l"}]},{"@type":"WebSite","@id":"https:\/\/brillancy.hu\/#website","url":"https:\/\/brillancy.hu\/","name":"Brillancy","description":"","potentialAction":[{"@type":"SearchAction","target":{"@type":"EntryPoint","urlTemplate":"https:\/\/brillancy.hu\/?s={search_term_string}"},"query-input":{"@type":"PropertyValueSpecification","valueRequired":true,"valueName":"search_term_string"}}],"inLanguage":"en-GB"}]}},"_links":{"self":[{"href":"https:\/\/brillancy.hu\/en\/wp-json\/wp\/v2\/product\/10171","targetHints":{"allow":["GET"]}}],"collection":[{"href":"https:\/\/brillancy.hu\/en\/wp-json\/wp\/v2\/product"}],"about":[{"href":"https:\/\/brillancy.hu\/en\/wp-json\/wp\/v2\/types\/product"}],"replies":[{"embeddable":true,"href":"https:\/\/brillancy.hu\/en\/wp-json\/wp\/v2\/comments?post=10171"}],"wp:featuredmedia":[{"embeddable":true,"href":"https:\/\/brillancy.hu\/en\/wp-json\/wp\/v2\/media\/10170"}],"wp:attachment":[{"href":"https:\/\/brillancy.hu\/en\/wp-json\/wp\/v2\/media?parent=10171"}],"wp:term":[{"taxonomy":"product_brand","embeddable":true,"href":"https:\/\/brillancy.hu\/en\/wp-json\/wp\/v2\/product_brand?post=10171"},{"taxonomy":"product_cat","embeddable":true,"href":"https:\/\/brillancy.hu\/en\/wp-json\/wp\/v2\/product_cat?post=10171"},{"taxonomy":"product_tag","embeddable":true,"href":"https:\/\/brillancy.hu\/en\/wp-json\/wp\/v2\/product_tag?post=10171"}],"curies":[{"name":"wp","href":"https:\/\/api.w.org\/{rel}","templated":true}]}}