{"id":10126,"date":"2025-05-09T18:34:34","date_gmt":"2025-05-09T17:34:34","guid":{"rendered":"https:\/\/brillancy.hu\/?post_type=product&#038;p=10126"},"modified":"2026-03-27T17:13:05","modified_gmt":"2026-03-27T16:13:05","slug":"horta-dragakoves-medal","status":"publish","type":"product","link":"https:\/\/brillancy.hu\/en\/product\/horta-dragakoves-medal\/","title":{"rendered":"Horta jeweled pendant"},"content":{"rendered":"<p><b>Horta jeweled pendant<\/b><\/p>\n<div>\n<div><\/div>\n<div><strong>The designer&#039;s recommendation:<\/strong><\/div>\n<\/div>\n<p>Victor Horta, a belgian architect and industrial artist. Famous buildings in the Art Nouveau grades to carry on. This jeweled medallion that&#039;s why he got His name.<\/p>\n<p>The jewelry focus in a beautiful light blue topaz from which one side a bit to wrap my 14-karat gold. The player&#039;s curves and asymmetry with more tiny, white, brilliant cut diamonds throw up. Stunning, unique design with jeweled pendant in the art nouveau style lovers.<\/p>\n<ul>\n<li><b>Material:<\/b>\u00a0gold<\/li>\n<li><b>Fineness<\/b>: 585 thousandth, 14 carat<\/li>\n<li><b>Gemstone<\/b>: emerald cut topaz and brilliant cut diamonds<\/li>\n<\/ul>\n<p>&nbsp;<\/p>\n<p><strong>Eternal life guarantee:<\/strong>\u00a0the jewelry structure of the material errors and gems<\/p>\n<p>The average production time is 4-6 weeks. If you have any important date for which you want the product, please contact with us by phone +36 30 539 1179 number, or the info@brillancy.hu e-mail address.<\/p>\n<p>Can be ordered in yellow, white or rose gold colors. The jewel to the gift box optional.<\/p>\n<p><strong>I like the Horta jeweled pendant, but a different color gems did you imagine it?<\/strong>\u00a0It&#039;s not a problem. We like to give an offer to the expected ideas. Find us confidence on the phone +36 30 539 1179 number, or the info@brillancy.hu e-mail address.<\/p>\n<p><strong>Pay scrap gold<\/strong>\u00a0Damaged, old, or never used gold hiding at home in the cupboards? Bring it in to us and it will be transferred to you the chosen jewellery price.<\/p>","protected":false},"excerpt":{"rendered":"<p>An art nouveau 14 karat gold jeweled pendant topaz with and diamonds<\/p>","protected":false},"featured_media":10125,"comment_status":"open","ping_status":"closed","template":"","meta":[],"product_brand":[],"product_cat":[57,19],"product_tag":[],"class_list":{"0":"post-10126","1":"product","2":"type-product","3":"status-publish","4":"has-post-thumbnail","6":"product_cat-art-nouveau","7":"product_cat-design-ekszerek","9":"first","10":"instock","11":"shipping-taxable","12":"purchasable","13":"product-type-simple"},"yoast_head":"<!-- This site is optimized with the Yoast SEO Premium plugin v27.0 (Yoast SEO v27.0) - https:\/\/yoast.com\/product\/yoast-seo-premium-wordpress\/ -->\n<title>Horta dr\u00e1gak\u00f6ves med\u00e1l - Brillancy<\/title>\n<meta name=\"description\" content=\"A Horta dr\u00e1gak\u00f6ves med\u00e1l f\u00f3kusz\u00e1ban egy gy\u00f6ny\u00f6r\u0171 vil\u00e1gosk\u00e9k top\u00e1z helyezkedik el, a j\u00e1t\u00e9kos \u00edveket pedig apr\u00f3, brili\u00e1ns csiszol\u00e1s\u00fa gy\u00e9m\u00e1ntok dobnak fel.\" \/>\n<meta name=\"robots\" content=\"index, follow, max-snippet:-1, max-image-preview:large, max-video-preview:-1\" \/>\n<link rel=\"canonical\" href=\"https:\/\/brillancy.hu\/en\/product\/horta-dragakoves-medal\/\" \/>\n<meta property=\"og:locale\" content=\"en_GB\" \/>\n<meta property=\"og:type\" content=\"article\" \/>\n<meta property=\"og:title\" content=\"Horta dr\u00e1gak\u00f6ves med\u00e1l\" \/>\n<meta property=\"og:description\" content=\"A Horta dr\u00e1gak\u00f6ves med\u00e1l f\u00f3kusz\u00e1ban egy gy\u00f6ny\u00f6r\u0171 vil\u00e1gosk\u00e9k top\u00e1z helyezkedik el, a j\u00e1t\u00e9kos \u00edveket pedig apr\u00f3, brili\u00e1ns csiszol\u00e1s\u00fa gy\u00e9m\u00e1ntok dobnak fel.\" \/>\n<meta property=\"og:url\" content=\"https:\/\/brillancy.hu\/en\/product\/horta-dragakoves-medal\/\" \/>\n<meta property=\"og:site_name\" content=\"Brillancy\" \/>\n<meta property=\"article:modified_time\" content=\"2026-03-27T16:13:05+00:00\" \/>\n<meta property=\"og:image\" content=\"https:\/\/brillancy.hu\/wp-content\/uploads\/2025\/05\/Horta-dragakoves-medal.jpg\" \/>\n\t<meta property=\"og:image:width\" content=\"640\" \/>\n\t<meta property=\"og:image:height\" content=\"480\" \/>\n\t<meta property=\"og:image:type\" content=\"image\/jpeg\" \/>\n<meta name=\"twitter:card\" content=\"summary_large_image\" \/>\n<meta name=\"twitter:label1\" content=\"Estimated reading time\" \/>\n\t<meta name=\"twitter:data1\" content=\"2 minutes\" \/>\n<script type=\"application\/ld+json\" class=\"yoast-schema-graph\">{\"@context\":\"https:\/\/schema.org\",\"@graph\":[{\"@type\":\"WebPage\",\"@id\":\"https:\/\/brillancy.hu\/product\/horta-dragakoves-medal\/\",\"url\":\"https:\/\/brillancy.hu\/product\/horta-dragakoves-medal\/\",\"name\":\"Horta dr\u00e1gak\u00f6ves med\u00e1l - Brillancy\",\"isPartOf\":{\"@id\":\"https:\/\/brillancy.hu\/#website\"},\"primaryImageOfPage\":{\"@id\":\"https:\/\/brillancy.hu\/product\/horta-dragakoves-medal\/#primaryimage\"},\"image\":{\"@id\":\"https:\/\/brillancy.hu\/product\/horta-dragakoves-medal\/#primaryimage\"},\"thumbnailUrl\":\"https:\/\/brillancy.hu\/wp-content\/uploads\/2025\/05\/Horta-dragakoves-medal.jpg\",\"datePublished\":\"2025-05-09T17:34:34+00:00\",\"dateModified\":\"2026-03-27T16:13:05+00:00\",\"description\":\"A Horta dr\u00e1gak\u00f6ves med\u00e1l f\u00f3kusz\u00e1ban egy gy\u00f6ny\u00f6r\u0171 vil\u00e1gosk\u00e9k top\u00e1z helyezkedik el, a j\u00e1t\u00e9kos \u00edveket pedig apr\u00f3, brili\u00e1ns csiszol\u00e1s\u00fa gy\u00e9m\u00e1ntok dobnak fel.\",\"breadcrumb\":{\"@id\":\"https:\/\/brillancy.hu\/product\/horta-dragakoves-medal\/#breadcrumb\"},\"inLanguage\":\"en-GB\",\"potentialAction\":[{\"@type\":\"ReadAction\",\"target\":[\"https:\/\/brillancy.hu\/product\/horta-dragakoves-medal\/\"]}]},{\"@type\":\"ImageObject\",\"inLanguage\":\"en-GB\",\"@id\":\"https:\/\/brillancy.hu\/product\/horta-dragakoves-medal\/#primaryimage\",\"url\":\"https:\/\/brillancy.hu\/wp-content\/uploads\/2025\/05\/Horta-dragakoves-medal.jpg\",\"contentUrl\":\"https:\/\/brillancy.hu\/wp-content\/uploads\/2025\/05\/Horta-dragakoves-medal.jpg\",\"width\":640,\"height\":480,\"caption\":\"14 kar\u00e1tos arany dr\u00e1gak\u00f6ves med\u00e1l top\u00e1zzal \u00e9s brili\u00e1ns csiszol\u00e1s\u00fa gy\u00e9m\u00e1ntokkal\"},{\"@type\":\"BreadcrumbList\",\"@id\":\"https:\/\/brillancy.hu\/product\/horta-dragakoves-medal\/#breadcrumb\",\"itemListElement\":[{\"@type\":\"ListItem\",\"position\":1,\"name\":\"Home\",\"item\":\"https:\/\/brillancy.hu\/\"},{\"@type\":\"ListItem\",\"position\":2,\"name\":\"Term\u00e9kek\",\"item\":\"https:\/\/brillancy.hu\/termekek\/\"},{\"@type\":\"ListItem\",\"position\":3,\"name\":\"Horta dr\u00e1gak\u00f6ves med\u00e1l\"}]},{\"@type\":\"WebSite\",\"@id\":\"https:\/\/brillancy.hu\/#website\",\"url\":\"https:\/\/brillancy.hu\/\",\"name\":\"Brillancy\",\"description\":\"\",\"potentialAction\":[{\"@type\":\"SearchAction\",\"target\":{\"@type\":\"EntryPoint\",\"urlTemplate\":\"https:\/\/brillancy.hu\/?s={search_term_string}\"},\"query-input\":{\"@type\":\"PropertyValueSpecification\",\"valueRequired\":true,\"valueName\":\"search_term_string\"}}],\"inLanguage\":\"en-GB\"}]}<\/script>\n<!-- \/ Yoast SEO Premium plugin. -->","yoast_head_json":{"title":"Horta dr\u00e1gak\u00f6ves med\u00e1l - Brillancy","description":"A Horta dr\u00e1gak\u00f6ves med\u00e1l f\u00f3kusz\u00e1ban egy gy\u00f6ny\u00f6r\u0171 vil\u00e1gosk\u00e9k top\u00e1z helyezkedik el, a j\u00e1t\u00e9kos \u00edveket pedig apr\u00f3, brili\u00e1ns csiszol\u00e1s\u00fa gy\u00e9m\u00e1ntok dobnak fel.","robots":{"index":"index","follow":"follow","max-snippet":"max-snippet:-1","max-image-preview":"max-image-preview:large","max-video-preview":"max-video-preview:-1"},"canonical":"https:\/\/brillancy.hu\/en\/product\/horta-dragakoves-medal\/","og_locale":"en_GB","og_type":"article","og_title":"Horta dr\u00e1gak\u00f6ves med\u00e1l","og_description":"A Horta dr\u00e1gak\u00f6ves med\u00e1l f\u00f3kusz\u00e1ban egy gy\u00f6ny\u00f6r\u0171 vil\u00e1gosk\u00e9k top\u00e1z helyezkedik el, a j\u00e1t\u00e9kos \u00edveket pedig apr\u00f3, brili\u00e1ns csiszol\u00e1s\u00fa gy\u00e9m\u00e1ntok dobnak fel.","og_url":"https:\/\/brillancy.hu\/en\/product\/horta-dragakoves-medal\/","og_site_name":"Brillancy","article_modified_time":"2026-03-27T16:13:05+00:00","og_image":[{"width":640,"height":480,"url":"https:\/\/brillancy.hu\/wp-content\/uploads\/2025\/05\/Horta-dragakoves-medal.jpg","type":"image\/jpeg"}],"twitter_card":"summary_large_image","twitter_misc":{"Estimated reading time":"2 minutes"},"schema":{"@context":"https:\/\/schema.org","@graph":[{"@type":"WebPage","@id":"https:\/\/brillancy.hu\/product\/horta-dragakoves-medal\/","url":"https:\/\/brillancy.hu\/product\/horta-dragakoves-medal\/","name":"Horta dr\u00e1gak\u00f6ves med\u00e1l - Brillancy","isPartOf":{"@id":"https:\/\/brillancy.hu\/#website"},"primaryImageOfPage":{"@id":"https:\/\/brillancy.hu\/product\/horta-dragakoves-medal\/#primaryimage"},"image":{"@id":"https:\/\/brillancy.hu\/product\/horta-dragakoves-medal\/#primaryimage"},"thumbnailUrl":"https:\/\/brillancy.hu\/wp-content\/uploads\/2025\/05\/Horta-dragakoves-medal.jpg","datePublished":"2025-05-09T17:34:34+00:00","dateModified":"2026-03-27T16:13:05+00:00","description":"A Horta dr\u00e1gak\u00f6ves med\u00e1l f\u00f3kusz\u00e1ban egy gy\u00f6ny\u00f6r\u0171 vil\u00e1gosk\u00e9k top\u00e1z helyezkedik el, a j\u00e1t\u00e9kos \u00edveket pedig apr\u00f3, brili\u00e1ns csiszol\u00e1s\u00fa gy\u00e9m\u00e1ntok dobnak fel.","breadcrumb":{"@id":"https:\/\/brillancy.hu\/product\/horta-dragakoves-medal\/#breadcrumb"},"inLanguage":"en-GB","potentialAction":[{"@type":"ReadAction","target":["https:\/\/brillancy.hu\/product\/horta-dragakoves-medal\/"]}]},{"@type":"ImageObject","inLanguage":"en-GB","@id":"https:\/\/brillancy.hu\/product\/horta-dragakoves-medal\/#primaryimage","url":"https:\/\/brillancy.hu\/wp-content\/uploads\/2025\/05\/Horta-dragakoves-medal.jpg","contentUrl":"https:\/\/brillancy.hu\/wp-content\/uploads\/2025\/05\/Horta-dragakoves-medal.jpg","width":640,"height":480,"caption":"14 kar\u00e1tos arany dr\u00e1gak\u00f6ves med\u00e1l top\u00e1zzal \u00e9s brili\u00e1ns csiszol\u00e1s\u00fa gy\u00e9m\u00e1ntokkal"},{"@type":"BreadcrumbList","@id":"https:\/\/brillancy.hu\/product\/horta-dragakoves-medal\/#breadcrumb","itemListElement":[{"@type":"ListItem","position":1,"name":"Home","item":"https:\/\/brillancy.hu\/"},{"@type":"ListItem","position":2,"name":"Term\u00e9kek","item":"https:\/\/brillancy.hu\/termekek\/"},{"@type":"ListItem","position":3,"name":"Horta dr\u00e1gak\u00f6ves med\u00e1l"}]},{"@type":"WebSite","@id":"https:\/\/brillancy.hu\/#website","url":"https:\/\/brillancy.hu\/","name":"Brillancy","description":"","potentialAction":[{"@type":"SearchAction","target":{"@type":"EntryPoint","urlTemplate":"https:\/\/brillancy.hu\/?s={search_term_string}"},"query-input":{"@type":"PropertyValueSpecification","valueRequired":true,"valueName":"search_term_string"}}],"inLanguage":"en-GB"}]}},"_links":{"self":[{"href":"https:\/\/brillancy.hu\/en\/wp-json\/wp\/v2\/product\/10126","targetHints":{"allow":["GET"]}}],"collection":[{"href":"https:\/\/brillancy.hu\/en\/wp-json\/wp\/v2\/product"}],"about":[{"href":"https:\/\/brillancy.hu\/en\/wp-json\/wp\/v2\/types\/product"}],"replies":[{"embeddable":true,"href":"https:\/\/brillancy.hu\/en\/wp-json\/wp\/v2\/comments?post=10126"}],"wp:featuredmedia":[{"embeddable":true,"href":"https:\/\/brillancy.hu\/en\/wp-json\/wp\/v2\/media\/10125"}],"wp:attachment":[{"href":"https:\/\/brillancy.hu\/en\/wp-json\/wp\/v2\/media?parent=10126"}],"wp:term":[{"taxonomy":"product_brand","embeddable":true,"href":"https:\/\/brillancy.hu\/en\/wp-json\/wp\/v2\/product_brand?post=10126"},{"taxonomy":"product_cat","embeddable":true,"href":"https:\/\/brillancy.hu\/en\/wp-json\/wp\/v2\/product_cat?post=10126"},{"taxonomy":"product_tag","embeddable":true,"href":"https:\/\/brillancy.hu\/en\/wp-json\/wp\/v2\/product_tag?post=10126"}],"curies":[{"name":"wp","href":"https:\/\/api.w.org\/{rel}","templated":true}]}}