{"id":10122,"date":"2025-05-09T16:15:52","date_gmt":"2025-05-09T15:15:52","guid":{"rendered":"https:\/\/brillancy.hu\/?post_type=product&#038;p=10122"},"modified":"2025-11-08T19:27:48","modified_gmt":"2025-11-08T18:27:48","slug":"cornilla-csepp-alaku-gyemant-gyuru","status":"publish","type":"product","link":"https:\/\/brillancy.hu\/en\/product\/cornilla-csepp-alaku-gyemant-gyuru\/","title":{"rendered":"Cornilla csepp alak\u00fa gy\u00e9m\u00e1nt gy\u0171r\u0171"},"content":{"rendered":"<p><strong>Cornilla csepp alak\u00fa gy\u00e9m\u00e1nt gy\u0171r\u0171<\/strong><\/p>\n<p>Ebben az eleg\u00e1ns kialak\u00edt\u00e1s\u00fa,<strong> 14-karat gold<\/strong>b\u00f3l k\u00e9sz\u00fclt gy\u0171r\u0171ben a csepp csiszol\u00e1s\u00fa gy\u00e9m\u00e1nt\u00e9 a f\u0151szerep. Az 5 mm hossz\u00fa, 3 mm sz\u00e9les, 0,25 ct-os k\u00f6zponti dr\u00e1gak\u00f6vet oldalr\u00f3l <strong>2-2 db 1,7 \u00e9s 1,5 mm \u00e1tm\u00e9r\u0151j\u0171, brili\u00e1ns csiszol\u00e1s\u00fa gy\u00e9m\u00e1nt<\/strong> k\u00eds\u00e9ri, melyek egyenk\u00e9nt<strong> 0,02 ct<\/strong> and <strong>0,015 ct<\/strong> t\u00f6meg\u0171ek. A klasszikus kerek csiszol\u00e1s \u00e9s a modernebb csepp forma egy\u00fctt nagyon harmonikusan mutat. A gy\u0171r\u0171s\u00edn letisztult vonalvezet\u00e9se \u00e9s a karmos foglalatok hagyj\u00e1k \u00e9rv\u00e9nyes\u00fclni a mes\u00e9s gy\u00e9m\u00e1ntokat.<\/p>\n<ul>\n<li><strong>Material:<\/strong>\u00a0gold<\/li>\n<li><strong>Fineness:<\/strong> 585 thousandth, 14 carat<\/li>\n<li><strong>Gemstone:<\/strong> csepp \u00e9s brili\u00e1ns csiszol\u00e1s\u00fa term\u00e9szetes gy\u00e9m\u00e1nt<\/li>\n<\/ul>\n<p>&nbsp;<\/p>\n<p><strong>Eternal life guarantee:<\/strong>\u00a0the jewelry structure of the material errors and gems<\/p>\n<p><strong>Free renewal:<\/strong>\u00a0We take the we have prepared brill ring free scratch-free sales of and purification of five times (once a year) the purchase within five years.<\/p>\n<p><strong>Free size adjustment:\u00a0<\/strong>If you can't find the right size, we will adjust it for you free of charge.<\/p>\n<p><strong>Gift box:\u00a0<\/strong>We will give you a gift box with the ring, which you can choose from several colors!<\/p>\n<p><strong>Pay scrap gold<\/strong>\u00a0S\u00e9r\u00fclt, megunt vagy sosem haszn\u00e1lt arany lapul otthon a szekr\u00e9ny m\u00e9ly\u00e9n? Hozd be hozz\u00e1nk \u00e9s besz\u00e1m\u00edtjuk a kiv\u00e1lasztott \u00e9kszer \u00e1r\u00e1ba.<\/p>\n<p><strong>Tetszik a Cornilla csepp alak\u00fa gy\u00e9m\u00e1nt gy\u0171r\u0171, de m\u00e1s m\u00e9ret\u0171 gy\u00e9m\u00e1nttal, esetleg sz\u00ednes dr\u00e1gak\u0151vel k\u00e9pzelted el? N\u00e1lunk ez nem gond. Sz\u00edvesen adunk aj\u00e1nlatot a meg\u00e1lmodott \u00f6tleteidre. Keress minket bizalommal telefonon a +36 30 539 1179 sz\u00e1mon, vagy az <\/strong><a href=\"mailto:info@brillancy.hu\"><strong>info@brillancy.hu<\/strong><\/a><strong>\u00a0e-mail address.<\/strong><\/p>","protected":false},"excerpt":{"rendered":"<p>14 kar\u00e1tos aranyb\u00f3l k\u00e9sz\u00fclt gy\u0171r\u0171 csepp \u00e9s brili\u00e1ns csiszol\u00e1s\u00fa gy\u00e9m\u00e1ntokkal d\u00edsz\u00edtve<\/p>","protected":false},"featured_media":10120,"comment_status":"open","ping_status":"closed","template":"","meta":[],"product_brand":[],"product_cat":[29,17,31,37],"product_tag":[],"class_list":{"0":"post-10122","1":"product","2":"type-product","3":"status-publish","4":"has-post-thumbnail","6":"product_cat-csepp","7":"product_cat-eljegyzesi-gyuruk","8":"product_cat-termeszet-inspiralta","9":"product_cat-tobb-koves","11":"first","12":"instock","13":"shipping-taxable","14":"purchasable","15":"product-type-variable"},"yoast_head":"<!-- This site is optimized with the Yoast SEO Premium plugin v27.0 (Yoast SEO v27.4) - https:\/\/yoast.com\/product\/yoast-seo-premium-wordpress\/ -->\n<title>Cornilla csepp alak\u00fa gy\u00e9m\u00e1nt gy\u0171r\u0171 - Brillancy<\/title>\n<meta name=\"description\" content=\"Cornilla csepp alak\u00fa gy\u00e9m\u00e1nt gy\u0171r\u0171: bben az eleg\u00e1ns kialak\u00edt\u00e1s\u00fa, 14 kar\u00e1tos aranyb\u00f3l k\u00e9sz\u00fclt gy\u0171r\u0171ben a csepp csiszol\u00e1s\u00fa gy\u00e9m\u00e1nt\u00e9 a f\u0151szerep.\" \/>\n<meta name=\"robots\" content=\"index, follow, max-snippet:-1, max-image-preview:large, max-video-preview:-1\" \/>\n<link rel=\"canonical\" href=\"https:\/\/brillancy.hu\/en\/product\/cornilla-csepp-alaku-gyemant-gyuru\/\" \/>\n<meta property=\"og:locale\" content=\"en_GB\" \/>\n<meta property=\"og:type\" content=\"article\" \/>\n<meta property=\"og:title\" content=\"Cornilla csepp alak\u00fa gy\u00e9m\u00e1nt gy\u0171r\u0171\" \/>\n<meta property=\"og:description\" content=\"Cornilla csepp alak\u00fa gy\u00e9m\u00e1nt gy\u0171r\u0171: bben az eleg\u00e1ns kialak\u00edt\u00e1s\u00fa, 14 kar\u00e1tos aranyb\u00f3l k\u00e9sz\u00fclt gy\u0171r\u0171ben a csepp csiszol\u00e1s\u00fa gy\u00e9m\u00e1nt\u00e9 a f\u0151szerep.\" \/>\n<meta property=\"og:url\" content=\"https:\/\/brillancy.hu\/en\/product\/cornilla-csepp-alaku-gyemant-gyuru\/\" \/>\n<meta property=\"og:site_name\" content=\"Brillancy\" \/>\n<meta property=\"article:modified_time\" content=\"2025-11-08T18:27:48+00:00\" \/>\n<meta property=\"og:image\" content=\"https:\/\/brillancy.hu\/wp-content\/uploads\/2025\/05\/cornilla.png\" \/>\n\t<meta property=\"og:image:width\" content=\"1232\" \/>\n\t<meta property=\"og:image:height\" content=\"928\" \/>\n\t<meta property=\"og:image:type\" content=\"image\/png\" \/>\n<meta name=\"twitter:card\" content=\"summary_large_image\" \/>\n<meta name=\"twitter:label1\" content=\"Estimated reading time\" \/>\n\t<meta name=\"twitter:data1\" content=\"2 minutes\" \/>\n<script type=\"application\/ld+json\" class=\"yoast-schema-graph\">{\"@context\":\"https:\\\/\\\/schema.org\",\"@graph\":[{\"@type\":\"WebPage\",\"@id\":\"https:\\\/\\\/brillancy.hu\\\/product\\\/cornilla-csepp-alaku-gyemant-gyuru\\\/\",\"url\":\"https:\\\/\\\/brillancy.hu\\\/product\\\/cornilla-csepp-alaku-gyemant-gyuru\\\/\",\"name\":\"Cornilla csepp alak\u00fa gy\u00e9m\u00e1nt gy\u0171r\u0171 - Brillancy\",\"isPartOf\":{\"@id\":\"https:\\\/\\\/brillancy.hu\\\/#website\"},\"primaryImageOfPage\":{\"@id\":\"https:\\\/\\\/brillancy.hu\\\/product\\\/cornilla-csepp-alaku-gyemant-gyuru\\\/#primaryimage\"},\"image\":{\"@id\":\"https:\\\/\\\/brillancy.hu\\\/product\\\/cornilla-csepp-alaku-gyemant-gyuru\\\/#primaryimage\"},\"thumbnailUrl\":\"https:\\\/\\\/brillancy.hu\\\/wp-content\\\/uploads\\\/2025\\\/05\\\/cornilla.png\",\"datePublished\":\"2025-05-09T15:15:52+00:00\",\"dateModified\":\"2025-11-08T18:27:48+00:00\",\"description\":\"Cornilla csepp alak\u00fa gy\u00e9m\u00e1nt gy\u0171r\u0171: bben az eleg\u00e1ns kialak\u00edt\u00e1s\u00fa, 14 kar\u00e1tos aranyb\u00f3l k\u00e9sz\u00fclt gy\u0171r\u0171ben a csepp csiszol\u00e1s\u00fa gy\u00e9m\u00e1nt\u00e9 a f\u0151szerep.\",\"breadcrumb\":{\"@id\":\"https:\\\/\\\/brillancy.hu\\\/product\\\/cornilla-csepp-alaku-gyemant-gyuru\\\/#breadcrumb\"},\"inLanguage\":\"en-GB\",\"potentialAction\":[{\"@type\":\"ReadAction\",\"target\":[\"https:\\\/\\\/brillancy.hu\\\/product\\\/cornilla-csepp-alaku-gyemant-gyuru\\\/\"]}]},{\"@type\":\"ImageObject\",\"inLanguage\":\"en-GB\",\"@id\":\"https:\\\/\\\/brillancy.hu\\\/product\\\/cornilla-csepp-alaku-gyemant-gyuru\\\/#primaryimage\",\"url\":\"https:\\\/\\\/brillancy.hu\\\/wp-content\\\/uploads\\\/2025\\\/05\\\/cornilla.png\",\"contentUrl\":\"https:\\\/\\\/brillancy.hu\\\/wp-content\\\/uploads\\\/2025\\\/05\\\/cornilla.png\",\"width\":1232,\"height\":928,\"caption\":\"Cornilla deluxe gy\u00e9m\u00e1nt gy\u0171r\u0171\"},{\"@type\":\"BreadcrumbList\",\"@id\":\"https:\\\/\\\/brillancy.hu\\\/product\\\/cornilla-csepp-alaku-gyemant-gyuru\\\/#breadcrumb\",\"itemListElement\":[{\"@type\":\"ListItem\",\"position\":1,\"name\":\"Home\",\"item\":\"https:\\\/\\\/brillancy.hu\\\/\"},{\"@type\":\"ListItem\",\"position\":2,\"name\":\"Term\u00e9kek\",\"item\":\"https:\\\/\\\/brillancy.hu\\\/termekek\\\/\"},{\"@type\":\"ListItem\",\"position\":3,\"name\":\"Cornilla csepp alak\u00fa gy\u00e9m\u00e1nt gy\u0171r\u0171\"}]},{\"@type\":\"WebSite\",\"@id\":\"https:\\\/\\\/brillancy.hu\\\/#website\",\"url\":\"https:\\\/\\\/brillancy.hu\\\/\",\"name\":\"Brillancy\",\"description\":\"\",\"potentialAction\":[{\"@type\":\"SearchAction\",\"target\":{\"@type\":\"EntryPoint\",\"urlTemplate\":\"https:\\\/\\\/brillancy.hu\\\/?s={search_term_string}\"},\"query-input\":{\"@type\":\"PropertyValueSpecification\",\"valueRequired\":true,\"valueName\":\"search_term_string\"}}],\"inLanguage\":\"en-GB\"}]}<\/script>\n<!-- \/ Yoast SEO Premium plugin. -->","yoast_head_json":{"title":"Cornilla csepp alak\u00fa gy\u00e9m\u00e1nt gy\u0171r\u0171 - Brillancy","description":"Cornilla csepp alak\u00fa gy\u00e9m\u00e1nt gy\u0171r\u0171: bben az eleg\u00e1ns kialak\u00edt\u00e1s\u00fa, 14 kar\u00e1tos aranyb\u00f3l k\u00e9sz\u00fclt gy\u0171r\u0171ben a csepp csiszol\u00e1s\u00fa gy\u00e9m\u00e1nt\u00e9 a f\u0151szerep.","robots":{"index":"index","follow":"follow","max-snippet":"max-snippet:-1","max-image-preview":"max-image-preview:large","max-video-preview":"max-video-preview:-1"},"canonical":"https:\/\/brillancy.hu\/en\/product\/cornilla-csepp-alaku-gyemant-gyuru\/","og_locale":"en_GB","og_type":"article","og_title":"Cornilla csepp alak\u00fa gy\u00e9m\u00e1nt gy\u0171r\u0171","og_description":"Cornilla csepp alak\u00fa gy\u00e9m\u00e1nt gy\u0171r\u0171: bben az eleg\u00e1ns kialak\u00edt\u00e1s\u00fa, 14 kar\u00e1tos aranyb\u00f3l k\u00e9sz\u00fclt gy\u0171r\u0171ben a csepp csiszol\u00e1s\u00fa gy\u00e9m\u00e1nt\u00e9 a f\u0151szerep.","og_url":"https:\/\/brillancy.hu\/en\/product\/cornilla-csepp-alaku-gyemant-gyuru\/","og_site_name":"Brillancy","article_modified_time":"2025-11-08T18:27:48+00:00","og_image":[{"width":1232,"height":928,"url":"https:\/\/brillancy.hu\/wp-content\/uploads\/2025\/05\/cornilla.png","type":"image\/png"}],"twitter_card":"summary_large_image","twitter_misc":{"Estimated reading time":"2 minutes"},"schema":{"@context":"https:\/\/schema.org","@graph":[{"@type":"WebPage","@id":"https:\/\/brillancy.hu\/product\/cornilla-csepp-alaku-gyemant-gyuru\/","url":"https:\/\/brillancy.hu\/product\/cornilla-csepp-alaku-gyemant-gyuru\/","name":"Cornilla csepp alak\u00fa gy\u00e9m\u00e1nt gy\u0171r\u0171 - Brillancy","isPartOf":{"@id":"https:\/\/brillancy.hu\/#website"},"primaryImageOfPage":{"@id":"https:\/\/brillancy.hu\/product\/cornilla-csepp-alaku-gyemant-gyuru\/#primaryimage"},"image":{"@id":"https:\/\/brillancy.hu\/product\/cornilla-csepp-alaku-gyemant-gyuru\/#primaryimage"},"thumbnailUrl":"https:\/\/brillancy.hu\/wp-content\/uploads\/2025\/05\/cornilla.png","datePublished":"2025-05-09T15:15:52+00:00","dateModified":"2025-11-08T18:27:48+00:00","description":"Cornilla csepp alak\u00fa gy\u00e9m\u00e1nt gy\u0171r\u0171: bben az eleg\u00e1ns kialak\u00edt\u00e1s\u00fa, 14 kar\u00e1tos aranyb\u00f3l k\u00e9sz\u00fclt gy\u0171r\u0171ben a csepp csiszol\u00e1s\u00fa gy\u00e9m\u00e1nt\u00e9 a f\u0151szerep.","breadcrumb":{"@id":"https:\/\/brillancy.hu\/product\/cornilla-csepp-alaku-gyemant-gyuru\/#breadcrumb"},"inLanguage":"en-GB","potentialAction":[{"@type":"ReadAction","target":["https:\/\/brillancy.hu\/product\/cornilla-csepp-alaku-gyemant-gyuru\/"]}]},{"@type":"ImageObject","inLanguage":"en-GB","@id":"https:\/\/brillancy.hu\/product\/cornilla-csepp-alaku-gyemant-gyuru\/#primaryimage","url":"https:\/\/brillancy.hu\/wp-content\/uploads\/2025\/05\/cornilla.png","contentUrl":"https:\/\/brillancy.hu\/wp-content\/uploads\/2025\/05\/cornilla.png","width":1232,"height":928,"caption":"Cornilla deluxe gy\u00e9m\u00e1nt gy\u0171r\u0171"},{"@type":"BreadcrumbList","@id":"https:\/\/brillancy.hu\/product\/cornilla-csepp-alaku-gyemant-gyuru\/#breadcrumb","itemListElement":[{"@type":"ListItem","position":1,"name":"Home","item":"https:\/\/brillancy.hu\/"},{"@type":"ListItem","position":2,"name":"Term\u00e9kek","item":"https:\/\/brillancy.hu\/termekek\/"},{"@type":"ListItem","position":3,"name":"Cornilla csepp alak\u00fa gy\u00e9m\u00e1nt gy\u0171r\u0171"}]},{"@type":"WebSite","@id":"https:\/\/brillancy.hu\/#website","url":"https:\/\/brillancy.hu\/","name":"Brillancy","description":"","potentialAction":[{"@type":"SearchAction","target":{"@type":"EntryPoint","urlTemplate":"https:\/\/brillancy.hu\/?s={search_term_string}"},"query-input":{"@type":"PropertyValueSpecification","valueRequired":true,"valueName":"search_term_string"}}],"inLanguage":"en-GB"}]}},"_links":{"self":[{"href":"https:\/\/brillancy.hu\/en\/wp-json\/wp\/v2\/product\/10122","targetHints":{"allow":["GET"]}}],"collection":[{"href":"https:\/\/brillancy.hu\/en\/wp-json\/wp\/v2\/product"}],"about":[{"href":"https:\/\/brillancy.hu\/en\/wp-json\/wp\/v2\/types\/product"}],"replies":[{"embeddable":true,"href":"https:\/\/brillancy.hu\/en\/wp-json\/wp\/v2\/comments?post=10122"}],"wp:featuredmedia":[{"embeddable":true,"href":"https:\/\/brillancy.hu\/en\/wp-json\/wp\/v2\/media\/10120"}],"wp:attachment":[{"href":"https:\/\/brillancy.hu\/en\/wp-json\/wp\/v2\/media?parent=10122"}],"wp:term":[{"taxonomy":"product_brand","embeddable":true,"href":"https:\/\/brillancy.hu\/en\/wp-json\/wp\/v2\/product_brand?post=10122"},{"taxonomy":"product_cat","embeddable":true,"href":"https:\/\/brillancy.hu\/en\/wp-json\/wp\/v2\/product_cat?post=10122"},{"taxonomy":"product_tag","embeddable":true,"href":"https:\/\/brillancy.hu\/en\/wp-json\/wp\/v2\/product_tag?post=10122"}],"curies":[{"name":"wp","href":"https:\/\/api.w.org\/{rel}","templated":true}]}}