{"id":10107,"date":"2025-05-09T15:22:51","date_gmt":"2025-05-09T14:22:51","guid":{"rendered":"https:\/\/brillancy.hu\/?post_type=product&#038;p=10107"},"modified":"2025-10-17T10:56:12","modified_gmt":"2025-10-17T09:56:12","slug":"gaudi-dragakoves-medal","status":"publish","type":"product","link":"https:\/\/brillancy.hu\/en\/product\/gaudi-dragakoves-medal\/","title":{"rendered":"Gaud\u00ed jeweled pendant"},"content":{"rendered":"<p><b>Gaud\u00ed jeweled pendant<\/b><\/p>\n<div>\n<div><\/div>\n<div><strong>The designer&#039;s recommendation:<\/strong><\/div>\n<\/div>\n<p>Antoni Gaudi&#039;s organic architecture&#039;s best-known figure. Unique, nature-oriented style with actually, She developed today&#039;s Barcelona cityscape of what the architect after the death of his style of built-nice has been longer. His genius homage to the creators found inspiration in a dream this jeweled medallion.<\/p>\n<p>Az \u00e9kszer k\u00f6zponti r\u00e9sz\u00e9n n\u00e9gykarmos foglalatban, egy gy\u00f6ny\u00f6r\u0171, <strong>z\u00f6ld sz\u00edn\u0171, ov\u00e1lis csiszol\u00e1s\u00fa, 0,75 ct-os turmalin<\/strong> kapott helyet. A n\u00f6v\u00e9nyi, ind\u00e1s mot\u00edvumvil\u00e1g k\u00f6r\u00fcl\u00f6leli a dr\u00e1gak\u00f6vet \u00e9s egyes r\u00e9szeken <strong>apr\u00f3, feh\u00e9r, brili\u00e1ns csiszol\u00e1s\u00fa gy\u00e9m\u00e1ntok<\/strong> gondoskodnak a k\u00e1pr\u00e1zatos csillog\u00e1sr\u00f3l. \u00c1mulatba ejt\u0151 forma \u00e9s exkluz\u00edv megjelen\u00e9s jellemzi.<\/p>\n<ul>\n<li><b>Material:<\/b>\u00a0gold<\/li>\n<li><b>Fineness<\/b>: 585 thousandth, 14 carat<\/li>\n<li><b>Gemstone<\/b>: oval cut tourmaline and brilliant cut diamonds<\/li>\n<\/ul>\n<p>&nbsp;<\/p>\n<p><strong>Eternal life guarantee:<\/strong>\u00a0the jewelry structure of the material errors and gems<\/p>\n<p>The average production time is 4-6 weeks. If you have any important date for which you want the product, please contact with us by phone +36 30 539 1179 number, or the info@brillancy.hu e-mail address.<\/p>\n<p>Can be ordered in yellow, white or rose gold colors. The jewel to the gift box optional.<\/p>\n<p><strong>I like the Gaud\u00ed jeweled pendant, but a different color gems did you imagine it?<\/strong>\u00a0It&#039;s not a problem. We like to give an offer to the expected ideas. Find us confidence on the phone +36 30 539 1179 number, or the info@brillancy.hu e-mail address.<\/p>\n<p><strong>Pay scrap gold<\/strong>\u00a0Damaged, old, or never used gold hiding at home in the cupboards? Bring it in to us and it will be transferred to you the chosen jewellery price.<\/p>","protected":false},"excerpt":{"rendered":"<p>An art nouveau 14 karat gold jeweled pendant oval cut tourmaline with and brilliant cut diamonds<\/p>","protected":false},"featured_media":10106,"comment_status":"open","ping_status":"closed","template":"","meta":[],"product_brand":[],"product_cat":[57,19],"product_tag":[],"class_list":{"0":"post-10107","1":"product","2":"type-product","3":"status-publish","4":"has-post-thumbnail","6":"product_cat-art-nouveau","7":"product_cat-design-ekszerek","9":"first","10":"instock","11":"shipping-taxable","12":"purchasable","13":"product-type-simple"},"yoast_head":"<!-- This site is optimized with the Yoast SEO Premium plugin v27.0 (Yoast SEO v27.0) - https:\/\/yoast.com\/product\/yoast-seo-premium-wordpress\/ -->\n<title>Gaud\u00ed dr\u00e1gak\u00f6ves med\u00e1l - Brillancy<\/title>\n<meta name=\"description\" content=\"Gaud\u00ed dr\u00e1gak\u00f6ves med\u00e1l: \u00c1mulatba ejt\u0151 forma \u00e9s exkluz\u00edv megjelen\u00e9s. Egy ov\u00e1lis csiszol\u00e1s\u00fa z\u00f6ld turmalinnal \u00e9s brili\u00e1ns csiszol\u00e1s\u00fa gy\u00e9m\u00e1ntokkal d\u00edsz\u00edtve.\" \/>\n<meta name=\"robots\" content=\"index, follow, max-snippet:-1, max-image-preview:large, max-video-preview:-1\" \/>\n<link rel=\"canonical\" href=\"https:\/\/brillancy.hu\/en\/product\/gaudi-dragakoves-medal\/\" \/>\n<meta property=\"og:locale\" content=\"en_GB\" \/>\n<meta property=\"og:type\" content=\"article\" \/>\n<meta property=\"og:title\" content=\"Gaud\u00ed dr\u00e1gak\u00f6ves med\u00e1l\" \/>\n<meta property=\"og:description\" content=\"Gaud\u00ed dr\u00e1gak\u00f6ves med\u00e1l: \u00c1mulatba ejt\u0151 forma \u00e9s exkluz\u00edv megjelen\u00e9s. Egy ov\u00e1lis csiszol\u00e1s\u00fa z\u00f6ld turmalinnal \u00e9s brili\u00e1ns csiszol\u00e1s\u00fa gy\u00e9m\u00e1ntokkal d\u00edsz\u00edtve.\" \/>\n<meta property=\"og:url\" content=\"https:\/\/brillancy.hu\/en\/product\/gaudi-dragakoves-medal\/\" \/>\n<meta property=\"og:site_name\" content=\"Brillancy\" \/>\n<meta property=\"article:modified_time\" content=\"2025-10-17T09:56:12+00:00\" \/>\n<meta property=\"og:image\" content=\"https:\/\/brillancy.hu\/wp-content\/uploads\/2025\/05\/Gaudi-dragakoves-medal.jpg\" \/>\n\t<meta property=\"og:image:width\" content=\"640\" \/>\n\t<meta property=\"og:image:height\" content=\"480\" \/>\n\t<meta property=\"og:image:type\" content=\"image\/jpeg\" \/>\n<meta name=\"twitter:card\" content=\"summary_large_image\" \/>\n<meta name=\"twitter:label1\" content=\"Estimated reading time\" \/>\n\t<meta name=\"twitter:data1\" content=\"2 minutes\" \/>\n<script type=\"application\/ld+json\" class=\"yoast-schema-graph\">{\"@context\":\"https:\/\/schema.org\",\"@graph\":[{\"@type\":\"WebPage\",\"@id\":\"https:\/\/brillancy.hu\/product\/gaudi-dragakoves-medal\/\",\"url\":\"https:\/\/brillancy.hu\/product\/gaudi-dragakoves-medal\/\",\"name\":\"Gaud\u00ed dr\u00e1gak\u00f6ves med\u00e1l - Brillancy\",\"isPartOf\":{\"@id\":\"https:\/\/brillancy.hu\/#website\"},\"primaryImageOfPage\":{\"@id\":\"https:\/\/brillancy.hu\/product\/gaudi-dragakoves-medal\/#primaryimage\"},\"image\":{\"@id\":\"https:\/\/brillancy.hu\/product\/gaudi-dragakoves-medal\/#primaryimage\"},\"thumbnailUrl\":\"https:\/\/brillancy.hu\/wp-content\/uploads\/2025\/05\/Gaudi-dragakoves-medal.jpg\",\"datePublished\":\"2025-05-09T14:22:51+00:00\",\"dateModified\":\"2025-10-17T09:56:12+00:00\",\"description\":\"Gaud\u00ed dr\u00e1gak\u00f6ves med\u00e1l: \u00c1mulatba ejt\u0151 forma \u00e9s exkluz\u00edv megjelen\u00e9s. Egy ov\u00e1lis csiszol\u00e1s\u00fa z\u00f6ld turmalinnal \u00e9s brili\u00e1ns csiszol\u00e1s\u00fa gy\u00e9m\u00e1ntokkal d\u00edsz\u00edtve.\",\"breadcrumb\":{\"@id\":\"https:\/\/brillancy.hu\/product\/gaudi-dragakoves-medal\/#breadcrumb\"},\"inLanguage\":\"en-GB\",\"potentialAction\":[{\"@type\":\"ReadAction\",\"target\":[\"https:\/\/brillancy.hu\/product\/gaudi-dragakoves-medal\/\"]}]},{\"@type\":\"ImageObject\",\"inLanguage\":\"en-GB\",\"@id\":\"https:\/\/brillancy.hu\/product\/gaudi-dragakoves-medal\/#primaryimage\",\"url\":\"https:\/\/brillancy.hu\/wp-content\/uploads\/2025\/05\/Gaudi-dragakoves-medal.jpg\",\"contentUrl\":\"https:\/\/brillancy.hu\/wp-content\/uploads\/2025\/05\/Gaudi-dragakoves-medal.jpg\",\"width\":640,\"height\":480,\"caption\":\"Szecesszi\u00f3s st\u00edlus\u00fa, 14 kar\u00e1tos aranyb\u00f3l k\u00e9sz\u00fclt dr\u00e1gak\u00f6ves med\u00e1l turmalinnal \u00e9s gy\u00e9m\u00e1ntokkal\"},{\"@type\":\"BreadcrumbList\",\"@id\":\"https:\/\/brillancy.hu\/product\/gaudi-dragakoves-medal\/#breadcrumb\",\"itemListElement\":[{\"@type\":\"ListItem\",\"position\":1,\"name\":\"Home\",\"item\":\"https:\/\/brillancy.hu\/\"},{\"@type\":\"ListItem\",\"position\":2,\"name\":\"Term\u00e9kek\",\"item\":\"https:\/\/brillancy.hu\/termekek\/\"},{\"@type\":\"ListItem\",\"position\":3,\"name\":\"Gaud\u00ed dr\u00e1gak\u00f6ves med\u00e1l\"}]},{\"@type\":\"WebSite\",\"@id\":\"https:\/\/brillancy.hu\/#website\",\"url\":\"https:\/\/brillancy.hu\/\",\"name\":\"Brillancy\",\"description\":\"\",\"potentialAction\":[{\"@type\":\"SearchAction\",\"target\":{\"@type\":\"EntryPoint\",\"urlTemplate\":\"https:\/\/brillancy.hu\/?s={search_term_string}\"},\"query-input\":{\"@type\":\"PropertyValueSpecification\",\"valueRequired\":true,\"valueName\":\"search_term_string\"}}],\"inLanguage\":\"en-GB\"}]}<\/script>\n<!-- \/ Yoast SEO Premium plugin. -->","yoast_head_json":{"title":"Gaud\u00ed dr\u00e1gak\u00f6ves med\u00e1l - Brillancy","description":"Gaud\u00ed dr\u00e1gak\u00f6ves med\u00e1l: \u00c1mulatba ejt\u0151 forma \u00e9s exkluz\u00edv megjelen\u00e9s. Egy ov\u00e1lis csiszol\u00e1s\u00fa z\u00f6ld turmalinnal \u00e9s brili\u00e1ns csiszol\u00e1s\u00fa gy\u00e9m\u00e1ntokkal d\u00edsz\u00edtve.","robots":{"index":"index","follow":"follow","max-snippet":"max-snippet:-1","max-image-preview":"max-image-preview:large","max-video-preview":"max-video-preview:-1"},"canonical":"https:\/\/brillancy.hu\/en\/product\/gaudi-dragakoves-medal\/","og_locale":"en_GB","og_type":"article","og_title":"Gaud\u00ed dr\u00e1gak\u00f6ves med\u00e1l","og_description":"Gaud\u00ed dr\u00e1gak\u00f6ves med\u00e1l: \u00c1mulatba ejt\u0151 forma \u00e9s exkluz\u00edv megjelen\u00e9s. Egy ov\u00e1lis csiszol\u00e1s\u00fa z\u00f6ld turmalinnal \u00e9s brili\u00e1ns csiszol\u00e1s\u00fa gy\u00e9m\u00e1ntokkal d\u00edsz\u00edtve.","og_url":"https:\/\/brillancy.hu\/en\/product\/gaudi-dragakoves-medal\/","og_site_name":"Brillancy","article_modified_time":"2025-10-17T09:56:12+00:00","og_image":[{"width":640,"height":480,"url":"https:\/\/brillancy.hu\/wp-content\/uploads\/2025\/05\/Gaudi-dragakoves-medal.jpg","type":"image\/jpeg"}],"twitter_card":"summary_large_image","twitter_misc":{"Estimated reading time":"2 minutes"},"schema":{"@context":"https:\/\/schema.org","@graph":[{"@type":"WebPage","@id":"https:\/\/brillancy.hu\/product\/gaudi-dragakoves-medal\/","url":"https:\/\/brillancy.hu\/product\/gaudi-dragakoves-medal\/","name":"Gaud\u00ed dr\u00e1gak\u00f6ves med\u00e1l - Brillancy","isPartOf":{"@id":"https:\/\/brillancy.hu\/#website"},"primaryImageOfPage":{"@id":"https:\/\/brillancy.hu\/product\/gaudi-dragakoves-medal\/#primaryimage"},"image":{"@id":"https:\/\/brillancy.hu\/product\/gaudi-dragakoves-medal\/#primaryimage"},"thumbnailUrl":"https:\/\/brillancy.hu\/wp-content\/uploads\/2025\/05\/Gaudi-dragakoves-medal.jpg","datePublished":"2025-05-09T14:22:51+00:00","dateModified":"2025-10-17T09:56:12+00:00","description":"Gaud\u00ed dr\u00e1gak\u00f6ves med\u00e1l: \u00c1mulatba ejt\u0151 forma \u00e9s exkluz\u00edv megjelen\u00e9s. Egy ov\u00e1lis csiszol\u00e1s\u00fa z\u00f6ld turmalinnal \u00e9s brili\u00e1ns csiszol\u00e1s\u00fa gy\u00e9m\u00e1ntokkal d\u00edsz\u00edtve.","breadcrumb":{"@id":"https:\/\/brillancy.hu\/product\/gaudi-dragakoves-medal\/#breadcrumb"},"inLanguage":"en-GB","potentialAction":[{"@type":"ReadAction","target":["https:\/\/brillancy.hu\/product\/gaudi-dragakoves-medal\/"]}]},{"@type":"ImageObject","inLanguage":"en-GB","@id":"https:\/\/brillancy.hu\/product\/gaudi-dragakoves-medal\/#primaryimage","url":"https:\/\/brillancy.hu\/wp-content\/uploads\/2025\/05\/Gaudi-dragakoves-medal.jpg","contentUrl":"https:\/\/brillancy.hu\/wp-content\/uploads\/2025\/05\/Gaudi-dragakoves-medal.jpg","width":640,"height":480,"caption":"Szecesszi\u00f3s st\u00edlus\u00fa, 14 kar\u00e1tos aranyb\u00f3l k\u00e9sz\u00fclt dr\u00e1gak\u00f6ves med\u00e1l turmalinnal \u00e9s gy\u00e9m\u00e1ntokkal"},{"@type":"BreadcrumbList","@id":"https:\/\/brillancy.hu\/product\/gaudi-dragakoves-medal\/#breadcrumb","itemListElement":[{"@type":"ListItem","position":1,"name":"Home","item":"https:\/\/brillancy.hu\/"},{"@type":"ListItem","position":2,"name":"Term\u00e9kek","item":"https:\/\/brillancy.hu\/termekek\/"},{"@type":"ListItem","position":3,"name":"Gaud\u00ed dr\u00e1gak\u00f6ves med\u00e1l"}]},{"@type":"WebSite","@id":"https:\/\/brillancy.hu\/#website","url":"https:\/\/brillancy.hu\/","name":"Brillancy","description":"","potentialAction":[{"@type":"SearchAction","target":{"@type":"EntryPoint","urlTemplate":"https:\/\/brillancy.hu\/?s={search_term_string}"},"query-input":{"@type":"PropertyValueSpecification","valueRequired":true,"valueName":"search_term_string"}}],"inLanguage":"en-GB"}]}},"_links":{"self":[{"href":"https:\/\/brillancy.hu\/en\/wp-json\/wp\/v2\/product\/10107","targetHints":{"allow":["GET"]}}],"collection":[{"href":"https:\/\/brillancy.hu\/en\/wp-json\/wp\/v2\/product"}],"about":[{"href":"https:\/\/brillancy.hu\/en\/wp-json\/wp\/v2\/types\/product"}],"replies":[{"embeddable":true,"href":"https:\/\/brillancy.hu\/en\/wp-json\/wp\/v2\/comments?post=10107"}],"wp:featuredmedia":[{"embeddable":true,"href":"https:\/\/brillancy.hu\/en\/wp-json\/wp\/v2\/media\/10106"}],"wp:attachment":[{"href":"https:\/\/brillancy.hu\/en\/wp-json\/wp\/v2\/media?parent=10107"}],"wp:term":[{"taxonomy":"product_brand","embeddable":true,"href":"https:\/\/brillancy.hu\/en\/wp-json\/wp\/v2\/product_brand?post=10107"},{"taxonomy":"product_cat","embeddable":true,"href":"https:\/\/brillancy.hu\/en\/wp-json\/wp\/v2\/product_cat?post=10107"},{"taxonomy":"product_tag","embeddable":true,"href":"https:\/\/brillancy.hu\/en\/wp-json\/wp\/v2\/product_tag?post=10107"}],"curies":[{"name":"wp","href":"https:\/\/api.w.org\/{rel}","templated":true}]}}