{"id":10105,"date":"2025-05-09T14:06:57","date_gmt":"2025-05-09T13:06:57","guid":{"rendered":"https:\/\/brillancy.hu\/?post_type=product&#038;p=10105"},"modified":"2026-03-27T17:25:46","modified_gmt":"2026-03-27T16:25:46","slug":"klimt-gyemant-medal","status":"publish","type":"product","link":"https:\/\/brillancy.hu\/en\/product\/klimt-gyemant-medal\/","title":{"rendered":"Klimt diamond pendant"},"content":{"rendered":"<p><b>Klimt diamond pendant<\/b><\/p>\n<div>\n<div><\/div>\n<div><strong>The designer&#039;s recommendation:<\/strong><\/div>\n<\/div>\n<p>Gustav Klimt art nouveau outstanding shape. To create the characteristic twisting, tendril-old lines inspired, this diamond pendant is the creation, so it got the name.<\/p>\n<p>Az \u00e9kszer eleganci\u00e1j\u00e1t a leny\u0171g\u00f6z\u0151 megmunk\u00e1l\u00e1snak k\u00f6sz\u00f6nheti, mely prec\u00edz \u00e9s kifinomult. A j\u00e1t\u00e9kosan csavarod\u00f3, burj\u00e1nz\u00f3, ornament\u00e1lis d\u00edsz\u00edt\u00e9s egy z\u00e1rt, t\u00e9glalap form\u00e1ban kapott helyet. \u00cdgy egyszerre van jelen a szab\u00e1lytalan \u00e9s a szab\u00e1lyos formavil\u00e1g. A n\u00f6v\u00e9nyi mot\u00edvumokon t\u00fal mesesz\u00e9p brili\u00e1ns csiszol\u00e1s\u00fa gy\u00e9m\u00e1ntok teszik m\u00e9g szebb\u00e9 \u00e9s csillog\u00f3bb\u00e1 a med\u00e1lt; egy nagyobb, 3 mm \u00e1tm\u00e9r\u0151j\u0171 k\u00e9k sz\u00edn\u0171 gy\u00e9m\u00e1nt \u00e9s k\u00f6r\u00fcl\u00f6tte elsz\u00f3rtan kisebb, 1-1,3 mm \u00e1tm\u00e9r\u0151j\u0171 feh\u00e9r gy\u00e9m\u00e1nt.<\/p>\n<ul>\n<li><b>Material:<\/b>\u00a0gold<\/li>\n<li><b>Fineness<\/b>: 585 thousandth, 14 carat<\/li>\n<li><b>Gemstone<\/b>: brilliant cut diamond<\/li>\n<\/ul>\n<p>&nbsp;<\/p>\n<p><strong>Eternal life guarantee:<\/strong>\u00a0the jewelry structure of the material errors and gems<\/p>\n<p>The average production time is 4-6 weeks. If you have any important date for which you want the product, please contact with us by phone +36 30 539 1179 number, or the info@brillancy.hu e-mail address.<\/p>\n<p>Can be ordered in yellow, white or rose gold colors. The jewel to the gift box optional.<\/p>\n<p><strong>I like the Klimt diamond pendant, but a different color diamonds did you imagine it?<\/strong>\u00a0It&#039;s not a problem. We like to give an offer to the expected ideas. Find us confidence on the phone +36 30 539 1179 number, or the info@brillancy.hu e-mail address.<\/p>\n<p><strong>Pay scrap gold<\/strong>\u00a0Damaged, old, or never used gold hiding at home in the cupboards? Bring it in to us and it will be transferred to you the chosen jewellery price.<\/p>","protected":false},"excerpt":{"rendered":"<p>14-karat gold diamond pendant art nouveau style<\/p>","protected":false},"featured_media":10104,"comment_status":"open","ping_status":"closed","template":"","meta":[],"product_brand":[],"product_cat":[57,19],"product_tag":[],"class_list":{"0":"post-10105","1":"product","2":"type-product","3":"status-publish","4":"has-post-thumbnail","6":"product_cat-art-nouveau","7":"product_cat-design-ekszerek","9":"first","10":"instock","11":"shipping-taxable","12":"purchasable","13":"product-type-simple"},"yoast_head":"<!-- This site is optimized with the Yoast SEO Premium plugin v27.0 (Yoast SEO v27.0) - https:\/\/yoast.com\/product\/yoast-seo-premium-wordpress\/ -->\n<title>Klimt gy\u00e9m\u00e1nt med\u00e1l - Brillancy<\/title>\n<meta name=\"description\" content=\"A Klimt gy\u00e9m\u00e1nt med\u00e1l a szecesszi\u00f3s st\u00edlus k\u00e9pvisel\u0151je. A j\u00e1t\u00e9kosan csavarod\u00f3, burj\u00e1nz\u00f3, ornament\u00e1lis d\u00edsz\u00edt\u00e9s egy z\u00e1rt, t\u00e9glalap form\u00e1ban kapott helyet.\" \/>\n<meta name=\"robots\" content=\"index, follow, max-snippet:-1, max-image-preview:large, max-video-preview:-1\" \/>\n<link rel=\"canonical\" href=\"https:\/\/brillancy.hu\/en\/product\/klimt-gyemant-medal\/\" \/>\n<meta property=\"og:locale\" content=\"en_GB\" \/>\n<meta property=\"og:type\" content=\"article\" \/>\n<meta property=\"og:title\" content=\"Klimt gy\u00e9m\u00e1nt med\u00e1l\" \/>\n<meta property=\"og:description\" content=\"A Klimt gy\u00e9m\u00e1nt med\u00e1l a szecesszi\u00f3s st\u00edlus k\u00e9pvisel\u0151je. A j\u00e1t\u00e9kosan csavarod\u00f3, burj\u00e1nz\u00f3, ornament\u00e1lis d\u00edsz\u00edt\u00e9s egy z\u00e1rt, t\u00e9glalap form\u00e1ban kapott helyet.\" \/>\n<meta property=\"og:url\" content=\"https:\/\/brillancy.hu\/en\/product\/klimt-gyemant-medal\/\" \/>\n<meta property=\"og:site_name\" content=\"Brillancy\" \/>\n<meta property=\"article:modified_time\" content=\"2026-03-27T16:25:46+00:00\" \/>\n<meta property=\"og:image\" content=\"https:\/\/brillancy.hu\/wp-content\/uploads\/2025\/05\/Klimt-gyemant-medal.jpg\" \/>\n\t<meta property=\"og:image:width\" content=\"640\" \/>\n\t<meta property=\"og:image:height\" content=\"480\" \/>\n\t<meta property=\"og:image:type\" content=\"image\/jpeg\" \/>\n<meta name=\"twitter:card\" content=\"summary_large_image\" \/>\n<meta name=\"twitter:label1\" content=\"Estimated reading time\" \/>\n\t<meta name=\"twitter:data1\" content=\"2 minutes\" \/>\n<script type=\"application\/ld+json\" class=\"yoast-schema-graph\">{\"@context\":\"https:\/\/schema.org\",\"@graph\":[{\"@type\":\"WebPage\",\"@id\":\"https:\/\/brillancy.hu\/product\/klimt-gyemant-medal\/\",\"url\":\"https:\/\/brillancy.hu\/product\/klimt-gyemant-medal\/\",\"name\":\"Klimt gy\u00e9m\u00e1nt med\u00e1l - Brillancy\",\"isPartOf\":{\"@id\":\"https:\/\/brillancy.hu\/#website\"},\"primaryImageOfPage\":{\"@id\":\"https:\/\/brillancy.hu\/product\/klimt-gyemant-medal\/#primaryimage\"},\"image\":{\"@id\":\"https:\/\/brillancy.hu\/product\/klimt-gyemant-medal\/#primaryimage\"},\"thumbnailUrl\":\"https:\/\/brillancy.hu\/wp-content\/uploads\/2025\/05\/Klimt-gyemant-medal.jpg\",\"datePublished\":\"2025-05-09T13:06:57+00:00\",\"dateModified\":\"2026-03-27T16:25:46+00:00\",\"description\":\"A Klimt gy\u00e9m\u00e1nt med\u00e1l a szecesszi\u00f3s st\u00edlus k\u00e9pvisel\u0151je. A j\u00e1t\u00e9kosan csavarod\u00f3, burj\u00e1nz\u00f3, ornament\u00e1lis d\u00edsz\u00edt\u00e9s egy z\u00e1rt, t\u00e9glalap form\u00e1ban kapott helyet.\",\"breadcrumb\":{\"@id\":\"https:\/\/brillancy.hu\/product\/klimt-gyemant-medal\/#breadcrumb\"},\"inLanguage\":\"en-GB\",\"potentialAction\":[{\"@type\":\"ReadAction\",\"target\":[\"https:\/\/brillancy.hu\/product\/klimt-gyemant-medal\/\"]}]},{\"@type\":\"ImageObject\",\"inLanguage\":\"en-GB\",\"@id\":\"https:\/\/brillancy.hu\/product\/klimt-gyemant-medal\/#primaryimage\",\"url\":\"https:\/\/brillancy.hu\/wp-content\/uploads\/2025\/05\/Klimt-gyemant-medal.jpg\",\"contentUrl\":\"https:\/\/brillancy.hu\/wp-content\/uploads\/2025\/05\/Klimt-gyemant-medal.jpg\",\"width\":640,\"height\":480,\"caption\":\"14 kar\u00e1tos aranyb\u00f3l k\u00e9sz\u00fclt gy\u00e9m\u00e1nt med\u00e1l szecesszi\u00f3s st\u00edlusban\"},{\"@type\":\"BreadcrumbList\",\"@id\":\"https:\/\/brillancy.hu\/product\/klimt-gyemant-medal\/#breadcrumb\",\"itemListElement\":[{\"@type\":\"ListItem\",\"position\":1,\"name\":\"Home\",\"item\":\"https:\/\/brillancy.hu\/\"},{\"@type\":\"ListItem\",\"position\":2,\"name\":\"Term\u00e9kek\",\"item\":\"https:\/\/brillancy.hu\/termekek\/\"},{\"@type\":\"ListItem\",\"position\":3,\"name\":\"Klimt gy\u00e9m\u00e1nt med\u00e1l\"}]},{\"@type\":\"WebSite\",\"@id\":\"https:\/\/brillancy.hu\/#website\",\"url\":\"https:\/\/brillancy.hu\/\",\"name\":\"Brillancy\",\"description\":\"\",\"potentialAction\":[{\"@type\":\"SearchAction\",\"target\":{\"@type\":\"EntryPoint\",\"urlTemplate\":\"https:\/\/brillancy.hu\/?s={search_term_string}\"},\"query-input\":{\"@type\":\"PropertyValueSpecification\",\"valueRequired\":true,\"valueName\":\"search_term_string\"}}],\"inLanguage\":\"en-GB\"}]}<\/script>\n<!-- \/ Yoast SEO Premium plugin. -->","yoast_head_json":{"title":"Klimt gy\u00e9m\u00e1nt med\u00e1l - Brillancy","description":"A Klimt gy\u00e9m\u00e1nt med\u00e1l a szecesszi\u00f3s st\u00edlus k\u00e9pvisel\u0151je. A j\u00e1t\u00e9kosan csavarod\u00f3, burj\u00e1nz\u00f3, ornament\u00e1lis d\u00edsz\u00edt\u00e9s egy z\u00e1rt, t\u00e9glalap form\u00e1ban kapott helyet.","robots":{"index":"index","follow":"follow","max-snippet":"max-snippet:-1","max-image-preview":"max-image-preview:large","max-video-preview":"max-video-preview:-1"},"canonical":"https:\/\/brillancy.hu\/en\/product\/klimt-gyemant-medal\/","og_locale":"en_GB","og_type":"article","og_title":"Klimt gy\u00e9m\u00e1nt med\u00e1l","og_description":"A Klimt gy\u00e9m\u00e1nt med\u00e1l a szecesszi\u00f3s st\u00edlus k\u00e9pvisel\u0151je. A j\u00e1t\u00e9kosan csavarod\u00f3, burj\u00e1nz\u00f3, ornament\u00e1lis d\u00edsz\u00edt\u00e9s egy z\u00e1rt, t\u00e9glalap form\u00e1ban kapott helyet.","og_url":"https:\/\/brillancy.hu\/en\/product\/klimt-gyemant-medal\/","og_site_name":"Brillancy","article_modified_time":"2026-03-27T16:25:46+00:00","og_image":[{"width":640,"height":480,"url":"https:\/\/brillancy.hu\/wp-content\/uploads\/2025\/05\/Klimt-gyemant-medal.jpg","type":"image\/jpeg"}],"twitter_card":"summary_large_image","twitter_misc":{"Estimated reading time":"2 minutes"},"schema":{"@context":"https:\/\/schema.org","@graph":[{"@type":"WebPage","@id":"https:\/\/brillancy.hu\/product\/klimt-gyemant-medal\/","url":"https:\/\/brillancy.hu\/product\/klimt-gyemant-medal\/","name":"Klimt gy\u00e9m\u00e1nt med\u00e1l - Brillancy","isPartOf":{"@id":"https:\/\/brillancy.hu\/#website"},"primaryImageOfPage":{"@id":"https:\/\/brillancy.hu\/product\/klimt-gyemant-medal\/#primaryimage"},"image":{"@id":"https:\/\/brillancy.hu\/product\/klimt-gyemant-medal\/#primaryimage"},"thumbnailUrl":"https:\/\/brillancy.hu\/wp-content\/uploads\/2025\/05\/Klimt-gyemant-medal.jpg","datePublished":"2025-05-09T13:06:57+00:00","dateModified":"2026-03-27T16:25:46+00:00","description":"A Klimt gy\u00e9m\u00e1nt med\u00e1l a szecesszi\u00f3s st\u00edlus k\u00e9pvisel\u0151je. A j\u00e1t\u00e9kosan csavarod\u00f3, burj\u00e1nz\u00f3, ornament\u00e1lis d\u00edsz\u00edt\u00e9s egy z\u00e1rt, t\u00e9glalap form\u00e1ban kapott helyet.","breadcrumb":{"@id":"https:\/\/brillancy.hu\/product\/klimt-gyemant-medal\/#breadcrumb"},"inLanguage":"en-GB","potentialAction":[{"@type":"ReadAction","target":["https:\/\/brillancy.hu\/product\/klimt-gyemant-medal\/"]}]},{"@type":"ImageObject","inLanguage":"en-GB","@id":"https:\/\/brillancy.hu\/product\/klimt-gyemant-medal\/#primaryimage","url":"https:\/\/brillancy.hu\/wp-content\/uploads\/2025\/05\/Klimt-gyemant-medal.jpg","contentUrl":"https:\/\/brillancy.hu\/wp-content\/uploads\/2025\/05\/Klimt-gyemant-medal.jpg","width":640,"height":480,"caption":"14 kar\u00e1tos aranyb\u00f3l k\u00e9sz\u00fclt gy\u00e9m\u00e1nt med\u00e1l szecesszi\u00f3s st\u00edlusban"},{"@type":"BreadcrumbList","@id":"https:\/\/brillancy.hu\/product\/klimt-gyemant-medal\/#breadcrumb","itemListElement":[{"@type":"ListItem","position":1,"name":"Home","item":"https:\/\/brillancy.hu\/"},{"@type":"ListItem","position":2,"name":"Term\u00e9kek","item":"https:\/\/brillancy.hu\/termekek\/"},{"@type":"ListItem","position":3,"name":"Klimt gy\u00e9m\u00e1nt med\u00e1l"}]},{"@type":"WebSite","@id":"https:\/\/brillancy.hu\/#website","url":"https:\/\/brillancy.hu\/","name":"Brillancy","description":"","potentialAction":[{"@type":"SearchAction","target":{"@type":"EntryPoint","urlTemplate":"https:\/\/brillancy.hu\/?s={search_term_string}"},"query-input":{"@type":"PropertyValueSpecification","valueRequired":true,"valueName":"search_term_string"}}],"inLanguage":"en-GB"}]}},"_links":{"self":[{"href":"https:\/\/brillancy.hu\/en\/wp-json\/wp\/v2\/product\/10105","targetHints":{"allow":["GET"]}}],"collection":[{"href":"https:\/\/brillancy.hu\/en\/wp-json\/wp\/v2\/product"}],"about":[{"href":"https:\/\/brillancy.hu\/en\/wp-json\/wp\/v2\/types\/product"}],"replies":[{"embeddable":true,"href":"https:\/\/brillancy.hu\/en\/wp-json\/wp\/v2\/comments?post=10105"}],"wp:featuredmedia":[{"embeddable":true,"href":"https:\/\/brillancy.hu\/en\/wp-json\/wp\/v2\/media\/10104"}],"wp:attachment":[{"href":"https:\/\/brillancy.hu\/en\/wp-json\/wp\/v2\/media?parent=10105"}],"wp:term":[{"taxonomy":"product_brand","embeddable":true,"href":"https:\/\/brillancy.hu\/en\/wp-json\/wp\/v2\/product_brand?post=10105"},{"taxonomy":"product_cat","embeddable":true,"href":"https:\/\/brillancy.hu\/en\/wp-json\/wp\/v2\/product_cat?post=10105"},{"taxonomy":"product_tag","embeddable":true,"href":"https:\/\/brillancy.hu\/en\/wp-json\/wp\/v2\/product_tag?post=10105"}],"curies":[{"name":"wp","href":"https:\/\/api.w.org\/{rel}","templated":true}]}}