{"id":10015,"date":"2025-04-29T19:03:05","date_gmt":"2025-04-29T18:03:05","guid":{"rendered":"https:\/\/brillancy.hu\/?post_type=product&#038;p=10015"},"modified":"2025-10-17T10:56:12","modified_gmt":"2025-10-17T09:56:12","slug":"greta-gyongyos-gyuru","status":"publish","type":"product","link":"https:\/\/brillancy.hu\/en\/product\/greta-gyongyos-gyuru\/","title":{"rendered":"Greta beaded ring"},"content":{"rendered":"<p><b>Greta beaded ring<\/b><\/p>\n<div>\n<div><\/div>\n<div><strong>The designer&#039;s recommendation:<\/strong><\/div>\n<\/div>\n<p>Dazzling brilliant, <strong>14 karat gold ring<\/strong>. In the middle of a beautiful cream color pearl has taken place, with two sides hold the white brilliant cut diamonds, 6-6 piece. With their presence highlights the pearl color and beauty. The gy\u0171r\u0171s\u00edn noble simple, so great is offset by the decorated part. So it becomes harmonious made. Truly elegant, feminine, beaded jewelry, which is a special condition and shine by you to attract eyes.<\/p>\n<ul>\n<li><b>Material:<\/b>\u00a0gold<\/li>\n<li><b>Fineness<\/b>: 585 thousandth, 14 carat<\/li>\n<li><b>Gemstone<\/b>: cultured pearls<\/li>\n<\/ul>\n<p>&nbsp;<\/p>\n<p><strong>Eternal life guarantee:<\/strong>\u00a0the jewelry structure of the material errors and gems<\/p>\n<p>Can be ordered in yellow, white or rose gold colors. The jewel to the gift box optional.<\/p>\n<p><strong>I like the Greta beaded ring, but different color pearls did you imagine it?<\/strong>\u00a0It&#039;s not a problem. We like to give an offer to the expected ideas. Find us confidence on the phone +36 30 539 1179 number, or the info@brillancy.hu e-mail address.<\/p>\n<p><strong>Pay scrap gold<\/strong>\u00a0Damaged, old, or never used gold hiding at home in the cupboards? Bring it in to us and it will be transferred to you the chosen jewellery price.<\/p>","protected":false},"excerpt":{"rendered":"<p>Greta beaded ring \u2013 14 carat gold beaded ring with brilliant cut diamonds<\/p>","protected":false},"featured_media":11032,"comment_status":"open","ping_status":"closed","template":"","meta":[],"product_brand":[],"product_cat":[21,71],"product_tag":[],"class_list":{"0":"post-10015","1":"product","2":"type-product","3":"status-publish","4":"has-post-thumbnail","6":"product_cat-ekszerek","7":"product_cat-gyongyos-ekszerek","9":"first","10":"instock","11":"shipping-taxable","12":"purchasable","13":"product-type-simple"},"yoast_head":"<!-- This site is optimized with the Yoast SEO Premium plugin v27.0 (Yoast SEO v27.0) - https:\/\/yoast.com\/product\/yoast-seo-premium-wordpress\/ -->\n<title>Greta gy\u00f6ngy\u00f6s gy\u0171r\u0171 - Brillancy<\/title>\n<meta name=\"description\" content=\"14 kar\u00e1tos aranyb\u00f3l k\u00e9sz\u00fclt Greta gy\u00f6ngy\u00f6s gy\u0171r\u0171. K\u00f6z\u00e9pen egy csod\u00e1s r\u00f3zsasz\u00edn gy\u00f6ngy, mellette k\u00e9t oldalr\u00f3l \u00f6lelik a feh\u00e9r brili\u00e1ns csiszol\u00e1s\u00fa gy\u00e9m\u00e1ntok.\" \/>\n<meta name=\"robots\" content=\"index, follow, max-snippet:-1, max-image-preview:large, max-video-preview:-1\" \/>\n<link rel=\"canonical\" href=\"https:\/\/brillancy.hu\/en\/product\/greta-gyongyos-gyuru\/\" \/>\n<meta property=\"og:locale\" content=\"en_GB\" \/>\n<meta property=\"og:type\" content=\"article\" \/>\n<meta property=\"og:title\" content=\"Greta gy\u00f6ngy\u00f6s gy\u0171r\u0171\" \/>\n<meta property=\"og:description\" content=\"14 kar\u00e1tos aranyb\u00f3l k\u00e9sz\u00fclt Greta gy\u00f6ngy\u00f6s gy\u0171r\u0171. K\u00f6z\u00e9pen egy csod\u00e1s r\u00f3zsasz\u00edn gy\u00f6ngy, mellette k\u00e9t oldalr\u00f3l \u00f6lelik a feh\u00e9r brili\u00e1ns csiszol\u00e1s\u00fa gy\u00e9m\u00e1ntok.\" \/>\n<meta property=\"og:url\" content=\"https:\/\/brillancy.hu\/en\/product\/greta-gyongyos-gyuru\/\" \/>\n<meta property=\"og:site_name\" content=\"Brillancy\" \/>\n<meta property=\"article:modified_time\" content=\"2025-10-17T09:56:12+00:00\" \/>\n<meta property=\"og:image\" content=\"https:\/\/brillancy.hu\/wp-content\/uploads\/2025\/04\/20250625_1132_Realistic-Pearl-Ring_remix_01jyk6rtg4ewprcqbwsw4bemjd.png\" \/>\n\t<meta property=\"og:image:width\" content=\"1024\" \/>\n\t<meta property=\"og:image:height\" content=\"1024\" \/>\n\t<meta property=\"og:image:type\" content=\"image\/png\" \/>\n<meta name=\"twitter:card\" content=\"summary_large_image\" \/>\n<meta name=\"twitter:label1\" content=\"Estimated reading time\" \/>\n\t<meta name=\"twitter:data1\" content=\"2 minutes\" \/>\n<script type=\"application\/ld+json\" class=\"yoast-schema-graph\">{\"@context\":\"https:\/\/schema.org\",\"@graph\":[{\"@type\":\"WebPage\",\"@id\":\"https:\/\/brillancy.hu\/product\/greta-gyongyos-gyuru\/\",\"url\":\"https:\/\/brillancy.hu\/product\/greta-gyongyos-gyuru\/\",\"name\":\"Greta gy\u00f6ngy\u00f6s gy\u0171r\u0171 - Brillancy\",\"isPartOf\":{\"@id\":\"https:\/\/brillancy.hu\/#website\"},\"primaryImageOfPage\":{\"@id\":\"https:\/\/brillancy.hu\/product\/greta-gyongyos-gyuru\/#primaryimage\"},\"image\":{\"@id\":\"https:\/\/brillancy.hu\/product\/greta-gyongyos-gyuru\/#primaryimage\"},\"thumbnailUrl\":\"https:\/\/brillancy.hu\/wp-content\/uploads\/2025\/04\/20250625_1132_Realistic-Pearl-Ring_remix_01jyk6rtg4ewprcqbwsw4bemjd.png\",\"datePublished\":\"2025-04-29T18:03:05+00:00\",\"dateModified\":\"2025-10-17T09:56:12+00:00\",\"description\":\"14 kar\u00e1tos aranyb\u00f3l k\u00e9sz\u00fclt Greta gy\u00f6ngy\u00f6s gy\u0171r\u0171. K\u00f6z\u00e9pen egy csod\u00e1s r\u00f3zsasz\u00edn gy\u00f6ngy, mellette k\u00e9t oldalr\u00f3l \u00f6lelik a feh\u00e9r brili\u00e1ns csiszol\u00e1s\u00fa gy\u00e9m\u00e1ntok.\",\"breadcrumb\":{\"@id\":\"https:\/\/brillancy.hu\/product\/greta-gyongyos-gyuru\/#breadcrumb\"},\"inLanguage\":\"en-GB\",\"potentialAction\":[{\"@type\":\"ReadAction\",\"target\":[\"https:\/\/brillancy.hu\/product\/greta-gyongyos-gyuru\/\"]}]},{\"@type\":\"ImageObject\",\"inLanguage\":\"en-GB\",\"@id\":\"https:\/\/brillancy.hu\/product\/greta-gyongyos-gyuru\/#primaryimage\",\"url\":\"https:\/\/brillancy.hu\/wp-content\/uploads\/2025\/04\/20250625_1132_Realistic-Pearl-Ring_remix_01jyk6rtg4ewprcqbwsw4bemjd.png\",\"contentUrl\":\"https:\/\/brillancy.hu\/wp-content\/uploads\/2025\/04\/20250625_1132_Realistic-Pearl-Ring_remix_01jyk6rtg4ewprcqbwsw4bemjd.png\",\"width\":1024,\"height\":1024,\"caption\":\"Greta gy\u00f6ngy\u00f6s gy\u0171r\u0171\"},{\"@type\":\"BreadcrumbList\",\"@id\":\"https:\/\/brillancy.hu\/product\/greta-gyongyos-gyuru\/#breadcrumb\",\"itemListElement\":[{\"@type\":\"ListItem\",\"position\":1,\"name\":\"Home\",\"item\":\"https:\/\/brillancy.hu\/\"},{\"@type\":\"ListItem\",\"position\":2,\"name\":\"Term\u00e9kek\",\"item\":\"https:\/\/brillancy.hu\/termekek\/\"},{\"@type\":\"ListItem\",\"position\":3,\"name\":\"Greta gy\u00f6ngy\u00f6s gy\u0171r\u0171\"}]},{\"@type\":\"WebSite\",\"@id\":\"https:\/\/brillancy.hu\/#website\",\"url\":\"https:\/\/brillancy.hu\/\",\"name\":\"Brillancy\",\"description\":\"\",\"potentialAction\":[{\"@type\":\"SearchAction\",\"target\":{\"@type\":\"EntryPoint\",\"urlTemplate\":\"https:\/\/brillancy.hu\/?s={search_term_string}\"},\"query-input\":{\"@type\":\"PropertyValueSpecification\",\"valueRequired\":true,\"valueName\":\"search_term_string\"}}],\"inLanguage\":\"en-GB\"}]}<\/script>\n<!-- \/ Yoast SEO Premium plugin. -->","yoast_head_json":{"title":"Greta gy\u00f6ngy\u00f6s gy\u0171r\u0171 - Brillancy","description":"14 kar\u00e1tos aranyb\u00f3l k\u00e9sz\u00fclt Greta gy\u00f6ngy\u00f6s gy\u0171r\u0171. K\u00f6z\u00e9pen egy csod\u00e1s r\u00f3zsasz\u00edn gy\u00f6ngy, mellette k\u00e9t oldalr\u00f3l \u00f6lelik a feh\u00e9r brili\u00e1ns csiszol\u00e1s\u00fa gy\u00e9m\u00e1ntok.","robots":{"index":"index","follow":"follow","max-snippet":"max-snippet:-1","max-image-preview":"max-image-preview:large","max-video-preview":"max-video-preview:-1"},"canonical":"https:\/\/brillancy.hu\/en\/product\/greta-gyongyos-gyuru\/","og_locale":"en_GB","og_type":"article","og_title":"Greta gy\u00f6ngy\u00f6s gy\u0171r\u0171","og_description":"14 kar\u00e1tos aranyb\u00f3l k\u00e9sz\u00fclt Greta gy\u00f6ngy\u00f6s gy\u0171r\u0171. K\u00f6z\u00e9pen egy csod\u00e1s r\u00f3zsasz\u00edn gy\u00f6ngy, mellette k\u00e9t oldalr\u00f3l \u00f6lelik a feh\u00e9r brili\u00e1ns csiszol\u00e1s\u00fa gy\u00e9m\u00e1ntok.","og_url":"https:\/\/brillancy.hu\/en\/product\/greta-gyongyos-gyuru\/","og_site_name":"Brillancy","article_modified_time":"2025-10-17T09:56:12+00:00","og_image":[{"width":1024,"height":1024,"url":"https:\/\/brillancy.hu\/wp-content\/uploads\/2025\/04\/20250625_1132_Realistic-Pearl-Ring_remix_01jyk6rtg4ewprcqbwsw4bemjd.png","type":"image\/png"}],"twitter_card":"summary_large_image","twitter_misc":{"Estimated reading time":"2 minutes"},"schema":{"@context":"https:\/\/schema.org","@graph":[{"@type":"WebPage","@id":"https:\/\/brillancy.hu\/product\/greta-gyongyos-gyuru\/","url":"https:\/\/brillancy.hu\/product\/greta-gyongyos-gyuru\/","name":"Greta gy\u00f6ngy\u00f6s gy\u0171r\u0171 - Brillancy","isPartOf":{"@id":"https:\/\/brillancy.hu\/#website"},"primaryImageOfPage":{"@id":"https:\/\/brillancy.hu\/product\/greta-gyongyos-gyuru\/#primaryimage"},"image":{"@id":"https:\/\/brillancy.hu\/product\/greta-gyongyos-gyuru\/#primaryimage"},"thumbnailUrl":"https:\/\/brillancy.hu\/wp-content\/uploads\/2025\/04\/20250625_1132_Realistic-Pearl-Ring_remix_01jyk6rtg4ewprcqbwsw4bemjd.png","datePublished":"2025-04-29T18:03:05+00:00","dateModified":"2025-10-17T09:56:12+00:00","description":"14 kar\u00e1tos aranyb\u00f3l k\u00e9sz\u00fclt Greta gy\u00f6ngy\u00f6s gy\u0171r\u0171. K\u00f6z\u00e9pen egy csod\u00e1s r\u00f3zsasz\u00edn gy\u00f6ngy, mellette k\u00e9t oldalr\u00f3l \u00f6lelik a feh\u00e9r brili\u00e1ns csiszol\u00e1s\u00fa gy\u00e9m\u00e1ntok.","breadcrumb":{"@id":"https:\/\/brillancy.hu\/product\/greta-gyongyos-gyuru\/#breadcrumb"},"inLanguage":"en-GB","potentialAction":[{"@type":"ReadAction","target":["https:\/\/brillancy.hu\/product\/greta-gyongyos-gyuru\/"]}]},{"@type":"ImageObject","inLanguage":"en-GB","@id":"https:\/\/brillancy.hu\/product\/greta-gyongyos-gyuru\/#primaryimage","url":"https:\/\/brillancy.hu\/wp-content\/uploads\/2025\/04\/20250625_1132_Realistic-Pearl-Ring_remix_01jyk6rtg4ewprcqbwsw4bemjd.png","contentUrl":"https:\/\/brillancy.hu\/wp-content\/uploads\/2025\/04\/20250625_1132_Realistic-Pearl-Ring_remix_01jyk6rtg4ewprcqbwsw4bemjd.png","width":1024,"height":1024,"caption":"Greta gy\u00f6ngy\u00f6s gy\u0171r\u0171"},{"@type":"BreadcrumbList","@id":"https:\/\/brillancy.hu\/product\/greta-gyongyos-gyuru\/#breadcrumb","itemListElement":[{"@type":"ListItem","position":1,"name":"Home","item":"https:\/\/brillancy.hu\/"},{"@type":"ListItem","position":2,"name":"Term\u00e9kek","item":"https:\/\/brillancy.hu\/termekek\/"},{"@type":"ListItem","position":3,"name":"Greta gy\u00f6ngy\u00f6s gy\u0171r\u0171"}]},{"@type":"WebSite","@id":"https:\/\/brillancy.hu\/#website","url":"https:\/\/brillancy.hu\/","name":"Brillancy","description":"","potentialAction":[{"@type":"SearchAction","target":{"@type":"EntryPoint","urlTemplate":"https:\/\/brillancy.hu\/?s={search_term_string}"},"query-input":{"@type":"PropertyValueSpecification","valueRequired":true,"valueName":"search_term_string"}}],"inLanguage":"en-GB"}]}},"_links":{"self":[{"href":"https:\/\/brillancy.hu\/en\/wp-json\/wp\/v2\/product\/10015","targetHints":{"allow":["GET"]}}],"collection":[{"href":"https:\/\/brillancy.hu\/en\/wp-json\/wp\/v2\/product"}],"about":[{"href":"https:\/\/brillancy.hu\/en\/wp-json\/wp\/v2\/types\/product"}],"replies":[{"embeddable":true,"href":"https:\/\/brillancy.hu\/en\/wp-json\/wp\/v2\/comments?post=10015"}],"wp:featuredmedia":[{"embeddable":true,"href":"https:\/\/brillancy.hu\/en\/wp-json\/wp\/v2\/media\/11032"}],"wp:attachment":[{"href":"https:\/\/brillancy.hu\/en\/wp-json\/wp\/v2\/media?parent=10015"}],"wp:term":[{"taxonomy":"product_brand","embeddable":true,"href":"https:\/\/brillancy.hu\/en\/wp-json\/wp\/v2\/product_brand?post=10015"},{"taxonomy":"product_cat","embeddable":true,"href":"https:\/\/brillancy.hu\/en\/wp-json\/wp\/v2\/product_cat?post=10015"},{"taxonomy":"product_tag","embeddable":true,"href":"https:\/\/brillancy.hu\/en\/wp-json\/wp\/v2\/product_tag?post=10015"}],"curies":[{"name":"wp","href":"https:\/\/api.w.org\/{rel}","templated":true}]}}