{"id":10014,"date":"2025-04-29T15:34:34","date_gmt":"2025-04-29T14:34:34","guid":{"rendered":"https:\/\/brillancy.hu\/?post_type=product&#038;p=10014"},"modified":"2025-10-17T10:56:12","modified_gmt":"2025-10-17T09:56:12","slug":"bianca-gyongyos-gyuru","status":"publish","type":"product","link":"https:\/\/brillancy.hu\/en\/product\/bianca-gyongyos-gyuru\/","title":{"rendered":"Bianca beaded ring"},"content":{"rendered":"<p><b>Bianca beaded ring<\/b><\/p>\n<div>\n<div><\/div>\n<div><strong>The designer&#039;s recommendation:<\/strong><\/div>\n<\/div>\n<p>Magically sparkly, elegant and at the same time modern, that is the <strong>14-karat gold beaded ring<\/strong>. In the lower part of beautiful space to line up the <strong>white, 1.5 mm in diameter brilliant cut diamonds<\/strong>. In the middle and an amazing <strong>white pearl<\/strong> location. The diamonds shine to accentuate the pearl mysterious light of the two kinds of gems glamorous consistency in form. We recommend it for those who want the modern appearance of the classic, forever fashion with a pair.<\/p>\n<ul>\n<li><b>Material:<\/b>\u00a0gold<\/li>\n<li><b>Fineness<\/b>: 585 thousandth, 14 carat<\/li>\n<li><b>Gemstone<\/b>: cultured pearls and brilliant cut diamonds<\/li>\n<\/ul>\n<p>&nbsp;<\/p>\n<p><strong>Eternal life guarantee:<\/strong>\u00a0the jewelry structure of the material errors and gems<\/p>\n<p>Can be ordered in yellow, white or rose gold colors. The jewel to the gift box optional.<\/p>\n<p><strong>I like the Bianca beaded ring, but different color pearls or other colored diamonds did you imagine it?<\/strong>\u00a0It&#039;s not a problem. We like to give an offer to the expected ideas. Find us confidence on the phone +36 30 539 1179 number, or the info@brillancy.hu e-mail address.<\/p>\n<p><strong>Pay scrap gold<\/strong>\u00a0Damaged, old, or never used gold hiding at home in the cupboards? Bring it in to us and it will be transferred to you the chosen jewellery price.<\/p>","protected":false},"excerpt":{"rendered":"<p>Bianca beaded ring \u2013 14 carat gold beaded ring with brilliant cut diamonds<\/p>","protected":false},"featured_media":10985,"comment_status":"open","ping_status":"closed","template":"","meta":[],"product_brand":[],"product_cat":[21,71],"product_tag":[],"class_list":{"0":"post-10014","1":"product","2":"type-product","3":"status-publish","4":"has-post-thumbnail","6":"product_cat-ekszerek","7":"product_cat-gyongyos-ekszerek","9":"first","10":"instock","11":"shipping-taxable","12":"purchasable","13":"product-type-simple"},"yoast_head":"<!-- This site is optimized with the Yoast SEO Premium plugin v27.0 (Yoast SEO v27.0) - https:\/\/yoast.com\/product\/yoast-seo-premium-wordpress\/ -->\n<title>Bianca gy\u00f6ngy\u00f6s gy\u0171r\u0171 - Brillancy<\/title>\n<meta name=\"description\" content=\"Bianca gy\u00f6ngy\u00f6s gy\u0171r\u0171 - Var\u00e1zslatosan csillog\u00f3, eleg\u00e1ns \u00e9s egyszere modern ez a 14 kar\u00e1tos aranyb\u00f3l k\u00e9sz\u00fclt Gy\u00f6ngy \u00e9s brili\u00e1ns csiszol\u00e1s\u00fa gy\u00e9m\u00e1ntok d\u00edsz\u00edtik\" \/>\n<meta name=\"robots\" content=\"index, follow, max-snippet:-1, max-image-preview:large, max-video-preview:-1\" \/>\n<link rel=\"canonical\" href=\"https:\/\/brillancy.hu\/en\/product\/bianca-gyongyos-gyuru\/\" \/>\n<meta property=\"og:locale\" content=\"en_GB\" \/>\n<meta property=\"og:type\" content=\"article\" \/>\n<meta property=\"og:title\" content=\"Bianca gy\u00f6ngy\u00f6s gy\u0171r\u0171\" \/>\n<meta property=\"og:description\" content=\"Bianca gy\u00f6ngy\u00f6s gy\u0171r\u0171 - Var\u00e1zslatosan csillog\u00f3, eleg\u00e1ns \u00e9s egyszere modern ez a 14 kar\u00e1tos aranyb\u00f3l k\u00e9sz\u00fclt Gy\u00f6ngy \u00e9s brili\u00e1ns csiszol\u00e1s\u00fa gy\u00e9m\u00e1ntok d\u00edsz\u00edtik\" \/>\n<meta property=\"og:url\" content=\"https:\/\/brillancy.hu\/en\/product\/bianca-gyongyos-gyuru\/\" \/>\n<meta property=\"og:site_name\" content=\"Brillancy\" \/>\n<meta property=\"article:modified_time\" content=\"2025-10-17T09:56:12+00:00\" \/>\n<meta property=\"og:image\" content=\"https:\/\/brillancy.hu\/wp-content\/uploads\/2025\/06\/20250625_0946_Elegant-Diamond-Ring_remix_01jyk0qcp4ezh9sgbsb9j47k1f.png\" \/>\n\t<meta property=\"og:image:width\" content=\"1024\" \/>\n\t<meta property=\"og:image:height\" content=\"1024\" \/>\n\t<meta property=\"og:image:type\" content=\"image\/png\" \/>\n<meta name=\"twitter:card\" content=\"summary_large_image\" \/>\n<meta name=\"twitter:label1\" content=\"Estimated reading time\" \/>\n\t<meta name=\"twitter:data1\" content=\"2 minutes\" \/>\n<script type=\"application\/ld+json\" class=\"yoast-schema-graph\">{\"@context\":\"https:\/\/schema.org\",\"@graph\":[{\"@type\":\"WebPage\",\"@id\":\"https:\/\/brillancy.hu\/product\/bianca-gyongyos-gyuru\/\",\"url\":\"https:\/\/brillancy.hu\/product\/bianca-gyongyos-gyuru\/\",\"name\":\"Bianca gy\u00f6ngy\u00f6s gy\u0171r\u0171 - Brillancy\",\"isPartOf\":{\"@id\":\"https:\/\/brillancy.hu\/#website\"},\"primaryImageOfPage\":{\"@id\":\"https:\/\/brillancy.hu\/product\/bianca-gyongyos-gyuru\/#primaryimage\"},\"image\":{\"@id\":\"https:\/\/brillancy.hu\/product\/bianca-gyongyos-gyuru\/#primaryimage\"},\"thumbnailUrl\":\"https:\/\/brillancy.hu\/wp-content\/uploads\/2025\/06\/20250625_0946_Elegant-Diamond-Ring_remix_01jyk0qcp4ezh9sgbsb9j47k1f.png\",\"datePublished\":\"2025-04-29T14:34:34+00:00\",\"dateModified\":\"2025-10-17T09:56:12+00:00\",\"description\":\"Bianca gy\u00f6ngy\u00f6s gy\u0171r\u0171 - Var\u00e1zslatosan csillog\u00f3, eleg\u00e1ns \u00e9s egyszere modern ez a 14 kar\u00e1tos aranyb\u00f3l k\u00e9sz\u00fclt Gy\u00f6ngy \u00e9s brili\u00e1ns csiszol\u00e1s\u00fa gy\u00e9m\u00e1ntok d\u00edsz\u00edtik\",\"breadcrumb\":{\"@id\":\"https:\/\/brillancy.hu\/product\/bianca-gyongyos-gyuru\/#breadcrumb\"},\"inLanguage\":\"en-GB\",\"potentialAction\":[{\"@type\":\"ReadAction\",\"target\":[\"https:\/\/brillancy.hu\/product\/bianca-gyongyos-gyuru\/\"]}]},{\"@type\":\"ImageObject\",\"inLanguage\":\"en-GB\",\"@id\":\"https:\/\/brillancy.hu\/product\/bianca-gyongyos-gyuru\/#primaryimage\",\"url\":\"https:\/\/brillancy.hu\/wp-content\/uploads\/2025\/06\/20250625_0946_Elegant-Diamond-Ring_remix_01jyk0qcp4ezh9sgbsb9j47k1f.png\",\"contentUrl\":\"https:\/\/brillancy.hu\/wp-content\/uploads\/2025\/06\/20250625_0946_Elegant-Diamond-Ring_remix_01jyk0qcp4ezh9sgbsb9j47k1f.png\",\"width\":1024,\"height\":1024,\"caption\":\"gy\u00f6ngy\u00f6s gy\u0171r\u0171\"},{\"@type\":\"BreadcrumbList\",\"@id\":\"https:\/\/brillancy.hu\/product\/bianca-gyongyos-gyuru\/#breadcrumb\",\"itemListElement\":[{\"@type\":\"ListItem\",\"position\":1,\"name\":\"Home\",\"item\":\"https:\/\/brillancy.hu\/\"},{\"@type\":\"ListItem\",\"position\":2,\"name\":\"Term\u00e9kek\",\"item\":\"https:\/\/brillancy.hu\/termekek\/\"},{\"@type\":\"ListItem\",\"position\":3,\"name\":\"Bianca gy\u00f6ngy\u00f6s gy\u0171r\u0171\"}]},{\"@type\":\"WebSite\",\"@id\":\"https:\/\/brillancy.hu\/#website\",\"url\":\"https:\/\/brillancy.hu\/\",\"name\":\"Brillancy\",\"description\":\"\",\"potentialAction\":[{\"@type\":\"SearchAction\",\"target\":{\"@type\":\"EntryPoint\",\"urlTemplate\":\"https:\/\/brillancy.hu\/?s={search_term_string}\"},\"query-input\":{\"@type\":\"PropertyValueSpecification\",\"valueRequired\":true,\"valueName\":\"search_term_string\"}}],\"inLanguage\":\"en-GB\"}]}<\/script>\n<!-- \/ Yoast SEO Premium plugin. -->","yoast_head_json":{"title":"Bianca gy\u00f6ngy\u00f6s gy\u0171r\u0171 - Brillancy","description":"Bianca gy\u00f6ngy\u00f6s gy\u0171r\u0171 - Var\u00e1zslatosan csillog\u00f3, eleg\u00e1ns \u00e9s egyszere modern ez a 14 kar\u00e1tos aranyb\u00f3l k\u00e9sz\u00fclt Gy\u00f6ngy \u00e9s brili\u00e1ns csiszol\u00e1s\u00fa gy\u00e9m\u00e1ntok d\u00edsz\u00edtik","robots":{"index":"index","follow":"follow","max-snippet":"max-snippet:-1","max-image-preview":"max-image-preview:large","max-video-preview":"max-video-preview:-1"},"canonical":"https:\/\/brillancy.hu\/en\/product\/bianca-gyongyos-gyuru\/","og_locale":"en_GB","og_type":"article","og_title":"Bianca gy\u00f6ngy\u00f6s gy\u0171r\u0171","og_description":"Bianca gy\u00f6ngy\u00f6s gy\u0171r\u0171 - Var\u00e1zslatosan csillog\u00f3, eleg\u00e1ns \u00e9s egyszere modern ez a 14 kar\u00e1tos aranyb\u00f3l k\u00e9sz\u00fclt Gy\u00f6ngy \u00e9s brili\u00e1ns csiszol\u00e1s\u00fa gy\u00e9m\u00e1ntok d\u00edsz\u00edtik","og_url":"https:\/\/brillancy.hu\/en\/product\/bianca-gyongyos-gyuru\/","og_site_name":"Brillancy","article_modified_time":"2025-10-17T09:56:12+00:00","og_image":[{"width":1024,"height":1024,"url":"https:\/\/brillancy.hu\/wp-content\/uploads\/2025\/06\/20250625_0946_Elegant-Diamond-Ring_remix_01jyk0qcp4ezh9sgbsb9j47k1f.png","type":"image\/png"}],"twitter_card":"summary_large_image","twitter_misc":{"Estimated reading time":"2 minutes"},"schema":{"@context":"https:\/\/schema.org","@graph":[{"@type":"WebPage","@id":"https:\/\/brillancy.hu\/product\/bianca-gyongyos-gyuru\/","url":"https:\/\/brillancy.hu\/product\/bianca-gyongyos-gyuru\/","name":"Bianca gy\u00f6ngy\u00f6s gy\u0171r\u0171 - Brillancy","isPartOf":{"@id":"https:\/\/brillancy.hu\/#website"},"primaryImageOfPage":{"@id":"https:\/\/brillancy.hu\/product\/bianca-gyongyos-gyuru\/#primaryimage"},"image":{"@id":"https:\/\/brillancy.hu\/product\/bianca-gyongyos-gyuru\/#primaryimage"},"thumbnailUrl":"https:\/\/brillancy.hu\/wp-content\/uploads\/2025\/06\/20250625_0946_Elegant-Diamond-Ring_remix_01jyk0qcp4ezh9sgbsb9j47k1f.png","datePublished":"2025-04-29T14:34:34+00:00","dateModified":"2025-10-17T09:56:12+00:00","description":"Bianca gy\u00f6ngy\u00f6s gy\u0171r\u0171 - Var\u00e1zslatosan csillog\u00f3, eleg\u00e1ns \u00e9s egyszere modern ez a 14 kar\u00e1tos aranyb\u00f3l k\u00e9sz\u00fclt Gy\u00f6ngy \u00e9s brili\u00e1ns csiszol\u00e1s\u00fa gy\u00e9m\u00e1ntok d\u00edsz\u00edtik","breadcrumb":{"@id":"https:\/\/brillancy.hu\/product\/bianca-gyongyos-gyuru\/#breadcrumb"},"inLanguage":"en-GB","potentialAction":[{"@type":"ReadAction","target":["https:\/\/brillancy.hu\/product\/bianca-gyongyos-gyuru\/"]}]},{"@type":"ImageObject","inLanguage":"en-GB","@id":"https:\/\/brillancy.hu\/product\/bianca-gyongyos-gyuru\/#primaryimage","url":"https:\/\/brillancy.hu\/wp-content\/uploads\/2025\/06\/20250625_0946_Elegant-Diamond-Ring_remix_01jyk0qcp4ezh9sgbsb9j47k1f.png","contentUrl":"https:\/\/brillancy.hu\/wp-content\/uploads\/2025\/06\/20250625_0946_Elegant-Diamond-Ring_remix_01jyk0qcp4ezh9sgbsb9j47k1f.png","width":1024,"height":1024,"caption":"gy\u00f6ngy\u00f6s gy\u0171r\u0171"},{"@type":"BreadcrumbList","@id":"https:\/\/brillancy.hu\/product\/bianca-gyongyos-gyuru\/#breadcrumb","itemListElement":[{"@type":"ListItem","position":1,"name":"Home","item":"https:\/\/brillancy.hu\/"},{"@type":"ListItem","position":2,"name":"Term\u00e9kek","item":"https:\/\/brillancy.hu\/termekek\/"},{"@type":"ListItem","position":3,"name":"Bianca gy\u00f6ngy\u00f6s gy\u0171r\u0171"}]},{"@type":"WebSite","@id":"https:\/\/brillancy.hu\/#website","url":"https:\/\/brillancy.hu\/","name":"Brillancy","description":"","potentialAction":[{"@type":"SearchAction","target":{"@type":"EntryPoint","urlTemplate":"https:\/\/brillancy.hu\/?s={search_term_string}"},"query-input":{"@type":"PropertyValueSpecification","valueRequired":true,"valueName":"search_term_string"}}],"inLanguage":"en-GB"}]}},"_links":{"self":[{"href":"https:\/\/brillancy.hu\/en\/wp-json\/wp\/v2\/product\/10014","targetHints":{"allow":["GET"]}}],"collection":[{"href":"https:\/\/brillancy.hu\/en\/wp-json\/wp\/v2\/product"}],"about":[{"href":"https:\/\/brillancy.hu\/en\/wp-json\/wp\/v2\/types\/product"}],"replies":[{"embeddable":true,"href":"https:\/\/brillancy.hu\/en\/wp-json\/wp\/v2\/comments?post=10014"}],"wp:featuredmedia":[{"embeddable":true,"href":"https:\/\/brillancy.hu\/en\/wp-json\/wp\/v2\/media\/10985"}],"wp:attachment":[{"href":"https:\/\/brillancy.hu\/en\/wp-json\/wp\/v2\/media?parent=10014"}],"wp:term":[{"taxonomy":"product_brand","embeddable":true,"href":"https:\/\/brillancy.hu\/en\/wp-json\/wp\/v2\/product_brand?post=10014"},{"taxonomy":"product_cat","embeddable":true,"href":"https:\/\/brillancy.hu\/en\/wp-json\/wp\/v2\/product_cat?post=10014"},{"taxonomy":"product_tag","embeddable":true,"href":"https:\/\/brillancy.hu\/en\/wp-json\/wp\/v2\/product_tag?post=10014"}],"curies":[{"name":"wp","href":"https:\/\/api.w.org\/{rel}","templated":true}]}}