{"id":4766,"date":"2024-11-20T10:50:55","date_gmt":"2024-11-20T10:50:55","guid":{"rendered":"https:\/\/brillancy.hu\/?page_id=4766"},"modified":"2025-07-16T10:34:35","modified_gmt":"2025-07-16T09:34:35","slug":"eljegyzesi-gyuru-budapest","status":"publish","type":"page","link":"https:\/\/brillancy.hu\/en\/eljegyzesi-gyuru-budapest\/","title":{"rendered":"Engagement ring Budapest"},"content":{"rendered":"<div data-elementor-type=\"wp-page\" data-elementor-id=\"4766\" class=\"elementor elementor-4766\" data-elementor-post-type=\"page\">\n\t\t\t\t<div class=\"elementor-element elementor-element-a469ffb e-flex e-con-boxed e-con e-parent\" data-id=\"a469ffb\" data-element_type=\"container\" data-e-type=\"container\" data-settings=\"{&quot;jet_parallax_layout_list&quot;:[]}\">\n\t\t\t\t\t<div class=\"e-con-inner\">\n\t\t\t\t<div class=\"elementor-element elementor-element-162ad95 elementor-widget elementor-widget-heading\" data-id=\"162ad95\" data-element_type=\"widget\" data-e-type=\"widget\" data-widget_type=\"heading.default\">\n\t\t\t\t<div class=\"elementor-widget-container\">\n\t\t\t\t\t<h1 class=\"elementor-heading-title elementor-size-default\">Engagement ring Budapest\n<\/h1>\t\t\t\t<\/div>\n\t\t\t\t<\/div>\n\t\t\t\t<div class=\"elementor-element elementor-element-e5109fd elementor-widget elementor-widget-text-editor\" data-id=\"e5109fd\" data-element_type=\"widget\" data-e-type=\"widget\" data-widget_type=\"text-editor.default\">\n\t\t\t\t<div class=\"elementor-widget-container\">\n\t\t\t\t\t\t\t\t\t<p>Min\u0151s\u00e9gi \u00e9s egyedi eljegyz\u00e9si gy\u0171r\u0171t keresel Budapesten? A Brillancy \u00c9kszermanufakt\u00fara mint csal\u00e1di v\u00e1llalkoz\u00e1s, m\u00e1r t\u00f6bb mint 20 \u00e9ves tapasztalattal V\u00e1r. Itt biztosan megtal\u00e1lod, amir\u0151l \u00e1lmodsz, hiszen a legk\u00fcl\u00f6nlegesebb eljegyz\u00e9si \u00e9s jegygy\u0171r\u0171k k\u00f6z\u00fcl v\u00e1logathatsz! Legyen sz\u00f3 ez\u00fcst, vagy arany \u00e9kszerekr\u0151l a Brillancy \u00c9kszern\u00e9l ezeket biztosan megtal\u00e1lod, ahogy sok m\u00e1s \u00e9kszerfajt\u00e1t is.<\/p><p><strong>Mi\u00e9rt v\u00e1lassz eljegyz\u00e9si gy\u0171r\u0171t magyar \u00e9kszer\u00e9szt\u0151l?\u00a0<\/strong><\/p><p>Az egyedileg k\u00e9sz\u00fclt \u00e9kszerek mindig szem\u00e9lyesebb aj\u00e1nd\u00e9kok, f\u0151leg egy olyen jeles esem\u00e9nyre, mint az eljegyz\u00e9s. Az \u00e1ltalunk k\u00e9sz\u00fclt \u00e9kszerekre teljesk\u00f6r\u0171 garanci\u00e1t v\u00e1llalunk, \u00e9s a tervez\u00e9s folyamat\u00e1ban is r\u00e9szt vehettek az \u00f6tlett\u0151l a megval\u00f3s\u00edt\u00e1sig. \u00c9kszereinket a legjobb min\u0151s\u00e9g\u0171 alapanygokb\u00f3l k\u00e9sz\u00edtj\u00fck.\u00a0<\/p><p><strong>TAPASZTALT \u00c9KSZERK\u00c9SZ\u00cdT\u00c9S BUDAPESTEN<\/strong><br \/>A Brillancy \u00c9kszermanufakt\u00far\u00e1n\u00e1l tapasztalt koll\u00e9g\u00e1inkkal gy\u00e9m\u00e1nt eljegyz\u00e9si gy\u0171r\u0171k, karikagy\u0171r\u0171k \u00e9s gy\u00e9m\u00e1nt \u00e9kszerek formatervez\u00e9s\u00e9vel \u00e9s k\u00e9sz\u00edt\u00e9s\u00e9vel foglalkozunk. Az oldalon felt\u00fcntetett gy\u00e9m\u00e1nt gy\u0171r\u0171 modellek csup\u00e1n egy r\u00e9sz\u00e9t k\u00e9pezik k\u00edn\u00e1latunknak. Teljes k\u00edn\u00e1latunk megtekinthet\u0151 bemutat\u00f3term\u00fcnkben, Budapest sz\u00edv\u00e9ben a Podmaniczky utca 4-es sz\u00e1m alatt.<\/p><p class=\"translation-block\">CUSTOM JEWELRY MAKING IN BUDAPEST<br>\nThe Brillancy Jewelry Manufactory team consists of experienced jewelry designers, goldsmiths, a gemstone setter, and a jewelry appraiser. Our colleagues share a common trait: they drive the company forward by seeking challenges and unique solutions that require custom work, such as:<\/p><p>custom-designed, handcrafted engagement ring making, or<\/p><p>wedding bands requiring more advanced technological solutions.<\/p><p class=\"translation-block\">JEWELRY MAKING SERVICES<br>\nBrillancy Jewelry Manufactory offers a wide range of services if you want to design and create your engagement ring in Budapest. In addition to related services, we are happy to assist you with other jewelry and ring making needs.<\/p><p class=\"translation-block\">QUALITY JEWELRY OFFERINGS<br>\nAt Brillancy, we design jewelry not for a year or two, but for a lifetime. Our showroom offers a wide selection of engagement and wedding ring models, waiting to be discovered by their future owners.<\/p><p>Minden gy\u00e9m\u00e1nt megb\u00edzhat\u00f3 forr\u00e1sb\u00f3l sz\u00e1rmazik.\u00a0 A dr\u00e1gak\u00f6vek GIA \u00e9s HRD certifik\u00e1ttal \u00e9rkeznek, \u00edgy teljesk\u00f6r\u0171 garanci\u00e1t v\u00e1llalunk a dr\u00e1gak\u00f6vekre.\u00a0<\/p><p><strong>Valami igaz\u00e1n egyedi megval\u00f3s\u00edt\u00e1sr\u00f3l \u00e1lmodsz?<\/strong> EGYEDI \u00c9KSZERK\u00c9SZ\u00cdT\u00c9SI SZOLG\u00c1LTAT\u00c1SOK<br \/>A Brillancy \u00c9kszermanufakt\u00fara akkor is j\u00f3 v\u00e1laszt\u00e1s, ha valami egyedit, kor\u00e1bban m\u00e9g nem l\u00e1tottat szeretne megtervezni. K\u00e9sz terveket is fogadunk, illetve egy\u00fctt is megtervezhet\u00fcnk \u00e9kszereket. Egyedi \u00e9kszertervek lead\u00e1s\u00e1t e-mailben vagy szem\u00e9lyesen, bemutat\u00f3term\u00fcnkben tudjuk fogadni.<\/p><p class=\"translation-block\">3D JEWELRY DESIGN<br>\nWe offer clients the opportunity to create a 3D visual design before the realization of a commissioned piece, ensuring the greatest precision. This technique provides a good solution to make sure everything fits perfectly.<\/p><p class=\"translation-block\">GOLD BUYBACK<br>\nAny precious metal can represent value even today. Bring your old, unused, or worn jewelry to us and exchange it for a shiny new memory, even in the form of a new ring. We credit your broken gold towards your favorite jewelry at 95% of the daily market price.<\/p><p class=\"translation-block\">JEWELRY WEBSHOP OFFERINGS<br>\nChoose from our webshop\u2019s selection of handcrafted, personalized diamond rings directly from the manufacturer, saving the cost of intermediaries and avoiding the extremely high prices of malls.<\/p><p>At Brillancy Jewelry Manufactory\u2019s webshop, you can choose from an amazingly wide selection of rings, some even custom-made and made to order.<\/p><p>If you are looking for custom jewelry, engagement, or wedding rings, trust us and contact us at one of the following:<\/p><p>Brillancy Jewelry Manufactory Showroom near Nyugati Square<\/p><p>1065 Budapest, Podmaniczky u. 4.<\/p><p>Phone: +36 30 539 1179<\/p><p>e-mail: brillancyekszer@gmail.com<\/p><p>info@brillancy.hu<\/p><p>Webshop: brillancy.hu<\/p>\t\t\t\t\t\t\t\t<\/div>\n\t\t\t\t<\/div>\n\t\t\t\t\t<\/div>\n\t\t\t\t<\/div>\n\t\t\t\t<\/div>","protected":false},"excerpt":{"rendered":"<p>Eljegyz\u00e9si gy\u0171r\u0171 Budapest Min\u0151s\u00e9gi \u00e9s egyedi eljegyz\u00e9si gy\u0171r\u0171t keresel Budapesten? A Brillancy \u00c9kszermanufakt\u00fara mint csal\u00e1di v\u00e1llalkoz\u00e1s, m\u00e1r t\u00f6bb mint 20 \u00e9ves tapasztalattal V\u00e1r. Itt biztosan megtal\u00e1lod, amir\u0151l \u00e1lmodsz, hiszen a legk\u00fcl\u00f6nlegesebb eljegyz\u00e9si \u00e9s jegygy\u0171r\u0171k k\u00f6z\u00fcl v\u00e1logathatsz! Legyen sz\u00f3 ez\u00fcst, vagy arany \u00e9kszerekr\u0151l a Brillancy \u00c9kszern\u00e9l ezeket biztosan megtal\u00e1lod, ahogy sok m\u00e1s \u00e9kszerfajt\u00e1t is. Mi\u00e9rt v\u00e1lassz [&hellip;]<\/p>\n","protected":false},"author":1,"featured_media":0,"parent":0,"menu_order":0,"comment_status":"closed","ping_status":"closed","template":"","meta":{"footnotes":""},"class_list":["post-4766","page","type-page","status-publish","hentry"],"yoast_head":"<!-- This site is optimized with the Yoast SEO Premium plugin v27.0 (Yoast SEO v27.0) - https:\/\/yoast.com\/product\/yoast-seo-premium-wordpress\/ -->\n<title>Eljegyz\u00e9si gy\u0171r\u0171 Budapest - Brillancy<\/title>\n<meta name=\"robots\" content=\"index, follow, max-snippet:-1, max-image-preview:large, max-video-preview:-1\" \/>\n<link rel=\"canonical\" href=\"https:\/\/brillancy.hu\/en\/eljegyzesi-gyuru-budapest\/\" \/>\n<meta property=\"og:locale\" content=\"en_GB\" \/>\n<meta property=\"og:type\" content=\"article\" \/>\n<meta property=\"og:title\" content=\"Eljegyz\u00e9si gy\u0171r\u0171 Budapest\" \/>\n<meta property=\"og:description\" content=\"Eljegyz\u00e9si gy\u0171r\u0171 Budapest Min\u0151s\u00e9gi \u00e9s egyedi eljegyz\u00e9si gy\u0171r\u0171t keresel Budapesten? A Brillancy \u00c9kszermanufakt\u00fara mint csal\u00e1di v\u00e1llalkoz\u00e1s, m\u00e1r t\u00f6bb mint 20 \u00e9ves tapasztalattal V\u00e1r. Itt biztosan megtal\u00e1lod, amir\u0151l \u00e1lmodsz, hiszen a legk\u00fcl\u00f6nlegesebb eljegyz\u00e9si \u00e9s jegygy\u0171r\u0171k k\u00f6z\u00fcl v\u00e1logathatsz! Legyen sz\u00f3 ez\u00fcst, vagy arany \u00e9kszerekr\u0151l a Brillancy \u00c9kszern\u00e9l ezeket biztosan megtal\u00e1lod, ahogy sok m\u00e1s \u00e9kszerfajt\u00e1t is. Mi\u00e9rt v\u00e1lassz [&hellip;]\" \/>\n<meta property=\"og:url\" content=\"https:\/\/brillancy.hu\/en\/eljegyzesi-gyuru-budapest\/\" \/>\n<meta property=\"og:site_name\" content=\"Brillancy\" \/>\n<meta property=\"article:modified_time\" content=\"2025-07-16T09:34:35+00:00\" \/>\n<meta name=\"twitter:card\" content=\"summary_large_image\" \/>\n<meta name=\"twitter:label1\" content=\"Estimated reading time\" \/>\n\t<meta name=\"twitter:data1\" content=\"3 minutes\" \/>\n<script type=\"application\/ld+json\" class=\"yoast-schema-graph\">{\"@context\":\"https:\/\/schema.org\",\"@graph\":[{\"@type\":\"WebPage\",\"@id\":\"https:\/\/brillancy.hu\/eljegyzesi-gyuru-budapest\/\",\"url\":\"https:\/\/brillancy.hu\/eljegyzesi-gyuru-budapest\/\",\"name\":\"Eljegyz\u00e9si gy\u0171r\u0171 Budapest - Brillancy\",\"isPartOf\":{\"@id\":\"https:\/\/brillancy.hu\/#website\"},\"datePublished\":\"2024-11-20T10:50:55+00:00\",\"dateModified\":\"2025-07-16T09:34:35+00:00\",\"breadcrumb\":{\"@id\":\"https:\/\/brillancy.hu\/eljegyzesi-gyuru-budapest\/#breadcrumb\"},\"inLanguage\":\"en-GB\",\"potentialAction\":[{\"@type\":\"ReadAction\",\"target\":[\"https:\/\/brillancy.hu\/eljegyzesi-gyuru-budapest\/\"]}]},{\"@type\":\"BreadcrumbList\",\"@id\":\"https:\/\/brillancy.hu\/eljegyzesi-gyuru-budapest\/#breadcrumb\",\"itemListElement\":[{\"@type\":\"ListItem\",\"position\":1,\"name\":\"Home\",\"item\":\"https:\/\/brillancy.hu\/\"},{\"@type\":\"ListItem\",\"position\":2,\"name\":\"Eljegyz\u00e9si gy\u0171r\u0171 Budapest\"}]},{\"@type\":\"WebSite\",\"@id\":\"https:\/\/brillancy.hu\/#website\",\"url\":\"https:\/\/brillancy.hu\/\",\"name\":\"Brillancy\",\"description\":\"\",\"potentialAction\":[{\"@type\":\"SearchAction\",\"target\":{\"@type\":\"EntryPoint\",\"urlTemplate\":\"https:\/\/brillancy.hu\/?s={search_term_string}\"},\"query-input\":{\"@type\":\"PropertyValueSpecification\",\"valueRequired\":true,\"valueName\":\"search_term_string\"}}],\"inLanguage\":\"en-GB\"}]}<\/script>\n<!-- \/ Yoast SEO Premium plugin. -->","yoast_head_json":{"title":"Eljegyz\u00e9si gy\u0171r\u0171 Budapest - Brillancy","robots":{"index":"index","follow":"follow","max-snippet":"max-snippet:-1","max-image-preview":"max-image-preview:large","max-video-preview":"max-video-preview:-1"},"canonical":"https:\/\/brillancy.hu\/en\/eljegyzesi-gyuru-budapest\/","og_locale":"en_GB","og_type":"article","og_title":"Eljegyz\u00e9si gy\u0171r\u0171 Budapest","og_description":"Eljegyz\u00e9si gy\u0171r\u0171 Budapest Min\u0151s\u00e9gi \u00e9s egyedi eljegyz\u00e9si gy\u0171r\u0171t keresel Budapesten? A Brillancy \u00c9kszermanufakt\u00fara mint csal\u00e1di v\u00e1llalkoz\u00e1s, m\u00e1r t\u00f6bb mint 20 \u00e9ves tapasztalattal V\u00e1r. Itt biztosan megtal\u00e1lod, amir\u0151l \u00e1lmodsz, hiszen a legk\u00fcl\u00f6nlegesebb eljegyz\u00e9si \u00e9s jegygy\u0171r\u0171k k\u00f6z\u00fcl v\u00e1logathatsz! Legyen sz\u00f3 ez\u00fcst, vagy arany \u00e9kszerekr\u0151l a Brillancy \u00c9kszern\u00e9l ezeket biztosan megtal\u00e1lod, ahogy sok m\u00e1s \u00e9kszerfajt\u00e1t is. Mi\u00e9rt v\u00e1lassz [&hellip;]","og_url":"https:\/\/brillancy.hu\/en\/eljegyzesi-gyuru-budapest\/","og_site_name":"Brillancy","article_modified_time":"2025-07-16T09:34:35+00:00","twitter_card":"summary_large_image","twitter_misc":{"Estimated reading time":"3 minutes"},"schema":{"@context":"https:\/\/schema.org","@graph":[{"@type":"WebPage","@id":"https:\/\/brillancy.hu\/eljegyzesi-gyuru-budapest\/","url":"https:\/\/brillancy.hu\/eljegyzesi-gyuru-budapest\/","name":"Eljegyz\u00e9si gy\u0171r\u0171 Budapest - Brillancy","isPartOf":{"@id":"https:\/\/brillancy.hu\/#website"},"datePublished":"2024-11-20T10:50:55+00:00","dateModified":"2025-07-16T09:34:35+00:00","breadcrumb":{"@id":"https:\/\/brillancy.hu\/eljegyzesi-gyuru-budapest\/#breadcrumb"},"inLanguage":"en-GB","potentialAction":[{"@type":"ReadAction","target":["https:\/\/brillancy.hu\/eljegyzesi-gyuru-budapest\/"]}]},{"@type":"BreadcrumbList","@id":"https:\/\/brillancy.hu\/eljegyzesi-gyuru-budapest\/#breadcrumb","itemListElement":[{"@type":"ListItem","position":1,"name":"Home","item":"https:\/\/brillancy.hu\/"},{"@type":"ListItem","position":2,"name":"Eljegyz\u00e9si gy\u0171r\u0171 Budapest"}]},{"@type":"WebSite","@id":"https:\/\/brillancy.hu\/#website","url":"https:\/\/brillancy.hu\/","name":"Brillancy","description":"","potentialAction":[{"@type":"SearchAction","target":{"@type":"EntryPoint","urlTemplate":"https:\/\/brillancy.hu\/?s={search_term_string}"},"query-input":{"@type":"PropertyValueSpecification","valueRequired":true,"valueName":"search_term_string"}}],"inLanguage":"en-GB"}]}},"_links":{"self":[{"href":"https:\/\/brillancy.hu\/en\/wp-json\/wp\/v2\/pages\/4766","targetHints":{"allow":["GET"]}}],"collection":[{"href":"https:\/\/brillancy.hu\/en\/wp-json\/wp\/v2\/pages"}],"about":[{"href":"https:\/\/brillancy.hu\/en\/wp-json\/wp\/v2\/types\/page"}],"author":[{"embeddable":true,"href":"https:\/\/brillancy.hu\/en\/wp-json\/wp\/v2\/users\/1"}],"replies":[{"embeddable":true,"href":"https:\/\/brillancy.hu\/en\/wp-json\/wp\/v2\/comments?post=4766"}],"version-history":[{"count":3,"href":"https:\/\/brillancy.hu\/en\/wp-json\/wp\/v2\/pages\/4766\/revisions"}],"predecessor-version":[{"id":11231,"href":"https:\/\/brillancy.hu\/en\/wp-json\/wp\/v2\/pages\/4766\/revisions\/11231"}],"wp:attachment":[{"href":"https:\/\/brillancy.hu\/en\/wp-json\/wp\/v2\/media?parent=4766"}],"curies":[{"name":"wp","href":"https:\/\/api.w.org\/{rel}","templated":true}]}}