{"id":4761,"date":"2024-11-20T10:05:58","date_gmt":"2024-11-20T10:05:58","guid":{"rendered":"https:\/\/brillancy.hu\/?page_id=4761"},"modified":"2024-11-20T10:06:34","modified_gmt":"2024-11-20T10:06:34","slug":"tortarany-beszamitas","status":"publish","type":"page","link":"https:\/\/brillancy.hu\/en\/tortarany-beszamitas\/","title":{"rendered":"Gold scrap buyback"},"content":{"rendered":"<div data-elementor-type=\"wp-page\" data-elementor-id=\"4761\" class=\"elementor elementor-4761\" data-elementor-post-type=\"page\">\n\t\t\t\t<div class=\"elementor-element elementor-element-a469ffb e-flex e-con-boxed e-con e-parent\" data-id=\"a469ffb\" data-element_type=\"container\" data-e-type=\"container\" data-settings=\"{&quot;jet_parallax_layout_list&quot;:[]}\">\n\t\t\t\t\t<div class=\"e-con-inner\">\n\t\t\t\t<div class=\"elementor-element elementor-element-162ad95 elementor-widget elementor-widget-heading\" data-id=\"162ad95\" data-element_type=\"widget\" data-e-type=\"widget\" data-widget_type=\"heading.default\">\n\t\t\t\t<div class=\"elementor-widget-container\">\n\t\t\t\t\t<h1 class=\"elementor-heading-title elementor-size-default\">Gold scrap buyback<\/h1>\t\t\t\t<\/div>\n\t\t\t\t<\/div>\n\t\t\t\t<div class=\"elementor-element elementor-element-e5109fd elementor-widget elementor-widget-text-editor\" data-id=\"e5109fd\" data-element_type=\"widget\" data-e-type=\"widget\" data-widget_type=\"text-editor.default\">\n\t\t\t\t<div class=\"elementor-widget-container\">\n\t\t\t\t\t\t\t\t\t<p>Any precious metal can represent value. The question is, can you make use of it? If you have a piece of gold jewelry that you never wore, didn\u2019t like, or is damaged and hidden deep in your drawer with little use, bring it to us and exchange it for a beautiful Brillancy ring. We will credit the value of your broken gold based on 95% of the current daily market price towards your favorite jewelry.<\/p><p>The current exchange rate is recorded at the time of submission, and the jewelry submitted as gold buyback is inspected in our workshop. We only accept 14 and 18 karat gold jewelry for buyback.\u00a0<\/p>\t\t\t\t\t\t\t\t<\/div>\n\t\t\t\t<\/div>\n\t\t\t\t\t<\/div>\n\t\t\t\t<\/div>\n\t\t\t\t<\/div>","protected":false},"excerpt":{"rendered":"<p>T\u00f6rtarany besz\u00e1m\u00edt\u00e1s Legyen sz\u00f3 b\u00e1rmilyen nemesf\u00e9mr\u0151l, az \u00e9rt\u00e9ket k\u00e9pviselhet. K\u00e9rd\u00e9s, hogy tudsz-e vele \u00e9lni? Ha ugyanis egy sosem hordott, nem kedvelt, esetleg s\u00e9r\u00fclt aranyt\u00e1rgy lapul a szekr\u00e9nyed m\u00e9ly\u00e9n t\u00fal sok haszn\u00e1t nem l\u00e1tod. Hozd be hozz\u00e1nk \u00e9s cser\u00e9ld egy csodasz\u00e9p brill gy\u0171r\u0171re. T\u00f6rt aranyadat a napi vil\u00e1gpiaci \u00e1r 95%-\u00e1n besz\u00e1m\u00edtjuk kedvenc \u00e9kszered \u00e1r\u00e1ba. Az aktu\u00e1lis [&hellip;]<\/p>\n","protected":false},"author":1,"featured_media":0,"parent":0,"menu_order":0,"comment_status":"closed","ping_status":"closed","template":"","meta":{"footnotes":""},"class_list":["post-4761","page","type-page","status-publish","hentry"],"yoast_head":"<!-- This site is optimized with the Yoast SEO Premium plugin v27.0 (Yoast SEO v27.0) - https:\/\/yoast.com\/product\/yoast-seo-premium-wordpress\/ -->\n<title>T\u00f6rtarany besz\u00e1m\u00edt\u00e1s - Brillancy<\/title>\n<meta name=\"robots\" content=\"index, follow, max-snippet:-1, max-image-preview:large, max-video-preview:-1\" \/>\n<link rel=\"canonical\" href=\"https:\/\/brillancy.hu\/en\/tortarany-beszamitas\/\" \/>\n<meta property=\"og:locale\" content=\"en_GB\" \/>\n<meta property=\"og:type\" content=\"article\" \/>\n<meta property=\"og:title\" content=\"T\u00f6rtarany besz\u00e1m\u00edt\u00e1s\" \/>\n<meta property=\"og:description\" content=\"T\u00f6rtarany besz\u00e1m\u00edt\u00e1s Legyen sz\u00f3 b\u00e1rmilyen nemesf\u00e9mr\u0151l, az \u00e9rt\u00e9ket k\u00e9pviselhet. K\u00e9rd\u00e9s, hogy tudsz-e vele \u00e9lni? Ha ugyanis egy sosem hordott, nem kedvelt, esetleg s\u00e9r\u00fclt aranyt\u00e1rgy lapul a szekr\u00e9nyed m\u00e9ly\u00e9n t\u00fal sok haszn\u00e1t nem l\u00e1tod. Hozd be hozz\u00e1nk \u00e9s cser\u00e9ld egy csodasz\u00e9p brill gy\u0171r\u0171re. T\u00f6rt aranyadat a napi vil\u00e1gpiaci \u00e1r 95%-\u00e1n besz\u00e1m\u00edtjuk kedvenc \u00e9kszered \u00e1r\u00e1ba. Az aktu\u00e1lis [&hellip;]\" \/>\n<meta property=\"og:url\" content=\"https:\/\/brillancy.hu\/en\/tortarany-beszamitas\/\" \/>\n<meta property=\"og:site_name\" content=\"Brillancy\" \/>\n<meta property=\"article:modified_time\" content=\"2024-11-20T10:06:34+00:00\" \/>\n<meta name=\"twitter:card\" content=\"summary_large_image\" \/>\n<meta name=\"twitter:label1\" content=\"Estimated reading time\" \/>\n\t<meta name=\"twitter:data1\" content=\"1 minute\" \/>\n<script type=\"application\/ld+json\" class=\"yoast-schema-graph\">{\"@context\":\"https:\/\/schema.org\",\"@graph\":[{\"@type\":\"WebPage\",\"@id\":\"https:\/\/brillancy.hu\/tortarany-beszamitas\/\",\"url\":\"https:\/\/brillancy.hu\/tortarany-beszamitas\/\",\"name\":\"T\u00f6rtarany besz\u00e1m\u00edt\u00e1s - Brillancy\",\"isPartOf\":{\"@id\":\"https:\/\/brillancy.hu\/#website\"},\"datePublished\":\"2024-11-20T10:05:58+00:00\",\"dateModified\":\"2024-11-20T10:06:34+00:00\",\"breadcrumb\":{\"@id\":\"https:\/\/brillancy.hu\/tortarany-beszamitas\/#breadcrumb\"},\"inLanguage\":\"en-GB\",\"potentialAction\":[{\"@type\":\"ReadAction\",\"target\":[\"https:\/\/brillancy.hu\/tortarany-beszamitas\/\"]}]},{\"@type\":\"BreadcrumbList\",\"@id\":\"https:\/\/brillancy.hu\/tortarany-beszamitas\/#breadcrumb\",\"itemListElement\":[{\"@type\":\"ListItem\",\"position\":1,\"name\":\"Home\",\"item\":\"https:\/\/brillancy.hu\/\"},{\"@type\":\"ListItem\",\"position\":2,\"name\":\"T\u00f6rtarany besz\u00e1m\u00edt\u00e1s\"}]},{\"@type\":\"WebSite\",\"@id\":\"https:\/\/brillancy.hu\/#website\",\"url\":\"https:\/\/brillancy.hu\/\",\"name\":\"Brillancy\",\"description\":\"\",\"potentialAction\":[{\"@type\":\"SearchAction\",\"target\":{\"@type\":\"EntryPoint\",\"urlTemplate\":\"https:\/\/brillancy.hu\/?s={search_term_string}\"},\"query-input\":{\"@type\":\"PropertyValueSpecification\",\"valueRequired\":true,\"valueName\":\"search_term_string\"}}],\"inLanguage\":\"en-GB\"}]}<\/script>\n<!-- \/ Yoast SEO Premium plugin. -->","yoast_head_json":{"title":"T\u00f6rtarany besz\u00e1m\u00edt\u00e1s - Brillancy","robots":{"index":"index","follow":"follow","max-snippet":"max-snippet:-1","max-image-preview":"max-image-preview:large","max-video-preview":"max-video-preview:-1"},"canonical":"https:\/\/brillancy.hu\/en\/tortarany-beszamitas\/","og_locale":"en_GB","og_type":"article","og_title":"T\u00f6rtarany besz\u00e1m\u00edt\u00e1s","og_description":"T\u00f6rtarany besz\u00e1m\u00edt\u00e1s Legyen sz\u00f3 b\u00e1rmilyen nemesf\u00e9mr\u0151l, az \u00e9rt\u00e9ket k\u00e9pviselhet. K\u00e9rd\u00e9s, hogy tudsz-e vele \u00e9lni? Ha ugyanis egy sosem hordott, nem kedvelt, esetleg s\u00e9r\u00fclt aranyt\u00e1rgy lapul a szekr\u00e9nyed m\u00e9ly\u00e9n t\u00fal sok haszn\u00e1t nem l\u00e1tod. Hozd be hozz\u00e1nk \u00e9s cser\u00e9ld egy csodasz\u00e9p brill gy\u0171r\u0171re. T\u00f6rt aranyadat a napi vil\u00e1gpiaci \u00e1r 95%-\u00e1n besz\u00e1m\u00edtjuk kedvenc \u00e9kszered \u00e1r\u00e1ba. Az aktu\u00e1lis [&hellip;]","og_url":"https:\/\/brillancy.hu\/en\/tortarany-beszamitas\/","og_site_name":"Brillancy","article_modified_time":"2024-11-20T10:06:34+00:00","twitter_card":"summary_large_image","twitter_misc":{"Estimated reading time":"1 minute"},"schema":{"@context":"https:\/\/schema.org","@graph":[{"@type":"WebPage","@id":"https:\/\/brillancy.hu\/tortarany-beszamitas\/","url":"https:\/\/brillancy.hu\/tortarany-beszamitas\/","name":"T\u00f6rtarany besz\u00e1m\u00edt\u00e1s - Brillancy","isPartOf":{"@id":"https:\/\/brillancy.hu\/#website"},"datePublished":"2024-11-20T10:05:58+00:00","dateModified":"2024-11-20T10:06:34+00:00","breadcrumb":{"@id":"https:\/\/brillancy.hu\/tortarany-beszamitas\/#breadcrumb"},"inLanguage":"en-GB","potentialAction":[{"@type":"ReadAction","target":["https:\/\/brillancy.hu\/tortarany-beszamitas\/"]}]},{"@type":"BreadcrumbList","@id":"https:\/\/brillancy.hu\/tortarany-beszamitas\/#breadcrumb","itemListElement":[{"@type":"ListItem","position":1,"name":"Home","item":"https:\/\/brillancy.hu\/"},{"@type":"ListItem","position":2,"name":"T\u00f6rtarany besz\u00e1m\u00edt\u00e1s"}]},{"@type":"WebSite","@id":"https:\/\/brillancy.hu\/#website","url":"https:\/\/brillancy.hu\/","name":"Brillancy","description":"","potentialAction":[{"@type":"SearchAction","target":{"@type":"EntryPoint","urlTemplate":"https:\/\/brillancy.hu\/?s={search_term_string}"},"query-input":{"@type":"PropertyValueSpecification","valueRequired":true,"valueName":"search_term_string"}}],"inLanguage":"en-GB"}]}},"_links":{"self":[{"href":"https:\/\/brillancy.hu\/en\/wp-json\/wp\/v2\/pages\/4761","targetHints":{"allow":["GET"]}}],"collection":[{"href":"https:\/\/brillancy.hu\/en\/wp-json\/wp\/v2\/pages"}],"about":[{"href":"https:\/\/brillancy.hu\/en\/wp-json\/wp\/v2\/types\/page"}],"author":[{"embeddable":true,"href":"https:\/\/brillancy.hu\/en\/wp-json\/wp\/v2\/users\/1"}],"replies":[{"embeddable":true,"href":"https:\/\/brillancy.hu\/en\/wp-json\/wp\/v2\/comments?post=4761"}],"version-history":[{"count":0,"href":"https:\/\/brillancy.hu\/en\/wp-json\/wp\/v2\/pages\/4761\/revisions"}],"wp:attachment":[{"href":"https:\/\/brillancy.hu\/en\/wp-json\/wp\/v2\/media?parent=4761"}],"curies":[{"name":"wp","href":"https:\/\/api.w.org\/{rel}","templated":true}]}}