{"id":4750,"date":"2024-11-20T10:00:01","date_gmt":"2024-11-20T10:00:01","guid":{"rendered":"https:\/\/brillancy.hu\/?page_id=4750"},"modified":"2025-05-12T09:12:36","modified_gmt":"2025-05-12T08:12:36","slug":"ingyenes-szallitas","status":"publish","type":"page","link":"https:\/\/brillancy.hu\/en\/ingyenes-szallitas\/","title":{"rendered":"Free shipping"},"content":{"rendered":"<h1>Free shipping<\/h1>\n<p>If the Buyer selects home delivery during the ordering process, our Company undertakes to send the ordered jewelry free of charge to the Buyer within the specified deadline via GLS courier service.<\/p>\n<ul>\n<li>General rules for free shipping:<\/li>\n<\/ul>\n<p>Our Company covers the delivery costs of orders placed in the online store or our showroom. If the Buyer returns the jewelry due to size issues or repairs, the Buyer is responsible for the new shipping costs. Our Company will cover the reshipping costs only if the size issue or damage is attributable to the Company.<\/p>\n<ul>\n<li>Delivery method:<\/li>\n<\/ul>\n<p>Orders placed in the online store are delivered via GLS courier service. The courier delivers orders Monday to Friday between 08:00 and 17:00.<\/p>\n<p>If the Buyer is not present at the specified address during this period, it is advisable to provide an alternative delivery address (e.g., workplace) where the Buyer can definitely receive the ordered product during the delivery time.<\/p>\n<p>If the courier cannot find anyone at the specified address, they will leave their contact details and arrange a delivery appointment for the next day or a subsequent day.<\/p>\n<p>If the Buyer is not present at the delivery address at the scheduled time, the GLS courier will leave a notification at the delivery address. Using the number on the notification, the Buyer can arrange a new delivery address and time with GLS. The courier service will attempt delivery of the ordered products one more time.<\/p>\n<p>The courier will attempt delivery twice at most; however, if the second attempt also fails due to reasons attributable to the Buyer, the second delivery cost will be charged to the Buyer.<\/p>\n<p>Receiving the product from the GLS courier and signing the delivery document means that the quantity and quality acceptance of the product has taken place, and the Buyer can only exercise the right of withdrawal after acceptance. Therefore, the Company cannot accept quantity or quality complaints after the courier has left.<\/p>\n<p>By signing the delivery note, the Buyer acknowledges that the received package, both externally and internally, complies with the order (the package contents are intact and the packaging or product is not damaged).<\/p>\n<p>If the Buyer notices damage to the product or packaging upon receipt, a damage report must be requested from the person performing the delivery. If the packaging or product is visibly damaged at the time of receipt and the damage occurred prior to receiving the goods, the Company guarantees free return of the product. The Company does not accept liability for damage detected after receipt.<\/p>\n<ul>\n<li>Return information:<\/li>\n<\/ul>\n<p>Our products are custom-made. Each product is tailored personally, so full-price returns are not possible. However, products can be returned to the following address: 1065 Budapest, Podmaniczky Street 4. \/ Brillancy Jewelry Manufactory. If the finished jewelry is not needed, please contact us as soon as possible via email at info@brillancy.hu, and we will prepare a personalized buy-back offer for you.\u00a0<\/p>\n\n\n<p><\/p>","protected":false},"excerpt":{"rendered":"<p>Ingyenes sz\u00e1ll\u00edt\u00e1s Amennyiben a V\u00e1s\u00e1rl\u00f3 a h\u00e1zhozsz\u00e1ll\u00edt\u00e1st jel\u00f6lte meg a megrendel\u00e9s folyam\u00e1n, \u00fagy C\u00e9g\u00fcnk v\u00e1llalja, hogy a GLS fut\u00e1rszolg\u00e1lattal a megadott hat\u00e1rid\u0151n bel\u00fcl ingyenesen elk\u00fcldi V\u00e1s\u00e1rl\u00f3 r\u00e9sz\u00e9re a megrendelt \u00e9kszert. Az ingyenes sz\u00e1ll\u00edt\u00e1sra vonatkoz\u00f3 \u00e1ltal\u00e1nos szab\u00e1lyok: C\u00e9g\u00fcnk a Web\u00e1ruh\u00e1zban, illetve bemutat\u00f3term\u00fcnkben leadott megrendel\u00e9sek kisz\u00e1ll\u00edt\u00e1si k\u00f6lts\u00e9geit v\u00e1llalja \u00e1t a V\u00e1s\u00e1rl\u00f3t\u00f3l. Amennyiben a V\u00e1s\u00e1rl\u00f3 m\u00e9rethiba vagy jav\u00edt\u00e1s [&hellip;]<\/p>\n","protected":false},"author":1,"featured_media":0,"parent":0,"menu_order":0,"comment_status":"closed","ping_status":"closed","template":"","meta":{"footnotes":""},"class_list":["post-4750","page","type-page","status-publish","hentry"],"yoast_head":"<!-- This site is optimized with the Yoast SEO Premium plugin v27.0 (Yoast SEO v27.0) - https:\/\/yoast.com\/product\/yoast-seo-premium-wordpress\/ -->\n<title>Ingyenes sz\u00e1ll\u00edt\u00e1s - Brillancy<\/title>\n<meta name=\"description\" content=\"Amennyiben a V\u00e1s\u00e1rl\u00f3 a h\u00e1zhozsz\u00e1ll\u00edt\u00e1st jel\u00f6lte meg a megrendel\u00e9s folyam\u00e1n,C\u00e9g\u00fcnk v\u00e1llalja,hogy GLS fut\u00e1rral k\u00fcldj\u00fck ki a csomagot\" \/>\n<meta name=\"robots\" content=\"index, follow, max-snippet:-1, max-image-preview:large, max-video-preview:-1\" \/>\n<link rel=\"canonical\" href=\"https:\/\/brillancy.hu\/en\/ingyenes-szallitas\/\" \/>\n<meta property=\"og:locale\" content=\"en_GB\" \/>\n<meta property=\"og:type\" content=\"article\" \/>\n<meta property=\"og:title\" content=\"Ingyenes sz\u00e1ll\u00edt\u00e1s\" \/>\n<meta property=\"og:description\" content=\"Amennyiben a V\u00e1s\u00e1rl\u00f3 a h\u00e1zhozsz\u00e1ll\u00edt\u00e1st jel\u00f6lte meg a megrendel\u00e9s folyam\u00e1n,C\u00e9g\u00fcnk v\u00e1llalja,hogy GLS fut\u00e1rral k\u00fcldj\u00fck ki a csomagot\" \/>\n<meta property=\"og:url\" content=\"https:\/\/brillancy.hu\/en\/ingyenes-szallitas\/\" \/>\n<meta property=\"og:site_name\" content=\"Brillancy\" \/>\n<meta property=\"article:modified_time\" content=\"2025-05-12T08:12:36+00:00\" \/>\n<meta name=\"twitter:card\" content=\"summary_large_image\" \/>\n<meta name=\"twitter:label1\" content=\"Estimated reading time\" \/>\n\t<meta name=\"twitter:data1\" content=\"3 minutes\" \/>\n<script type=\"application\/ld+json\" class=\"yoast-schema-graph\">{\"@context\":\"https:\/\/schema.org\",\"@graph\":[{\"@type\":\"WebPage\",\"@id\":\"https:\/\/brillancy.hu\/ingyenes-szallitas\/\",\"url\":\"https:\/\/brillancy.hu\/ingyenes-szallitas\/\",\"name\":\"Ingyenes sz\u00e1ll\u00edt\u00e1s - Brillancy\",\"isPartOf\":{\"@id\":\"https:\/\/brillancy.hu\/#website\"},\"datePublished\":\"2024-11-20T10:00:01+00:00\",\"dateModified\":\"2025-05-12T08:12:36+00:00\",\"description\":\"Amennyiben a V\u00e1s\u00e1rl\u00f3 a h\u00e1zhozsz\u00e1ll\u00edt\u00e1st jel\u00f6lte meg a megrendel\u00e9s folyam\u00e1n,C\u00e9g\u00fcnk v\u00e1llalja,hogy GLS fut\u00e1rral k\u00fcldj\u00fck ki a csomagot\",\"breadcrumb\":{\"@id\":\"https:\/\/brillancy.hu\/ingyenes-szallitas\/#breadcrumb\"},\"inLanguage\":\"en-GB\",\"potentialAction\":[{\"@type\":\"ReadAction\",\"target\":[\"https:\/\/brillancy.hu\/ingyenes-szallitas\/\"]}]},{\"@type\":\"BreadcrumbList\",\"@id\":\"https:\/\/brillancy.hu\/ingyenes-szallitas\/#breadcrumb\",\"itemListElement\":[{\"@type\":\"ListItem\",\"position\":1,\"name\":\"Home\",\"item\":\"https:\/\/brillancy.hu\/\"},{\"@type\":\"ListItem\",\"position\":2,\"name\":\"Ingyenes sz\u00e1ll\u00edt\u00e1s\"}]},{\"@type\":\"WebSite\",\"@id\":\"https:\/\/brillancy.hu\/#website\",\"url\":\"https:\/\/brillancy.hu\/\",\"name\":\"Brillancy\",\"description\":\"\",\"potentialAction\":[{\"@type\":\"SearchAction\",\"target\":{\"@type\":\"EntryPoint\",\"urlTemplate\":\"https:\/\/brillancy.hu\/?s={search_term_string}\"},\"query-input\":{\"@type\":\"PropertyValueSpecification\",\"valueRequired\":true,\"valueName\":\"search_term_string\"}}],\"inLanguage\":\"en-GB\"}]}<\/script>\n<!-- \/ Yoast SEO Premium plugin. -->","yoast_head_json":{"title":"Ingyenes sz\u00e1ll\u00edt\u00e1s - Brillancy","description":"Amennyiben a V\u00e1s\u00e1rl\u00f3 a h\u00e1zhozsz\u00e1ll\u00edt\u00e1st jel\u00f6lte meg a megrendel\u00e9s folyam\u00e1n,C\u00e9g\u00fcnk v\u00e1llalja,hogy GLS fut\u00e1rral k\u00fcldj\u00fck ki a csomagot","robots":{"index":"index","follow":"follow","max-snippet":"max-snippet:-1","max-image-preview":"max-image-preview:large","max-video-preview":"max-video-preview:-1"},"canonical":"https:\/\/brillancy.hu\/en\/ingyenes-szallitas\/","og_locale":"en_GB","og_type":"article","og_title":"Ingyenes sz\u00e1ll\u00edt\u00e1s","og_description":"Amennyiben a V\u00e1s\u00e1rl\u00f3 a h\u00e1zhozsz\u00e1ll\u00edt\u00e1st jel\u00f6lte meg a megrendel\u00e9s folyam\u00e1n,C\u00e9g\u00fcnk v\u00e1llalja,hogy GLS fut\u00e1rral k\u00fcldj\u00fck ki a csomagot","og_url":"https:\/\/brillancy.hu\/en\/ingyenes-szallitas\/","og_site_name":"Brillancy","article_modified_time":"2025-05-12T08:12:36+00:00","twitter_card":"summary_large_image","twitter_misc":{"Estimated reading time":"3 minutes"},"schema":{"@context":"https:\/\/schema.org","@graph":[{"@type":"WebPage","@id":"https:\/\/brillancy.hu\/ingyenes-szallitas\/","url":"https:\/\/brillancy.hu\/ingyenes-szallitas\/","name":"Ingyenes sz\u00e1ll\u00edt\u00e1s - Brillancy","isPartOf":{"@id":"https:\/\/brillancy.hu\/#website"},"datePublished":"2024-11-20T10:00:01+00:00","dateModified":"2025-05-12T08:12:36+00:00","description":"Amennyiben a V\u00e1s\u00e1rl\u00f3 a h\u00e1zhozsz\u00e1ll\u00edt\u00e1st jel\u00f6lte meg a megrendel\u00e9s folyam\u00e1n,C\u00e9g\u00fcnk v\u00e1llalja,hogy GLS fut\u00e1rral k\u00fcldj\u00fck ki a csomagot","breadcrumb":{"@id":"https:\/\/brillancy.hu\/ingyenes-szallitas\/#breadcrumb"},"inLanguage":"en-GB","potentialAction":[{"@type":"ReadAction","target":["https:\/\/brillancy.hu\/ingyenes-szallitas\/"]}]},{"@type":"BreadcrumbList","@id":"https:\/\/brillancy.hu\/ingyenes-szallitas\/#breadcrumb","itemListElement":[{"@type":"ListItem","position":1,"name":"Home","item":"https:\/\/brillancy.hu\/"},{"@type":"ListItem","position":2,"name":"Ingyenes sz\u00e1ll\u00edt\u00e1s"}]},{"@type":"WebSite","@id":"https:\/\/brillancy.hu\/#website","url":"https:\/\/brillancy.hu\/","name":"Brillancy","description":"","potentialAction":[{"@type":"SearchAction","target":{"@type":"EntryPoint","urlTemplate":"https:\/\/brillancy.hu\/?s={search_term_string}"},"query-input":{"@type":"PropertyValueSpecification","valueRequired":true,"valueName":"search_term_string"}}],"inLanguage":"en-GB"}]}},"_links":{"self":[{"href":"https:\/\/brillancy.hu\/en\/wp-json\/wp\/v2\/pages\/4750","targetHints":{"allow":["GET"]}}],"collection":[{"href":"https:\/\/brillancy.hu\/en\/wp-json\/wp\/v2\/pages"}],"about":[{"href":"https:\/\/brillancy.hu\/en\/wp-json\/wp\/v2\/types\/page"}],"author":[{"embeddable":true,"href":"https:\/\/brillancy.hu\/en\/wp-json\/wp\/v2\/users\/1"}],"replies":[{"embeddable":true,"href":"https:\/\/brillancy.hu\/en\/wp-json\/wp\/v2\/comments?post=4750"}],"version-history":[{"count":0,"href":"https:\/\/brillancy.hu\/en\/wp-json\/wp\/v2\/pages\/4750\/revisions"}],"wp:attachment":[{"href":"https:\/\/brillancy.hu\/en\/wp-json\/wp\/v2\/media?parent=4750"}],"curies":[{"name":"wp","href":"https:\/\/api.w.org\/{rel}","templated":true}]}}