{"id":340,"date":"2024-11-06T15:40:59","date_gmt":"2024-11-06T15:40:59","guid":{"rendered":"https:\/\/brillancy.hu\/?page_id=340"},"modified":"2024-11-06T15:43:57","modified_gmt":"2024-11-06T15:43:57","slug":"jelszo-visszaallitasa","status":"publish","type":"page","link":"https:\/\/brillancy.hu\/en\/jelszo-visszaallitasa\/","title":{"rendered":"jelsz\u00f3 vissza\u00e1ll\u00edt\u00e1sa"},"content":{"rendered":"<div data-elementor-type=\"wp-page\" data-elementor-id=\"340\" class=\"elementor elementor-340\" data-elementor-post-type=\"page\">\n\t\t\t\t<div class=\"elementor-element elementor-element-1ce2dcf e-flex e-con-boxed e-con e-parent\" data-id=\"1ce2dcf\" data-element_type=\"container\" data-e-type=\"container\" data-settings=\"{&quot;jet_parallax_layout_list&quot;:[]}\">\n\t\t\t\t\t<div class=\"e-con-inner\">\n\t\t\t\t<div class=\"elementor-element elementor-element-f00cd25 elementor-widget elementor-widget-jet-reset\" data-id=\"f00cd25\" data-element_type=\"widget\" data-e-type=\"widget\" data-widget_type=\"jet-reset.default\">\n\t\t\t\t<div class=\"elementor-widget-container\">\n\t\t\t\t\t\n<div class=\"jet-reset\">\n\n\t\n\t\n\t<form id=\"lostpasswordform\" class=\"jet-reset__form\" name=\"lostpasswordform\" method=\"post\" action=\"\">\n\n\t\t\n\t\t\t<legend class=\"jet-reset__form-title\">Reset Password<\/legend>\n\n\t\t\n\t\t\n\t\t\t<div class=\"jet-reset__form-text\">\n\t\t\t\t<p>Please enter your email address or username. You will receive a link via email to create a new password.<\/p>\n\t\t\t<\/div>\n\n\t\t\n\t\t<p class=\"jet_reset__user-info\">\n\n\t\t\t<label for=\"jet_reset_user_info\">Username or email address<\/label>\n\t\t\t<input class=\"input\" type=\"text\" name=\"jet_reset_user_info\" id=\"jet_reset_user_info\">\n\n\t\t<\/p>\n\n\t\t<div class=\"jet-reset__submit\">\n\n\t\t\t<input type=\"hidden\" id=\"jet_reset_nonce\" name=\"jet_reset_nonce\" value=\"a099b5cd77\" \/><input type=\"hidden\" name=\"_wp_http_referer\" value=\"\/en\/wp-json\/wp\/v2\/pages\/340\" \/>\t\t\t<input type=\"hidden\" name=\"submitted\" id=\"submitted\" value=\"true\">\n\t\t\t<input type=\"hidden\" name=\"jet_reset_action\" id=\"jet_reset_post_action\" value=\"jet_reset_lost_pass\">\n\t\t\t<button type=\"submit\" id=\"jet-reset-pass-submit\" name=\"jet-reset-pass-submit\" class=\"button button-primary jet-reset__button\">Reset Password<\/button>\n\n\t\t<\/div>\n\n\t<input type=\"hidden\" name=\"trp-form-language\" value=\"en\"\/><\/form>\n\n\t\n<\/div>\t\t\t\t<\/div>\n\t\t\t\t<\/div>\n\t\t\t\t\t<\/div>\n\t\t\t\t<\/div>\n\t\t\t\t<\/div>","protected":false},"excerpt":{"rendered":"<p>Jelsz\u00f3 vissza\u00e1ll\u00edt\u00e1sa K\u00e9rj\u00fck, adja meg e-mail c\u00edm\u00e9t vagy felhaszn\u00e1l\u00f3nev\u00e9t. E-mailben kapni fog egy linket az \u00faj jelsz\u00f3 l\u00e9trehoz\u00e1s\u00e1hoz. E-mail c\u00edm vagy felhaszn\u00e1l\u00f3n\u00e9v Jelsz\u00f3 vissza\u00e1ll\u00edt\u00e1sa<\/p>","protected":false},"author":1,"featured_media":0,"parent":0,"menu_order":0,"comment_status":"closed","ping_status":"closed","template":"","meta":{"footnotes":""},"class_list":["post-340","page","type-page","status-publish","hentry"],"yoast_head":"<!-- This site is optimized with the Yoast SEO Premium plugin v27.0 (Yoast SEO v27.0) - https:\/\/yoast.com\/product\/yoast-seo-premium-wordpress\/ -->\n<title>jelsz\u00f3 vissza\u00e1ll\u00edt\u00e1sa - Brillancy<\/title>\n<meta name=\"robots\" content=\"index, follow, max-snippet:-1, max-image-preview:large, max-video-preview:-1\" \/>\n<link rel=\"canonical\" href=\"https:\/\/brillancy.hu\/en\/jelszo-visszaallitasa\/\" \/>\n<meta property=\"og:locale\" content=\"en_GB\" \/>\n<meta property=\"og:type\" content=\"article\" \/>\n<meta property=\"og:title\" content=\"jelsz\u00f3 vissza\u00e1ll\u00edt\u00e1sa\" \/>\n<meta property=\"og:description\" content=\"Jelsz\u00f3 vissza\u00e1ll\u00edt\u00e1sa K\u00e9rj\u00fck, adja meg e-mail c\u00edm\u00e9t vagy felhaszn\u00e1l\u00f3nev\u00e9t. E-mailben kapni fog egy linket az \u00faj jelsz\u00f3 l\u00e9trehoz\u00e1s\u00e1hoz. E-mail c\u00edm vagy felhaszn\u00e1l\u00f3n\u00e9v Jelsz\u00f3 vissza\u00e1ll\u00edt\u00e1sa\" \/>\n<meta property=\"og:url\" content=\"https:\/\/brillancy.hu\/en\/jelszo-visszaallitasa\/\" \/>\n<meta property=\"og:site_name\" content=\"Brillancy\" \/>\n<meta property=\"article:modified_time\" content=\"2024-11-06T15:43:57+00:00\" \/>\n<meta name=\"twitter:card\" content=\"summary_large_image\" \/>\n<script type=\"application\/ld+json\" class=\"yoast-schema-graph\">{\"@context\":\"https:\/\/schema.org\",\"@graph\":[{\"@type\":\"WebPage\",\"@id\":\"https:\/\/brillancy.hu\/jelszo-visszaallitasa\/\",\"url\":\"https:\/\/brillancy.hu\/jelszo-visszaallitasa\/\",\"name\":\"jelsz\u00f3 vissza\u00e1ll\u00edt\u00e1sa - Brillancy\",\"isPartOf\":{\"@id\":\"https:\/\/brillancy.hu\/#website\"},\"datePublished\":\"2024-11-06T15:40:59+00:00\",\"dateModified\":\"2024-11-06T15:43:57+00:00\",\"breadcrumb\":{\"@id\":\"https:\/\/brillancy.hu\/jelszo-visszaallitasa\/#breadcrumb\"},\"inLanguage\":\"en-GB\",\"potentialAction\":[{\"@type\":\"ReadAction\",\"target\":[\"https:\/\/brillancy.hu\/jelszo-visszaallitasa\/\"]}]},{\"@type\":\"BreadcrumbList\",\"@id\":\"https:\/\/brillancy.hu\/jelszo-visszaallitasa\/#breadcrumb\",\"itemListElement\":[{\"@type\":\"ListItem\",\"position\":1,\"name\":\"Home\",\"item\":\"https:\/\/brillancy.hu\/\"},{\"@type\":\"ListItem\",\"position\":2,\"name\":\"jelsz\u00f3 vissza\u00e1ll\u00edt\u00e1sa\"}]},{\"@type\":\"WebSite\",\"@id\":\"https:\/\/brillancy.hu\/#website\",\"url\":\"https:\/\/brillancy.hu\/\",\"name\":\"Brillancy\",\"description\":\"\",\"potentialAction\":[{\"@type\":\"SearchAction\",\"target\":{\"@type\":\"EntryPoint\",\"urlTemplate\":\"https:\/\/brillancy.hu\/?s={search_term_string}\"},\"query-input\":{\"@type\":\"PropertyValueSpecification\",\"valueRequired\":true,\"valueName\":\"search_term_string\"}}],\"inLanguage\":\"en-GB\"}]}<\/script>\n<!-- \/ Yoast SEO Premium plugin. -->","yoast_head_json":{"title":"jelsz\u00f3 vissza\u00e1ll\u00edt\u00e1sa - Brillancy","robots":{"index":"index","follow":"follow","max-snippet":"max-snippet:-1","max-image-preview":"max-image-preview:large","max-video-preview":"max-video-preview:-1"},"canonical":"https:\/\/brillancy.hu\/en\/jelszo-visszaallitasa\/","og_locale":"en_GB","og_type":"article","og_title":"jelsz\u00f3 vissza\u00e1ll\u00edt\u00e1sa","og_description":"Jelsz\u00f3 vissza\u00e1ll\u00edt\u00e1sa K\u00e9rj\u00fck, adja meg e-mail c\u00edm\u00e9t vagy felhaszn\u00e1l\u00f3nev\u00e9t. E-mailben kapni fog egy linket az \u00faj jelsz\u00f3 l\u00e9trehoz\u00e1s\u00e1hoz. E-mail c\u00edm vagy felhaszn\u00e1l\u00f3n\u00e9v Jelsz\u00f3 vissza\u00e1ll\u00edt\u00e1sa","og_url":"https:\/\/brillancy.hu\/en\/jelszo-visszaallitasa\/","og_site_name":"Brillancy","article_modified_time":"2024-11-06T15:43:57+00:00","twitter_card":"summary_large_image","schema":{"@context":"https:\/\/schema.org","@graph":[{"@type":"WebPage","@id":"https:\/\/brillancy.hu\/jelszo-visszaallitasa\/","url":"https:\/\/brillancy.hu\/jelszo-visszaallitasa\/","name":"jelsz\u00f3 vissza\u00e1ll\u00edt\u00e1sa - Brillancy","isPartOf":{"@id":"https:\/\/brillancy.hu\/#website"},"datePublished":"2024-11-06T15:40:59+00:00","dateModified":"2024-11-06T15:43:57+00:00","breadcrumb":{"@id":"https:\/\/brillancy.hu\/jelszo-visszaallitasa\/#breadcrumb"},"inLanguage":"en-GB","potentialAction":[{"@type":"ReadAction","target":["https:\/\/brillancy.hu\/jelszo-visszaallitasa\/"]}]},{"@type":"BreadcrumbList","@id":"https:\/\/brillancy.hu\/jelszo-visszaallitasa\/#breadcrumb","itemListElement":[{"@type":"ListItem","position":1,"name":"Home","item":"https:\/\/brillancy.hu\/"},{"@type":"ListItem","position":2,"name":"jelsz\u00f3 vissza\u00e1ll\u00edt\u00e1sa"}]},{"@type":"WebSite","@id":"https:\/\/brillancy.hu\/#website","url":"https:\/\/brillancy.hu\/","name":"Brillancy","description":"","potentialAction":[{"@type":"SearchAction","target":{"@type":"EntryPoint","urlTemplate":"https:\/\/brillancy.hu\/?s={search_term_string}"},"query-input":{"@type":"PropertyValueSpecification","valueRequired":true,"valueName":"search_term_string"}}],"inLanguage":"en-GB"}]}},"_links":{"self":[{"href":"https:\/\/brillancy.hu\/en\/wp-json\/wp\/v2\/pages\/340","targetHints":{"allow":["GET"]}}],"collection":[{"href":"https:\/\/brillancy.hu\/en\/wp-json\/wp\/v2\/pages"}],"about":[{"href":"https:\/\/brillancy.hu\/en\/wp-json\/wp\/v2\/types\/page"}],"author":[{"embeddable":true,"href":"https:\/\/brillancy.hu\/en\/wp-json\/wp\/v2\/users\/1"}],"replies":[{"embeddable":true,"href":"https:\/\/brillancy.hu\/en\/wp-json\/wp\/v2\/comments?post=340"}],"version-history":[{"count":0,"href":"https:\/\/brillancy.hu\/en\/wp-json\/wp\/v2\/pages\/340\/revisions"}],"wp:attachment":[{"href":"https:\/\/brillancy.hu\/en\/wp-json\/wp\/v2\/media?parent=340"}],"curies":[{"name":"wp","href":"https:\/\/api.w.org\/{rel}","templated":true}]}}